{"id":26260,"date":"2025-05-28T12:01:45","date_gmt":"2025-05-28T09:01:45","guid":{"rendered":"https:\/\/toolhouse.fi\/?post_type=product&#038;p=26260"},"modified":"2026-02-12T16:16:59","modified_gmt":"2026-02-12T14:16:59","slug":"sm-4000","status":"publish","type":"product","link":"https:\/\/toolhouse.fi\/sv\/produkt\/sm-4000\/","title":{"rendered":"SM-4000 400V"},"content":{"rendered":"<table style=\"height: 986px;\" border=\"0\" width=\"514\" cellspacing=\"0\" cellpadding=\"2\">\n<tbody>\n<tr>\n<td width=\"322\"><strong>H\u00f6gsta till\u00e5tna vikt\u00a0:<\/strong><\/td>\n<td width=\"93\">4000 kg<\/td>\n<\/tr>\n<tr>\n<td bgcolor=\"#f1f1f1\" width=\"322\"><strong>Lyfth\u00f6jd:<\/strong><\/td>\n<td bgcolor=\"#f1f1f1\" width=\"93\">100 \u20131900mm<\/td>\n<\/tr>\n<tr>\n<td width=\"322\"><strong>Mekaniska s\u00e4kerhetsl\u00e5s :<\/strong><\/td>\n<td width=\"93\">Ja<\/td>\n<\/tr>\n<tr>\n<td bgcolor=\"#f1f1f1\" width=\"322\"><strong>Drift\u00a0:<\/strong><\/td>\n<td bgcolor=\"#f1f1f1\" width=\"93\">Hydraulisk<\/td>\n<\/tr>\n<tr>\n<td width=\"322\"><strong>Lyfttid\u00a0:<\/strong><\/td>\n<td width=\"93\">40 sekunder<\/td>\n<\/tr>\n<tr>\n<td bgcolor=\"#f1f1f1\" width=\"322\"><strong>Fr\u00e4mre lyftarmar:\u00a0<\/strong><\/p>\n<p><strong>Bakre lyftarmar:<\/strong><\/td>\n<td bgcolor=\"#f1f1f1\" width=\"93\">L\u00e4ngd 590 &#8211; 1080 mm<\/p>\n<p>L\u00e4ngd 805 &#8211; 1210 mm<\/td>\n<\/tr>\n<tr>\n<td width=\"322\"><b>Bredd mellan pelare:<\/b><\/p>\n<p><strong>Genomk\u00f6rningsbredd:<\/strong><\/td>\n<td width=\"93\">2770 mm<\/p>\n<p>2470 mm<\/td>\n<\/tr>\n<tr>\n<td bgcolor=\"#f1f1f1\" width=\"322\"><b>H\u00f6jd :<\/b><\/td>\n<td bgcolor=\"#f1f1f1\" width=\"93\">2830 mm<\/td>\n<\/tr>\n<tr>\n<td width=\"322\"><b>Bredd\u00a0:<\/b><\/p>\n<p><strong>Vikt:<\/strong><\/td>\n<td width=\"93\">3410 mm<\/p>\n<p>540kg<\/td>\n<\/tr>\n<tr>\n<td bgcolor=\"#f1f1f1\" width=\"322\"><b>Sp\u00e4nning\u00a0:<\/b><\/td>\n<td bgcolor=\"#f1f1f1\" width=\"93\">400V<\/td>\n<\/tr>\n<tr>\n<td width=\"322\"><b>Garanti\u00a0:<\/b><\/td>\n<td width=\"93\">12 m\u00e5nader<\/td>\n<\/tr>\n<tr>\n<td bgcolor=\"#f1f1f1\" width=\"322\"><strong>Ce m\u00e4rkt\u00a0:<\/strong><\/td>\n<td bgcolor=\"#f1f1f1\" width=\"93\">Ja<\/td>\n<\/tr>\n<tr>\n<td width=\"322\"><\/td>\n<td width=\"93\"><\/td>\n<\/tr>\n<tr>\n<td bgcolor=\"#f1f1f1\" width=\"322\"><strong>Motoreffekt:<\/strong><\/td>\n<td bgcolor=\"#f1f1f1\" width=\"93\">2,2kw<\/td>\n<\/tr>\n<tr>\n<td width=\"322\">&nbsp;<\/p>\n<p><strong>Modell<\/strong><\/td>\n<td width=\"93\">&nbsp;<\/p>\n<p>Smart equipment sm-4000<\/td>\n<\/tr>\n<\/tbody>\n<\/table>\n","protected":false},"excerpt":{"rendered":"<p><strong>SM-4000<\/strong><\/p>\n<ul>\n<li>Hydraulisk tv\u00e5pelarlyft.<\/li>\n<li>2-delade bakre lyftarmar<\/li>\n<li>3-delade fr\u00e4mre lyftarmar<\/li>\n<li>400 V<\/li>\n<li>Lyftkapacitet 4000 kg.<\/li>\n<li>Lyfth\u00f6jd 100 \u2013 1900 mm<\/li>\n<li>Mekaniska s\u00e4kerhetsl\u00e5s<\/li>\n<li>L\u00e5sen frig\u00f6rs manuellt p\u00e5 b\u00e5da pelarna<\/li>\n<li>Genomk\u00f6rningsbredd: 2470 mm<\/li>\n<\/ul>\n<p>SMART EQUIPMENT SM-4000 \u00e4r en stabil och p\u00e5litlig tv\u00e5pelarlyft, utformad f\u00f6r fordon upp till 4000 kg. Lyftens robusta konstruktion g\u00f6r den idealisk f\u00f6r dagligt servicearbete. 2-stegs bakre och 3-stegs fr\u00e4mre lyftarmar g\u00f6r det enkelt att anpassa lyften till fordon i olika l\u00e4ngder, \u00e4ven till lite l\u00e4ngre fordon.<\/p>\n<p>SM-4000 \u00e4r som standard utrustad med en p\u00e5litlig hydraulenhet av h\u00f6g kvalitet fr\u00e5n Boucher Hydraulics.<\/p>\n","protected":false},"featured_media":26273,"template":"","meta":{"_acf_changed":false,"_seopress_robots_primary_cat":"none","_seopress_titles_title":"","_seopress_titles_desc":"","_seopress_robots_index":""},"product_cat":[278,458,20],"product_tag":[],"class_list":{"0":"post-26260","1":"product","2":"type-product","3":"status-publish","4":"has-post-thumbnail","6":"product_cat-2-pelarlyft","7":"product_cat-fordonslyftar","8":"product_cat-lyftteknik","10":"first","11":"outofstock","12":"sale","13":"taxable","14":"shipping-taxable","15":"purchasable","16":"product-type-simple","swatches":"rey-swatches","show_selected":""},"acf":[],"_links":{"self":[{"href":"https:\/\/toolhouse.fi\/sv\/wp-json\/wp\/v2\/product\/26260","targetHints":{"allow":["GET"]}}],"collection":[{"href":"https:\/\/toolhouse.fi\/sv\/wp-json\/wp\/v2\/product"}],"about":[{"href":"https:\/\/toolhouse.fi\/sv\/wp-json\/wp\/v2\/types\/product"}],"version-history":[{"count":5,"href":"https:\/\/toolhouse.fi\/sv\/wp-json\/wp\/v2\/product\/26260\/revisions"}],"predecessor-version":[{"id":31228,"href":"https:\/\/toolhouse.fi\/sv\/wp-json\/wp\/v2\/product\/26260\/revisions\/31228"}],"wp:featuredmedia":[{"embeddable":true,"href":"https:\/\/toolhouse.fi\/sv\/wp-json\/wp\/v2\/media\/26273"}],"wp:attachment":[{"href":"https:\/\/toolhouse.fi\/sv\/wp-json\/wp\/v2\/media?parent=26260"}],"wp:term":[{"taxonomy":"product_cat","embeddable":true,"href":"https:\/\/toolhouse.fi\/sv\/wp-json\/wp\/v2\/product_cat?post=26260"},{"taxonomy":"product_tag","embeddable":true,"href":"https:\/\/toolhouse.fi\/sv\/wp-json\/wp\/v2\/product_tag?post=26260"}],"curies":[{"name":"wp","href":"https:\/\/api.w.org\/{rel}","templated":true}]}}