{"id":26302,"date":"2025-05-30T16:26:05","date_gmt":"2025-05-30T13:26:05","guid":{"rendered":"https:\/\/toolhouse.fi\/?post_type=product&#038;p=26302"},"modified":"2025-11-19T14:36:09","modified_gmt":"2025-11-19T12:36:09","slug":"spindelledsverktyg-21-delar","status":"publish","type":"product","link":"https:\/\/toolhouse.fi\/sv\/produkt\/spindelledsverktyg-21-delar\/","title":{"rendered":"Spindelledsverktyg 21 delar"},"content":{"rendered":"","protected":false},"excerpt":{"rendered":"<p><strong>Verktyg f\u00f6r montering och demontering av spindelleder mm<\/strong><br \/>\nStor serie i 21 delar med hylsor och adaptrar som passar de flesta fordon.<\/p>\n<p>Ett verktyg utformat f\u00f6r att enkelt installera eller ta bort pressade element som spindelleder med mera. Verktygen \u00e4r tillverkade av gjutj\u00e4rn och h\u00e4rdat kolst\u00e5l f\u00f6r h\u00f6g h\u00e5llbarhet. Levereras i en robust plastv\u00e4ska f\u00f6r enkel f\u00f6rvaring och transport.<\/p>\n<p><strong>Anv\u00e4ndningsomr\u00e5de:<\/strong><br \/>\nL\u00e4mplig f\u00f6r en m\u00e4ngd olika person- och sk\u00e5pbilar samt terr\u00e4ngfordon, passar \u00e4ven Dana 30- och 44-framaxlar.<\/p>\n<p>&nbsp;<\/p>\n<p><strong>Inneh\u00e5ll i satsen:<\/strong><\/p>\n<ul>\n<li><span style=\"color: #333333;\">C-formad skruvpress<\/span><\/li>\n<li><span style=\"color: #333333;\">Centreringstapp<\/span><\/li>\n<li><span style=\"color: #333333;\">Genomg\u00e5ende hylsor<\/span><\/li>\n<li><span style=\"color: #333333;\">Externa monteringsadaptrar<\/span><\/li>\n<li><span style=\"color: #333333;\">Inv\u00e4ndiga monteringshylsor<\/span><\/li>\n<li><span style=\"color: #333333;\">Externa adaptrar<\/span><\/li>\n<li><span style=\"color: #333333;\">Inv\u00e4ndig stegadapter f\u00f6r montering<\/span><\/li>\n<li><span style=\"color: #333333;\">Stegad extern demonteringsadapter<\/span><\/li>\n<\/ul>\n","protected":false},"featured_media":26429,"template":"","meta":{"_acf_changed":false,"_seopress_robots_primary_cat":"none","_seopress_titles_title":"","_seopress_titles_desc":"","_seopress_robots_index":""},"product_cat":[585,21],"product_tag":[],"class_list":{"0":"post-26302","1":"product","2":"type-product","3":"status-publish","4":"has-post-thumbnail","6":"product_cat-verktyg-for-underrede-och-transmission","7":"product_cat-verkstadsutrustning","9":"first","10":"outofstock","11":"taxable","12":"shipping-taxable","13":"purchasable","14":"product-type-simple","swatches":"rey-swatches","show_selected":""},"acf":[],"_links":{"self":[{"href":"https:\/\/toolhouse.fi\/sv\/wp-json\/wp\/v2\/product\/26302","targetHints":{"allow":["GET"]}}],"collection":[{"href":"https:\/\/toolhouse.fi\/sv\/wp-json\/wp\/v2\/product"}],"about":[{"href":"https:\/\/toolhouse.fi\/sv\/wp-json\/wp\/v2\/types\/product"}],"version-history":[{"count":3,"href":"https:\/\/toolhouse.fi\/sv\/wp-json\/wp\/v2\/product\/26302\/revisions"}],"predecessor-version":[{"id":29486,"href":"https:\/\/toolhouse.fi\/sv\/wp-json\/wp\/v2\/product\/26302\/revisions\/29486"}],"wp:featuredmedia":[{"embeddable":true,"href":"https:\/\/toolhouse.fi\/sv\/wp-json\/wp\/v2\/media\/26429"}],"wp:attachment":[{"href":"https:\/\/toolhouse.fi\/sv\/wp-json\/wp\/v2\/media?parent=26302"}],"wp:term":[{"taxonomy":"product_cat","embeddable":true,"href":"https:\/\/toolhouse.fi\/sv\/wp-json\/wp\/v2\/product_cat?post=26302"},{"taxonomy":"product_tag","embeddable":true,"href":"https:\/\/toolhouse.fi\/sv\/wp-json\/wp\/v2\/product_tag?post=26302"}],"curies":[{"name":"wp","href":"https:\/\/api.w.org\/{rel}","templated":true}]}}