{"id":26497,"date":"2025-06-10T09:09:00","date_gmt":"2025-06-10T06:09:00","guid":{"rendered":"https:\/\/toolhouse.fi\/?post_type=product&#038;p=26497"},"modified":"2026-03-27T10:13:02","modified_gmt":"2026-03-27T08:13:02","slug":"pallbock-par-12t","status":"publish","type":"product","link":"https:\/\/toolhouse.fi\/sv\/produkt\/pallbock-par-12t\/","title":{"rendered":"Pallbock par 12T"},"content":{"rendered":"","protected":false},"excerpt":{"rendered":"<p><strong>Rej\u00e4la 12-tons pallbockar med stabil och s\u00e4ker l\u00e5smekanism samt gener\u00f6s h\u00f6jdjustering p\u00e5 49\u201376 cm<\/strong><\/p>\n<ul>\n<li>H\u00f6jd 490 &#8211; 760 mm.<\/li>\n<li>Vikt 12 kg\/st<\/li>\n<li>L\u00e5sbara i 13 olika l\u00e4gen.<\/li>\n<li data-start=\"97\" data-end=\"129\">Robust och s\u00e4ker l\u00e5smekanism<\/li>\n<li>Levereras parvis.<\/li>\n<\/ul>\n<table class=\"n54117_dictionary\">\n<tbody>\n<tr>\n<td class=\"n54117_item_a1\">Tillverkare\u00a0<span class=\"n67256colon\">:<\/span><\/td>\n<td class=\"n54117_item_b1\">\n<div class=\"n54117_item_b_sub\"><span class=\"n54117_name_sub\">Smart equipment<\/span><\/div>\n<\/td>\n<\/tr>\n<tr>\n<td class=\"n54117_item_a2\">Kapacitet\u00a0<span class=\"n67256colon\">:<\/span><\/td>\n<td class=\"n54117_item_b2\">\n<div class=\"n54117_item_b_sub\">12000 kg<\/div>\n<\/td>\n<\/tr>\n<tr>\n<td class=\"n54117_item_a1\"><span class=\"n67256colon\">Min h\u00f6jd :<\/span><\/td>\n<td class=\"n54117_item_b1\">\n<div class=\"n54117_item_b_sub\">490 mm<\/div>\n<\/td>\n<\/tr>\n<tr>\n<td class=\"n54117_item_a2\"><span class=\"n67256colon\">Max h\u00f6jd :<\/span><\/td>\n<td class=\"n54117_item_b2\">\n<div class=\"n54117_item_b_sub\">760 mm<\/div>\n<\/td>\n<\/tr>\n<tr>\n<td class=\"n54117_item_a1\"><span class=\"n67256colon\">storlek bas :(L x B)<\/span><\/td>\n<td class=\"n54117_item_b1\">330 x 300 mm<\/td>\n<\/tr>\n<tr>\n<td class=\"n54117_item_a2\"><span class=\"n67256colon\">Vikt :<\/span><\/td>\n<td class=\"n54117_item_b2\">\n<div class=\"n54117_item_b_sub\">24 kg(2st)<\/div>\n<\/td>\n<\/tr>\n<tr>\n<td class=\"n54117_item_a1\">Garanti :<\/td>\n<td class=\"n54117_item_b1\">\n<div class=\"n54117_item_b_sub\">12 m\u00e5nader<\/div>\n<\/td>\n<\/tr>\n<tr>\n<td class=\"n54117_item_a2\">Ce-godk\u00e4nd<\/td>\n<td class=\"n54117_item_b2\">\n<div class=\"n54117_item_b_sub\">\n<div class=\"n54117_item_b_sub\">Ja<\/div>\n<\/div>\n<\/td>\n<\/tr>\n<\/tbody>\n<\/table>\n","protected":false},"featured_media":26511,"template":"","meta":{"_acf_changed":false,"_seopress_robots_primary_cat":"none","_seopress_titles_title":"","_seopress_titles_desc":"","_seopress_robots_index":""},"product_cat":[283,20],"product_tag":[],"class_list":{"0":"post-26497","1":"product","2":"type-product","3":"status-publish","4":"has-post-thumbnail","6":"product_cat-domkraft-pallbock","7":"product_cat-lyftteknik","9":"first","10":"instock","11":"sale","12":"taxable","13":"shipping-taxable","14":"purchasable","15":"product-type-simple","swatches":"rey-swatches","show_selected":""},"acf":[],"_links":{"self":[{"href":"https:\/\/toolhouse.fi\/sv\/wp-json\/wp\/v2\/product\/26497","targetHints":{"allow":["GET"]}}],"collection":[{"href":"https:\/\/toolhouse.fi\/sv\/wp-json\/wp\/v2\/product"}],"about":[{"href":"https:\/\/toolhouse.fi\/sv\/wp-json\/wp\/v2\/types\/product"}],"version-history":[{"count":0,"href":"https:\/\/toolhouse.fi\/sv\/wp-json\/wp\/v2\/product\/26497\/revisions"}],"wp:featuredmedia":[{"embeddable":true,"href":"https:\/\/toolhouse.fi\/sv\/wp-json\/wp\/v2\/media\/26511"}],"wp:attachment":[{"href":"https:\/\/toolhouse.fi\/sv\/wp-json\/wp\/v2\/media?parent=26497"}],"wp:term":[{"taxonomy":"product_cat","embeddable":true,"href":"https:\/\/toolhouse.fi\/sv\/wp-json\/wp\/v2\/product_cat?post=26497"},{"taxonomy":"product_tag","embeddable":true,"href":"https:\/\/toolhouse.fi\/sv\/wp-json\/wp\/v2\/product_tag?post=26497"}],"curies":[{"name":"wp","href":"https:\/\/api.w.org\/{rel}","templated":true}]}}