{"id":26531,"date":"2025-06-10T11:19:00","date_gmt":"2025-06-10T08:19:00","guid":{"rendered":"https:\/\/toolhouse.fi\/?post_type=product&#038;p=26531"},"modified":"2025-07-30T11:53:49","modified_gmt":"2025-07-30T08:53:49","slug":"rotake-mutterdragare-1-2-1680nm","status":"publish","type":"product","link":"https:\/\/toolhouse.fi\/sv\/produkt\/rotake-mutterdragare-1-2-1680nm\/","title":{"rendered":"Rotake mutterdragare 1\/2\u201d 1680Nm"},"content":{"rendered":"<table class=\"n54117_dictionary\">\n<tbody>\n<tr>\n<td class=\"n54117_item_a1\">Tillverkare\u00a0<span class=\"n67256colon\">:<\/span><\/td>\n<td class=\"n54117_item_b1\">\n<div class=\"n54117_item_b_sub\"><span class=\"n54117_name_sub\">Rotake<\/span><\/div>\n<\/td>\n<\/tr>\n<tr>\n<td class=\"n54117_item_a2\">Max moment\u00a0<span class=\"n67256colon\">:<\/span><\/td>\n<td class=\"n54117_item_b2\">\n<div class=\"n54117_item_b_sub\">1680 Nm<\/div>\n<\/td>\n<\/tr>\n<tr>\n<td class=\"n54117_item_a1\">Arbetstryck\u00a0<span class=\"n67256colon\">:<\/span><\/td>\n<td class=\"n54117_item_b1\">\n<div class=\"n54117_item_b_sub\">6.2 Bar<\/div>\n<\/td>\n<\/tr>\n<tr>\n<td class=\"n54117_item_a2\">Ljudniv\u00e5\u00a0<span class=\"n67256colon\">:<\/span><\/td>\n<td class=\"n54117_item_b2\">\n<div class=\"n54117_item_b_sub\">80 dBA<\/div>\n<\/td>\n<\/tr>\n<tr>\n<td class=\"n54117_item_a1\">Inkluderat\u00a0<span class=\"n67256colon\">:<\/span><\/td>\n<td class=\"n54117_item_b1\">\n<div class=\"n54117_item_b_sub\">\u00bcr luftkoppling<\/div>\n<\/td>\n<\/tr>\n<tr>\n<td class=\"n54117_item_a2\">Luftf\u00f6rbrukning\u00a0<span class=\"n67256colon\">:<\/span><\/td>\n<td class=\"n54117_item_b2\">\n<div class=\"n54117_item_b_sub\">medeltal: 185 l \/ min<\/div>\n<div>kontinuerlig: 500 l \/ min<\/div>\n<\/td>\n<\/tr>\n<tr>\n<td class=\"n54117_item_a1\">Min slang diameter\u00a0<span class=\"n67256colon\">:<\/span><\/td>\n<td class=\"n54117_item_b1\">\n<div class=\"n54117_item_b_sub\">3\/8&#8243; (9,5mm)<\/div>\n<\/td>\n<\/tr>\n<tr>\n<td class=\"n54117_item_a2\">Snabb riktningsomkastn:<\/p>\n<p>Material:<\/td>\n<td class=\"n54117_item_b2\">\n<div class=\"n54117_item_b_sub\">\n<div class=\"n54117_item_b_sub\">Ja<\/div>\n<div>Komposit, aluminium, gummi och st\u00e5l<\/div>\n<\/div>\n<\/td>\n<\/tr>\n<tr>\n<td class=\"n54117_item_a1\">Lossdragning:<\/td>\n<td class=\"n54117_item_b1\">1 steg<\/td>\n<\/tr>\n<tr>\n<td class=\"n54117_item_a2\">\u00c5tdragning\u00a0<span class=\"n67256colon\">:<\/span><\/td>\n<td class=\"n54117_item_b2\">\n<div class=\"n54117_item_b_sub\">3 steg<\/div>\n<\/td>\n<\/tr>\n<tr>\n<td class=\"n54117_item_a1\">Vikt\u00a0<span class=\"n67256colon\">:<\/span><\/td>\n<td class=\"n54117_item_b1\">\n<div class=\"n54117_item_b_sub\">1,99 kg<\/div>\n<\/td>\n<\/tr>\n<tr>\n<td class=\"n54117_item_a2\">Garanti\u00a0<span class=\"n67256colon\">:<\/span><\/td>\n<td class=\"n54117_item_b2\">\n<div class=\"n54117_item_b_sub\">1 \u00e5r<\/div>\n<\/td>\n<\/tr>\n<tr>\n<td class=\"n54117_item_a1\"><span class=\"n67256colon\">Ce-m\u00e4rkt :<\/span><\/td>\n<td class=\"n54117_item_b1\">\n<div class=\"n54117_item_b_sub\">Ja<\/div>\n<\/td>\n<\/tr>\n<\/tbody>\n<\/table>\n","protected":false},"excerpt":{"rendered":"<p><strong>Rotake 1\/2\u201d mutterdragare \u2013 konstruerad f\u00f6r kr\u00e4vande och kontinuerlig anv\u00e4ndning i verkstadsmilj\u00f6<\/strong><\/p>\n<p>&nbsp;<\/p>\n<p>Rotake 5274 \u00e4r en kraftfull mutterdragare med maximalt vridmoment p\u00e5 hela 1680 Nm och varvtal p\u00e5 8600 rpm.<\/p>\n<ul>\n<li data-start=\"200\" data-end=\"673\">Vridmoment: 1680 Nm<\/li>\n<li>Vridhastighet: 8600 rpm<\/li>\n<li>Twin-slagmekanism<\/li>\n<li>3-steg f\u00f6r \u00e5tdragning, 1-steg f\u00f6r lossdragning.<\/li>\n<li>Tryckluftsdriven<\/li>\n<li>1\/2\u2033 fyrkantsf\u00e4ste<\/li>\n<li>Slitstarka material, skal av komposit samt gummikl\u00e4tt handtag<\/li>\n<\/ul>\n","protected":false},"featured_media":26558,"template":"","meta":{"_acf_changed":false,"_seopress_robots_primary_cat":"none","_seopress_titles_title":"","_seopress_titles_desc":"","_seopress_robots_index":""},"product_cat":[318,216],"product_tag":[],"class_list":{"0":"post-26531","1":"product","2":"type-product","3":"status-publish","4":"has-post-thumbnail","6":"product_cat-mutterdragare","7":"product_cat-tryckluft-och-kompressor","9":"first","10":"instock","11":"sale","12":"taxable","13":"shipping-taxable","14":"purchasable","15":"product-type-simple","swatches":"rey-swatches","show_selected":""},"acf":[],"_links":{"self":[{"href":"https:\/\/toolhouse.fi\/sv\/wp-json\/wp\/v2\/product\/26531","targetHints":{"allow":["GET"]}}],"collection":[{"href":"https:\/\/toolhouse.fi\/sv\/wp-json\/wp\/v2\/product"}],"about":[{"href":"https:\/\/toolhouse.fi\/sv\/wp-json\/wp\/v2\/types\/product"}],"version-history":[{"count":4,"href":"https:\/\/toolhouse.fi\/sv\/wp-json\/wp\/v2\/product\/26531\/revisions"}],"predecessor-version":[{"id":26557,"href":"https:\/\/toolhouse.fi\/sv\/wp-json\/wp\/v2\/product\/26531\/revisions\/26557"}],"wp:featuredmedia":[{"embeddable":true,"href":"https:\/\/toolhouse.fi\/sv\/wp-json\/wp\/v2\/media\/26558"}],"wp:attachment":[{"href":"https:\/\/toolhouse.fi\/sv\/wp-json\/wp\/v2\/media?parent=26531"}],"wp:term":[{"taxonomy":"product_cat","embeddable":true,"href":"https:\/\/toolhouse.fi\/sv\/wp-json\/wp\/v2\/product_cat?post=26531"},{"taxonomy":"product_tag","embeddable":true,"href":"https:\/\/toolhouse.fi\/sv\/wp-json\/wp\/v2\/product_tag?post=26531"}],"curies":[{"name":"wp","href":"https:\/\/api.w.org\/{rel}","templated":true}]}}