{"id":26590,"date":"2025-06-12T18:43:24","date_gmt":"2025-06-12T15:43:24","guid":{"rendered":"https:\/\/toolhouse.fi\/?post_type=product&#038;p=26590"},"modified":"2026-04-02T18:19:25","modified_gmt":"2026-04-02T15:19:25","slug":"luftpafyllare-digital-0-18bar","status":"publish","type":"product","link":"https:\/\/toolhouse.fi\/sv\/produkt\/luftpafyllare-digital-0-18bar\/","title":{"rendered":"Luftp\u00e5fyllare digital 0-18bar"},"content":{"rendered":"","protected":false},"excerpt":{"rendered":"<p>&nbsp;<\/p>\n<p data-start=\"0\" data-end=\"51\"><strong data-start=\"0\" data-end=\"49\">Luftp\u00e5fyllare med LCD-manometer 0\u201318 bar<\/strong><\/p>\n<p data-start=\"53\" data-end=\"237\">L\u00e4mplig f\u00f6r att pumpa d\u00e4ck p\u00e5 b\u00e5de personbilar och lastbilar. Utrustad med en 60 cm flexibel slang och en stor, l\u00e4ttl\u00e4st LCD-manometer med gummiskydd som skyddar mot st\u00f6tar och slag.<\/p>\n<p>&nbsp;<\/p>\n<ul>\n<li data-start=\"261\" data-end=\"655\">Tydlig och exakt digital manometer med LCD display<\/li>\n<li data-start=\"261\" data-end=\"655\">M\u00e4tomr\u00e5de: 0\u201318 bar \/ 0\u2013255 psi \/ 0\u20131800 kPa \/ 0\u201318 Kg\/cm\u00b2<\/li>\n<li data-start=\"261\" data-end=\"655\">Roterbar 60 cm l\u00e5ng slang med p\u00e5fyllningsnippel i m\u00e4ssing<\/li>\n<li data-start=\"261\" data-end=\"655\">Gummiskydd<\/li>\n<li data-start=\"261\" data-end=\"655\">1\/4&#8243; snabbkoppling<\/li>\n<li data-start=\"261\" data-end=\"655\">Drivs av tre AAA-batterier (ing\u00e5r)<\/li>\n<\/ul>\n<ul data-start=\"693\" data-end=\"848\">\n<li data-start=\"726\" data-end=\"751\">Slangl\u00e4ngd: 60 cm<\/li>\n<li data-start=\"752\" data-end=\"782\">Maximalt tryck: 18 bar<\/li>\n<li data-start=\"783\" data-end=\"848\">M\u00e4tskala: 0\u201318 bar \/ 0\u2013255 psi \/ 0\u20131800 kPa \/ 0\u201318 Kg\/cm\u00b2<\/li>\n<li data-start=\"783\" data-end=\"848\">Garanti 12 m\u00e5nader<\/li>\n<\/ul>\n<p>&nbsp;<\/p>\n","protected":false},"featured_media":26592,"template":"","meta":{"_acf_changed":false,"_seopress_robots_primary_cat":"none","_seopress_titles_title":"","_seopress_titles_desc":"","_seopress_robots_index":""},"product_cat":[319,160,216],"product_tag":[],"class_list":{"0":"post-26590","1":"product","2":"type-product","3":"status-publish","4":"has-post-thumbnail","6":"product_cat-luftpafyllare","7":"product_cat-tillbehor-verktyg","8":"product_cat-tryckluft-och-kompressor","9":"product_shipping_class-tillbehor-590","11":"first","12":"instock","13":"taxable","14":"shipping-taxable","15":"purchasable","16":"product-type-simple","swatches":"rey-swatches","show_selected":""},"acf":[],"_links":{"self":[{"href":"https:\/\/toolhouse.fi\/sv\/wp-json\/wp\/v2\/product\/26590","targetHints":{"allow":["GET"]}}],"collection":[{"href":"https:\/\/toolhouse.fi\/sv\/wp-json\/wp\/v2\/product"}],"about":[{"href":"https:\/\/toolhouse.fi\/sv\/wp-json\/wp\/v2\/types\/product"}],"version-history":[{"count":0,"href":"https:\/\/toolhouse.fi\/sv\/wp-json\/wp\/v2\/product\/26590\/revisions"}],"wp:featuredmedia":[{"embeddable":true,"href":"https:\/\/toolhouse.fi\/sv\/wp-json\/wp\/v2\/media\/26592"}],"wp:attachment":[{"href":"https:\/\/toolhouse.fi\/sv\/wp-json\/wp\/v2\/media?parent=26590"}],"wp:term":[{"taxonomy":"product_cat","embeddable":true,"href":"https:\/\/toolhouse.fi\/sv\/wp-json\/wp\/v2\/product_cat?post=26590"},{"taxonomy":"product_tag","embeddable":true,"href":"https:\/\/toolhouse.fi\/sv\/wp-json\/wp\/v2\/product_tag?post=26590"}],"curies":[{"name":"wp","href":"https:\/\/api.w.org\/{rel}","templated":true}]}}