{"id":26612,"date":"2025-06-16T15:01:04","date_gmt":"2025-06-16T12:01:04","guid":{"rendered":"https:\/\/toolhouse.fi\/?post_type=product&#038;p=26612"},"modified":"2025-06-16T15:39:41","modified_gmt":"2025-06-16T12:39:41","slug":"ventilfjaderverktyg-16-30mm","status":"publish","type":"product","link":"https:\/\/toolhouse.fi\/sv\/produkt\/ventilfjaderverktyg-16-30mm\/","title":{"rendered":"Ventilfj\u00e4derverktyg 16-30mm"},"content":{"rendered":"","protected":false},"excerpt":{"rendered":"<p>Verktyg f\u00f6r montering och demontering av ventilfj\u00e4drar.<\/p>\n<ul>\n<li>Till ventilfj\u00e4drar mellan 16 och 30 mm.<\/li>\n<li>Diameter p\u00e5 tryckare: 16 mm, 19mm, 23mm, 25mm, 30mm<\/li>\n<li>H\u00f6jd p\u00e5 tryckare: 50mm<\/li>\n<li>L\u00e4ngd p\u00e5 g\u00e4ngad del: 112, 110, 74 mm<\/li>\n<li>Godstjocklek ventilfj\u00e4derb\u00e5ge 21x12mm<\/li>\n<li>Tillverkare: Smart equipment<\/li>\n<\/ul>\n","protected":false},"featured_media":26621,"template":"","meta":{"_acf_changed":false,"_seopress_robots_primary_cat":"none","_seopress_titles_title":"","_seopress_titles_desc":"","_seopress_robots_index":""},"product_cat":[338,582,21],"product_tag":[],"class_list":{"0":"post-26612","1":"product","2":"type-product","3":"status-publish","4":"has-post-thumbnail","6":"product_cat-fordonsverktyg","7":"product_cat-motorverktyg","8":"product_cat-verkstadsutrustning","10":"first","11":"instock","12":"taxable","13":"shipping-taxable","14":"purchasable","15":"product-type-simple","swatches":"rey-swatches","show_selected":""},"acf":[],"_links":{"self":[{"href":"https:\/\/toolhouse.fi\/sv\/wp-json\/wp\/v2\/product\/26612","targetHints":{"allow":["GET"]}}],"collection":[{"href":"https:\/\/toolhouse.fi\/sv\/wp-json\/wp\/v2\/product"}],"about":[{"href":"https:\/\/toolhouse.fi\/sv\/wp-json\/wp\/v2\/types\/product"}],"version-history":[{"count":0,"href":"https:\/\/toolhouse.fi\/sv\/wp-json\/wp\/v2\/product\/26612\/revisions"}],"wp:featuredmedia":[{"embeddable":true,"href":"https:\/\/toolhouse.fi\/sv\/wp-json\/wp\/v2\/media\/26621"}],"wp:attachment":[{"href":"https:\/\/toolhouse.fi\/sv\/wp-json\/wp\/v2\/media?parent=26612"}],"wp:term":[{"taxonomy":"product_cat","embeddable":true,"href":"https:\/\/toolhouse.fi\/sv\/wp-json\/wp\/v2\/product_cat?post=26612"},{"taxonomy":"product_tag","embeddable":true,"href":"https:\/\/toolhouse.fi\/sv\/wp-json\/wp\/v2\/product_tag?post=26612"}],"curies":[{"name":"wp","href":"https:\/\/api.w.org\/{rel}","templated":true}]}}