{"id":26663,"date":"2025-06-17T12:03:25","date_gmt":"2025-06-17T09:03:25","guid":{"rendered":"https:\/\/toolhouse.fi\/?post_type=product&#038;p=26663"},"modified":"2025-10-03T14:04:47","modified_gmt":"2025-10-03T11:04:47","slug":"tech-760-universallim","status":"publish","type":"product","link":"https:\/\/toolhouse.fi\/sv\/produkt\/tech-760-universallim\/","title":{"rendered":"Tech 760 universallim"},"content":{"rendered":"","protected":false},"excerpt":{"rendered":"<p>TECH snabbtorkande universallim fungerar till lappar och pluggar \u00e5t b\u00e5de d\u00e4ck och innerslang.<\/p>\n<p>TECH 760 \u00e4r anpassad f\u00f6r d\u00e4ck- och slangreparationer vid b\u00e5de varm- och kallvulkanisering.<\/p>\n<p>Rekommenderad torktid f\u00f6re applicering av lapp\/plugg \u00e4r 3\u20135 minuter.<\/p>\n<ul>\n<li>Lock med borste.<\/li>\n<li>Tillverkad i Usa.<\/li>\n<li>236ml.<\/li>\n<\/ul>\n<p><strong><span style=\"color: #ff0000;\"><a style=\"color: #ff0000;\" href=\"https:\/\/toolhouse.fi\/wp-content\/uploads\/2025\/06\/760EL-761-762-765-766-767-763-770-770EL_EU_FI_svenska_v-1.0.pdf\">S\u00e4kerhetsdatablad<\/a><\/span><\/strong><\/p>\n","protected":false},"featured_media":26673,"template":"","meta":{"_acf_changed":false,"_seopress_robots_primary_cat":"none","_seopress_titles_title":"","_seopress_titles_desc":"","_seopress_robots_index":""},"product_cat":[18,158],"product_tag":[],"class_list":{"0":"post-26663","1":"product","2":"type-product","3":"status-publish","4":"has-post-thumbnail","6":"product_cat-dackarbete","7":"product_cat-dackreparation","9":"first","10":"instock","11":"taxable","12":"shipping-taxable","13":"purchasable","14":"product-type-simple","swatches":"rey-swatches","show_selected":""},"acf":[],"_links":{"self":[{"href":"https:\/\/toolhouse.fi\/sv\/wp-json\/wp\/v2\/product\/26663","targetHints":{"allow":["GET"]}}],"collection":[{"href":"https:\/\/toolhouse.fi\/sv\/wp-json\/wp\/v2\/product"}],"about":[{"href":"https:\/\/toolhouse.fi\/sv\/wp-json\/wp\/v2\/types\/product"}],"version-history":[{"count":2,"href":"https:\/\/toolhouse.fi\/sv\/wp-json\/wp\/v2\/product\/26663\/revisions"}],"predecessor-version":[{"id":26677,"href":"https:\/\/toolhouse.fi\/sv\/wp-json\/wp\/v2\/product\/26663\/revisions\/26677"}],"wp:featuredmedia":[{"embeddable":true,"href":"https:\/\/toolhouse.fi\/sv\/wp-json\/wp\/v2\/media\/26673"}],"wp:attachment":[{"href":"https:\/\/toolhouse.fi\/sv\/wp-json\/wp\/v2\/media?parent=26663"}],"wp:term":[{"taxonomy":"product_cat","embeddable":true,"href":"https:\/\/toolhouse.fi\/sv\/wp-json\/wp\/v2\/product_cat?post=26663"},{"taxonomy":"product_tag","embeddable":true,"href":"https:\/\/toolhouse.fi\/sv\/wp-json\/wp\/v2\/product_tag?post=26663"}],"curies":[{"name":"wp","href":"https:\/\/api.w.org\/{rel}","templated":true}]}}