{"id":26691,"date":"2025-06-17T13:49:24","date_gmt":"2025-06-17T10:49:24","guid":{"rendered":"https:\/\/toolhouse.fi\/?post_type=product&#038;p=26691"},"modified":"2026-02-13T14:16:16","modified_gmt":"2026-02-13T12:16:16","slug":"motorstativ-900kg-evolution","status":"publish","type":"product","link":"https:\/\/toolhouse.fi\/sv\/produkt\/motorstativ-900kg-evolution\/","title":{"rendered":"Motorstativ 900kg Evolution"},"content":{"rendered":"","protected":false},"excerpt":{"rendered":"<p>Mycket stabilt motorstativ fr\u00e5n Evolution<\/p>\n<p>&nbsp;<\/p>\n<ul>\n<li>Fyra justerbara monteringsarmar<\/li>\n<li>Hopf\u00e4llbar<\/li>\n<li>360\u00b0 roterande f\u00e4stplatta, med 8 l\u00e5spositioner<\/li>\n<li>Sex sv\u00e4ngbara hjul<\/li>\n<li>Max. kapacitet 907 kg<\/li>\n<li>Vikt 39 kg<\/li>\n<li>CE-M\u00e4rkt<\/li>\n<li>Garanti 1\u00e5r<\/li>\n<li>Tillverkare: Evolution<\/li>\n<\/ul>\n<p>Obs. produktens f\u00e4rg \u00e4r m\u00f6rkgr\u00e5<\/p>\n","protected":false},"featured_media":26702,"template":"","meta":{"_acf_changed":false,"_seopress_robots_primary_cat":"none","_seopress_titles_title":"","_seopress_titles_desc":"","_seopress_robots_index":""},"product_cat":[20,459,281],"product_tag":[],"class_list":{"0":"post-26691","1":"product","2":"type-product","3":"status-publish","4":"has-post-thumbnail","6":"product_cat-lyftteknik","7":"product_cat-motorlyft","8":"product_cat-motorlyft-vaxelladslyft","10":"first","11":"instock","12":"taxable","13":"shipping-taxable","14":"purchasable","15":"product-type-simple","swatches":"rey-swatches","show_selected":""},"acf":[],"_links":{"self":[{"href":"https:\/\/toolhouse.fi\/sv\/wp-json\/wp\/v2\/product\/26691","targetHints":{"allow":["GET"]}}],"collection":[{"href":"https:\/\/toolhouse.fi\/sv\/wp-json\/wp\/v2\/product"}],"about":[{"href":"https:\/\/toolhouse.fi\/sv\/wp-json\/wp\/v2\/types\/product"}],"version-history":[{"count":0,"href":"https:\/\/toolhouse.fi\/sv\/wp-json\/wp\/v2\/product\/26691\/revisions"}],"wp:featuredmedia":[{"embeddable":true,"href":"https:\/\/toolhouse.fi\/sv\/wp-json\/wp\/v2\/media\/26702"}],"wp:attachment":[{"href":"https:\/\/toolhouse.fi\/sv\/wp-json\/wp\/v2\/media?parent=26691"}],"wp:term":[{"taxonomy":"product_cat","embeddable":true,"href":"https:\/\/toolhouse.fi\/sv\/wp-json\/wp\/v2\/product_cat?post=26691"},{"taxonomy":"product_tag","embeddable":true,"href":"https:\/\/toolhouse.fi\/sv\/wp-json\/wp\/v2\/product_tag?post=26691"}],"curies":[{"name":"wp","href":"https:\/\/api.w.org\/{rel}","templated":true}]}}