{"id":26731,"date":"2025-06-17T15:15:51","date_gmt":"2025-06-17T12:15:51","guid":{"rendered":"https:\/\/toolhouse.fi\/?post_type=product&#038;p=26731"},"modified":"2026-04-21T10:20:18","modified_gmt":"2026-04-21T07:20:18","slug":"utbyteshuvud-komposit-utilnova","status":"publish","type":"product","link":"https:\/\/toolhouse.fi\/sv\/produkt\/utbyteshuvud-komposit-utilnova\/","title":{"rendered":"Utbyteshuvud komposit. Utilnova"},"content":{"rendered":"","protected":false},"excerpt":{"rendered":"<p>Utbytes komposithuvud till Utilnova 09-05<\/p>\n<p data-start=\"177\" data-end=\"264\">PREMIUM-huvud tillverkat av mycket slitstark och l\u00e4tt flexibel polyamidplast (nylon).<\/p>\n<p data-start=\"327\" data-end=\"375\">Utformat f\u00f6r arbete med RUNFLAT- och l\u00e5gprofild\u00e4ck.<\/p>\n<ul>\n<li>H\u00e5lavst\u00e5nd: 70-80mm<\/li>\n<li>L\u00e4ngd: 192 mm<\/li>\n<li>H\u00f6jd: 76 mm<\/li>\n<\/ul>\n<p>Passar till: <span style=\"color: #ff0000;\"><a style=\"color: #ff0000;\" href=\"https:\/\/toolhouse.fi\/sv\/produkt\/monteringshuvud-komposit-29mm-utilnova\/\">Utilnova 09-05<\/a> \u00a0<\/span><\/p>\n<p>&nbsp;<\/p>\n<ul>\n<li>Tillverkare: Utilnova<\/li>\n<li>Modell: 05<\/li>\n<\/ul>\n<p>&nbsp;<\/p>\n","protected":false},"featured_media":26740,"template":"","meta":{"_acf_changed":false,"_seopress_robots_primary_cat":"none","_seopress_titles_title":"","_seopress_titles_desc":"","_seopress_robots_index":""},"product_cat":[18,186,593],"product_tag":[],"class_list":{"0":"post-26731","1":"product","2":"type-product","3":"status-publish","4":"has-post-thumbnail","6":"product_cat-dackarbete","7":"product_cat-dackmaskiner","8":"product_cat-tillbehor-och-reservdelar","10":"first","11":"outofstock","12":"taxable","13":"shipping-taxable","14":"purchasable","15":"product-type-simple","swatches":"rey-swatches","show_selected":""},"acf":[],"_links":{"self":[{"href":"https:\/\/toolhouse.fi\/sv\/wp-json\/wp\/v2\/product\/26731","targetHints":{"allow":["GET"]}}],"collection":[{"href":"https:\/\/toolhouse.fi\/sv\/wp-json\/wp\/v2\/product"}],"about":[{"href":"https:\/\/toolhouse.fi\/sv\/wp-json\/wp\/v2\/types\/product"}],"version-history":[{"count":5,"href":"https:\/\/toolhouse.fi\/sv\/wp-json\/wp\/v2\/product\/26731\/revisions"}],"predecessor-version":[{"id":26770,"href":"https:\/\/toolhouse.fi\/sv\/wp-json\/wp\/v2\/product\/26731\/revisions\/26770"}],"wp:featuredmedia":[{"embeddable":true,"href":"https:\/\/toolhouse.fi\/sv\/wp-json\/wp\/v2\/media\/26740"}],"wp:attachment":[{"href":"https:\/\/toolhouse.fi\/sv\/wp-json\/wp\/v2\/media?parent=26731"}],"wp:term":[{"taxonomy":"product_cat","embeddable":true,"href":"https:\/\/toolhouse.fi\/sv\/wp-json\/wp\/v2\/product_cat?post=26731"},{"taxonomy":"product_tag","embeddable":true,"href":"https:\/\/toolhouse.fi\/sv\/wp-json\/wp\/v2\/product_tag?post=26731"}],"curies":[{"name":"wp","href":"https:\/\/api.w.org\/{rel}","templated":true}]}}