{"id":26774,"date":"2025-06-18T11:44:39","date_gmt":"2025-06-18T08:44:39","guid":{"rendered":"https:\/\/toolhouse.fi\/?post_type=product&#038;p=26774"},"modified":"2025-06-18T16:39:51","modified_gmt":"2025-06-18T13:39:51","slug":"motorlyft-3-ton","status":"publish","type":"product","link":"https:\/\/toolhouse.fi\/sv\/produkt\/motorlyft-3-ton\/","title":{"rendered":"Motorlyft 3 Ton"},"content":{"rendered":"<table class=\"n54117_dictionary\">\n<tbody>\n<tr>\n<td class=\"n54117_item_a1\">Max lyfth\u00f6jd\u00a0\u00a0<span class=\"n67256colon\">:<\/span><\/td>\n<td class=\"n54117_item_b1\">\n<div class=\"n54117_item_b_sub\">2500mm<\/div>\n<\/td>\n<\/tr>\n<tr>\n<td class=\"n54117_item_a2\">Bomjustering\u00a0<span class=\"n67256colon\">:<\/span><\/td>\n<td class=\"n54117_item_b2\">\n<div class=\"n54117_item_b_sub\">1 ton, 2 ton, 3 ton<\/div>\n<\/td>\n<\/tr>\n<tr>\n<td class=\"n54117_item_a1\">Justerbar bom\u00a0<span class=\"n67256colon\">:<\/span><\/td>\n<td class=\"n54117_item_b1\">1220 \/ 1460 \/ 1710 mm<\/td>\n<\/tr>\n<tr>\n<td class=\"n54117_item_a2\">Totall\u00e4ngd\u00a0\u00a0<span class=\"n67256colon\">:<\/span><\/td>\n<td class=\"n54117_item_b2\">\n<div class=\"n54117_item_b_sub\">1600 mm<\/div>\n<\/td>\n<\/tr>\n<tr>\n<td class=\"n54117_item_a1\"><span class=\"n67256colon\">Totalbredd:<\/span><\/td>\n<td class=\"n54117_item_b1\">\n<div class=\"n54117_item_b_sub\">820 mm<\/div>\n<\/td>\n<\/tr>\n<tr>\n<td class=\"n54117_item_a2\">Totalh\u00f6jd min\u00a0<span class=\"n67256colon\">:<\/span><\/td>\n<td class=\"n54117_item_b2\">\n<div class=\"n54117_item_b_sub\">1600 mm<\/div>\n<\/td>\n<\/tr>\n<tr>\n<td class=\"n54117_item_a1\"><span class=\"n67256colon\">Hjul:<\/span><\/td>\n<td class=\"n54117_item_b1\">\n<div class=\"n54117_item_b_sub\">4 st<\/div>\n<\/td>\n<\/tr>\n<tr>\n<td class=\"n54117_item_a2\">Ce-m\u00e4rkt:<\/td>\n<td class=\"n54117_item_b2\">\n<div class=\"n54117_item_b_sub\">Ja<\/div>\n<\/td>\n<\/tr>\n<tr>\n<td class=\"n54117_item_a1\"><\/td>\n<td class=\"n54117_item_b1\">\n<div class=\"n54117_item_b_sub\"><\/div>\n<\/td>\n<\/tr>\n<tr>\n<td class=\"n54117_item_a2\">Vikt:<\/td>\n<td class=\"n54117_item_b2\">\n<div class=\"n54117_item_b_sub\">95 kg<\/div>\n<\/td>\n<\/tr>\n<tr>\n<td class=\"n54117_item_a1\"><span class=\"n67256colon\">Lyftkapacitet:<\/span><\/td>\n<td class=\"n54117_item_b1\">\n<div class=\"n54117_item_b_sub\">3000kg<\/div>\n<\/td>\n<\/tr>\n<tr>\n<td class=\"n54117_item_a2\">Garanti\u00a0<span class=\"n67256colon\">:<\/span><\/p>\n<p>Tillverkare:<\/td>\n<td class=\"n54117_item_b2\">\n<div class=\"n54117_item_b_sub\">1 \u00e5r<\/div>\n<div>Geko<\/div>\n<\/td>\n<\/tr>\n<\/tbody>\n<\/table>\n","protected":false},"excerpt":{"rendered":"<p data-start=\"0\" data-end=\"70\"><strong>Stabil och kraftfull verkstadskran fr\u00e5n Geko med 3 tons lyftkapacitet.<\/strong><\/p>\n<ul>\n<li data-start=\"74\" data-end=\"98\">Lyftkapacitet: 3000 kg<\/li>\n<li data-start=\"101\" data-end=\"182\">Robust konstruktion med h\u00e5rdf\u00f6rkromad kolvst\u00e5ng och pumpkolv f\u00f6r l\u00e5ng livsl\u00e4ngd<\/li>\n<li data-start=\"185\" data-end=\"244\">Utdragbar bom med h\u00f6g lyftkapacitet \u00e4ven i yttersta l\u00e4get<\/li>\n<li data-start=\"247\" data-end=\"297\">Utdragbara st\u00f6dben ger extra stabilitet vid lyft<\/li>\n<li data-start=\"300\" data-end=\"346\">Inbyggd s\u00e4kerhetsventil f\u00f6r trygg anv\u00e4ndning<\/li>\n<li data-start=\"349\" data-end=\"406\">Utrustad med tv\u00e5 360\u00b0 sv\u00e4ngbara hjul och tv\u00e5 fasta hjul<\/li>\n<li data-start=\"409\" data-end=\"484\">Stora kullagrade hjul g\u00f6r kranen l\u00e4tt att f\u00f6rflytta \u00e4ven under belastning<\/li>\n<\/ul>\n","protected":false},"featured_media":26796,"template":"","meta":{"_acf_changed":false,"_seopress_robots_primary_cat":"none","_seopress_titles_title":"","_seopress_titles_desc":"","_seopress_robots_index":""},"product_cat":[20,459,281],"product_tag":[],"class_list":{"0":"post-26774","1":"product","2":"type-product","3":"status-publish","4":"has-post-thumbnail","6":"product_cat-lyftteknik","7":"product_cat-motorlyft","8":"product_cat-motorlyft-vaxelladslyft","10":"first","11":"instock","12":"taxable","13":"shipping-taxable","14":"purchasable","15":"product-type-simple","swatches":"rey-swatches","show_selected":""},"acf":[],"_links":{"self":[{"href":"https:\/\/toolhouse.fi\/sv\/wp-json\/wp\/v2\/product\/26774","targetHints":{"allow":["GET"]}}],"collection":[{"href":"https:\/\/toolhouse.fi\/sv\/wp-json\/wp\/v2\/product"}],"about":[{"href":"https:\/\/toolhouse.fi\/sv\/wp-json\/wp\/v2\/types\/product"}],"version-history":[{"count":0,"href":"https:\/\/toolhouse.fi\/sv\/wp-json\/wp\/v2\/product\/26774\/revisions"}],"wp:featuredmedia":[{"embeddable":true,"href":"https:\/\/toolhouse.fi\/sv\/wp-json\/wp\/v2\/media\/26796"}],"wp:attachment":[{"href":"https:\/\/toolhouse.fi\/sv\/wp-json\/wp\/v2\/media?parent=26774"}],"wp:term":[{"taxonomy":"product_cat","embeddable":true,"href":"https:\/\/toolhouse.fi\/sv\/wp-json\/wp\/v2\/product_cat?post=26774"},{"taxonomy":"product_tag","embeddable":true,"href":"https:\/\/toolhouse.fi\/sv\/wp-json\/wp\/v2\/product_tag?post=26774"}],"curies":[{"name":"wp","href":"https:\/\/api.w.org\/{rel}","templated":true}]}}