{"id":26803,"date":"2025-06-19T16:55:32","date_gmt":"2025-06-19T13:55:32","guid":{"rendered":"https:\/\/toolhouse.fi\/?post_type=product&#038;p=26803"},"modified":"2025-06-19T18:52:46","modified_gmt":"2025-06-19T15:52:46","slug":"hydraulisk-hjuldolly-4st","status":"publish","type":"product","link":"https:\/\/toolhouse.fi\/sv\/produkt\/hydraulisk-hjuldolly-4st\/","title":{"rendered":"Hydraulisk hjuldolly 4st."},"content":{"rendered":"<table class=\"n54117_dictionary\">\n<tbody>\n<tr>\n<td class=\"n54117_item_a1\">Tillverkare<span class=\"n67256colon\">:<\/span><\/td>\n<td class=\"n54117_item_b1\">Geko<\/td>\n<\/tr>\n<tr>\n<td class=\"n54117_item_a2\">Distans mellan rullar<span class=\"n67256colon\">:<\/span><\/td>\n<td class=\"n54117_item_b2\">\n<p class=\"n54117_item_b_sub\">275 &#8211; 590 mm<\/p>\n<\/td>\n<\/tr>\n<tr>\n<td class=\"n54117_item_a1\">L\u00e4ngd p\u00e5 rullar<span class=\"n67256colon\">:<\/span><\/td>\n<td class=\"n54117_item_b1\">\n<p class=\"n54117_item_b_sub\">297 mm<\/p>\n<\/td>\n<\/tr>\n<tr>\n<td class=\"n54117_item_a2\">\u00d6vertrycksventil:<\/td>\n<td class=\"n54117_item_b2\">\n<p class=\"n54117_item_b_sub\">ja<\/p>\n<\/td>\n<\/tr>\n<tr>\n<td class=\"n54117_item_a1\">360 \u00b0 roterande hjul<span class=\"n67256colon\">:<\/span><\/td>\n<td class=\"n54117_item_b1\">\n<p class=\"n54117_item_b_sub\">ja<\/p>\n<\/td>\n<\/tr>\n<tr>\n<td class=\"n54117_item_a2\">B\u00e4rhandtag:<\/td>\n<td class=\"n54117_item_b2\">\n<p class=\"n54117_item_b_sub\">ja<\/p>\n<\/td>\n<\/tr>\n<tr>\n<td class=\"n54117_item_a1\">S\u00e4kerhetsl\u00e5sning:<\/td>\n<td class=\"n54117_item_b1\">\n<p class=\"n54117_item_b_sub\">Ja<\/p>\n<\/td>\n<\/tr>\n<tr>\n<td class=\"n54117_item_a2\">Hjul:<\/td>\n<td class=\"n54117_item_b2\">\n<p class=\"n54117_item_b_sub\">34&#215;100 mm<\/p>\n<\/td>\n<\/tr>\n<tr>\n<td class=\"n54117_item_a1\">Vikt<span class=\"n67256colon\">:<\/span><\/td>\n<td class=\"n54117_item_b1\">\n<p class=\"n54117_item_b_sub\">17 kg\/st<\/p>\n<\/td>\n<\/tr>\n<tr>\n<td class=\"n54117_item_a2\">L\u00e4ngd<span class=\"n67256colon\">:<\/span><\/td>\n<td class=\"n54117_item_b2\">\n<p class=\"n54117_item_b_sub\">540 &#8211; 820 mm<\/p>\n<\/td>\n<\/tr>\n<tr>\n<td class=\"n54117_item_a1\">Bredd<span class=\"n67256colon\">:<\/span><\/td>\n<td class=\"n54117_item_b1\">\n<p class=\"n54117_item_b_sub\">630 mm<\/p>\n<\/td>\n<\/tr>\n<tr>\n<td class=\"n54117_item_a2\">Maximal lyftkapacitet<span class=\"n67256colon\">:<\/span><\/td>\n<td class=\"n54117_item_b2\">\n<p class=\"n54117_item_b_sub\">680 kg \/2720 kg<\/p>\n<\/td>\n<\/tr>\n<tr>\n<td class=\"n54117_item_a1\">CE-m\u00e4rkt<span class=\"n67256colon\">:<\/span><\/td>\n<td class=\"n54117_item_b1\">\n<p class=\"n54117_item_b_sub\">ja<\/p>\n<\/td>\n<\/tr>\n<tr>\n<td class=\"n54117_item_a2\">Garanti<span class=\"n67256colon\">:<\/span><\/td>\n<td class=\"n54117_item_b2\">\n<p class=\"n54117_item_b_sub\">1 \u00e5r<\/p>\n<\/td>\n<\/tr>\n<\/tbody>\n<\/table>\n","protected":false},"excerpt":{"rendered":"<p data-start=\"48\" data-end=\"85\"><strong data-start=\"48\" data-end=\"85\">Sats med 4st hydrauliska hjuldollys (4 x 680 kg)<\/strong><\/p>\n<p data-start=\"125\" data-end=\"332\">Stabila och l\u00e4ttanv\u00e4nda hjuldollys med kraftfull, fotpedalsstyrd hydraulpump f\u00f6r snabba och smidiga lyft. De kullagrade, sv\u00e4ngbara hjulen g\u00f6r det enkelt f\u00f6r en person att flytta ett fordon i alla riktningar.<\/p>\n<p data-start=\"334\" data-end=\"618\">Varje dolly har en lyftkapacitet p\u00e5 680 kg, vilket ger en total kapacitet p\u00e5 2720 kg \u2013 tillr\u00e4ckligt f\u00f6r de flesta personbilar och l\u00e4tta transportfordon. Den kraftiga hydraulpumpen \u00e4r monterad skyddat p\u00e5 undersidan, vilket g\u00f6r dollyn t\u00e5lig och enkel att anv\u00e4nda \u00e4ven f\u00f6r l\u00e5ga fordon.<\/p>\n<p data-start=\"286\" data-end=\"406\">\n","protected":false},"featured_media":26825,"template":"","meta":{"_acf_changed":false,"_seopress_robots_primary_cat":"none","_seopress_titles_title":"","_seopress_titles_desc":"","_seopress_robots_index":""},"product_cat":[283,458,20],"product_tag":[],"class_list":{"0":"post-26803","1":"product","2":"type-product","3":"status-publish","4":"has-post-thumbnail","6":"product_cat-domkraft-pallbock","7":"product_cat-fordonslyftar","8":"product_cat-lyftteknik","10":"first","11":"instock","12":"taxable","13":"shipping-taxable","14":"purchasable","15":"product-type-simple","swatches":"rey-swatches","show_selected":""},"acf":[],"_links":{"self":[{"href":"https:\/\/toolhouse.fi\/sv\/wp-json\/wp\/v2\/product\/26803","targetHints":{"allow":["GET"]}}],"collection":[{"href":"https:\/\/toolhouse.fi\/sv\/wp-json\/wp\/v2\/product"}],"about":[{"href":"https:\/\/toolhouse.fi\/sv\/wp-json\/wp\/v2\/types\/product"}],"version-history":[{"count":0,"href":"https:\/\/toolhouse.fi\/sv\/wp-json\/wp\/v2\/product\/26803\/revisions"}],"wp:featuredmedia":[{"embeddable":true,"href":"https:\/\/toolhouse.fi\/sv\/wp-json\/wp\/v2\/media\/26825"}],"wp:attachment":[{"href":"https:\/\/toolhouse.fi\/sv\/wp-json\/wp\/v2\/media?parent=26803"}],"wp:term":[{"taxonomy":"product_cat","embeddable":true,"href":"https:\/\/toolhouse.fi\/sv\/wp-json\/wp\/v2\/product_cat?post=26803"},{"taxonomy":"product_tag","embeddable":true,"href":"https:\/\/toolhouse.fi\/sv\/wp-json\/wp\/v2\/product_tag?post=26803"}],"curies":[{"name":"wp","href":"https:\/\/api.w.org\/{rel}","templated":true}]}}