{"id":26843,"date":"2025-06-24T12:07:34","date_gmt":"2025-06-24T09:07:34","guid":{"rendered":"https:\/\/toolhouse.fi\/?post_type=product&#038;p=26843"},"modified":"2025-06-24T23:36:25","modified_gmt":"2025-06-24T20:36:25","slug":"bromskolvsverktyg-12-delar","status":"publish","type":"product","link":"https:\/\/toolhouse.fi\/sv\/produkt\/bromskolvsverktyg-12-delar\/","title":{"rendered":"Bromskolvsverktyg, 12 delar"},"content":{"rendered":"","protected":false},"excerpt":{"rendered":"<p>Bromskolvsverktyg som passar m\u00e5nga bilmodeller.<\/p>\n<p>Returnerar bromskolvar utan att skada kolven eller gummidamasken.<\/p>\n<p>Avsedd f\u00f6r \u00e5terst\u00e4llning av bromskolvar som m\u00e5ste vridas och tryckas samtidigt<\/p>\n<p>&nbsp;<\/p>\n<p>&nbsp;<\/p>\n<p>&nbsp;<\/p>\n<ul>\n<li>Sats med 12 delar.<\/li>\n<li>Grundverktyg h\u00f6ger<\/li>\n<li>Adapter 10st<\/li>\n<li>Tryckplatta<\/li>\n<li>F\u00f6rvaringsv\u00e4ska<\/li>\n<li>Tillverkare:Geko<\/li>\n<\/ul>\n<p data-start=\"0\" data-end=\"17\">Satsens inneh\u00e5ll:<\/p>\n<ul>\n<li data-start=\"19\" data-end=\"1189\">Adapter #0 \u2013 General Motors, Cadillac Seville, Eldorado<\/li>\n<li data-start=\"19\" data-end=\"1189\">Adapter #1 \u2013 F\u00e4stplatta<\/li>\n<li data-start=\"19\" data-end=\"1189\">Adapter #2 \u2013 Citro\u00ebn XM, Xantia m.fl.<\/li>\n<li data-start=\"19\" data-end=\"1189\">Adapter #3 \u2013 Alfa Romeo, Audi, Austin, BMW 318 iS, 320 i, 325 TD, 518 i, 525 i, 740 i, 850 ci, M5, Ford Fiesta, Honda Concerto, Jaguar XJ6, XJ40, Mercedes-Benz 190, 200, 300, 420, 560, Mitsubishi Colt, Nissan Micra, Stanza, Sunny, Range Rover, Toyota Camry, VW Passat, Golf GTI, Volvo<\/li>\n<li data-start=\"19\" data-end=\"1189\">Adapter #4 \u2013 Alfa Romeo 164 2.0, Fiat, Ford Telstar, Laser, General Motors Saturn, Grand Prix, Lumina, Honda Prelude, CRX, Mazda, Saab 9000, Subaru<\/li>\n<li data-start=\"19\" data-end=\"1189\">Adapter #5 \u2013 Adapter till 3\/8&#8243; sp\u00e4rrskaft<\/li>\n<li data-start=\"19\" data-end=\"1189\">Adapter #6 \u2013 Nissan Primera, VW Golf 4<\/li>\n<li data-start=\"19\" data-end=\"1189\">Adapter #7 \u2013 Audi 80, 90, V8, 100, Coupe, Ford Sierra ABS, Granada, Scorpio fr\u00e5n 1985, Honda Prelude, Nissan Silvia 1.8 Turbo, Bluebird, Primera 2.0 i LS\/GS\/GSX, Rover 8000, Saab 9000, Subaru L och Z, Peugeot 405 1.9Gi\/Gri\/Sri\/GTXI\/MI16, 605 2.0 Sri, Toyota Celica, Corolla GT, MR2, VW Golf, Passat Cl\/Gl\/GT\/GT 16V, Corrado, Scirocco GTX 16V, Jetta Synchro, Jetta GTI 16V<\/li>\n<li data-start=\"19\" data-end=\"1189\">Adapter #8 \u2013 General Motors<\/li>\n<li data-start=\"19\" data-end=\"1189\">Adapter #9 \u2013 General Motors, Cadillac Seville, Eldorado<\/li>\n<li data-start=\"19\" data-end=\"1189\">Adapter #E \u2013 Nissan Cefiro, Maxima<\/li>\n<li data-start=\"19\" data-end=\"1189\">Vred med magnetisk spets<\/li>\n<\/ul>\n","protected":false},"featured_media":26851,"template":"","meta":{"_acf_changed":false,"_seopress_robots_primary_cat":"none","_seopress_titles_title":"","_seopress_titles_desc":"","_seopress_robots_index":""},"product_cat":[584,338,21],"product_tag":[],"class_list":{"0":"post-26843","1":"product","2":"type-product","3":"status-publish","4":"has-post-thumbnail","6":"product_cat-bromsverktyg","7":"product_cat-fordonsverktyg","8":"product_cat-verkstadsutrustning","10":"first","11":"instock","12":"taxable","13":"shipping-taxable","14":"purchasable","15":"product-type-simple","swatches":"rey-swatches","show_selected":""},"acf":[],"_links":{"self":[{"href":"https:\/\/toolhouse.fi\/sv\/wp-json\/wp\/v2\/product\/26843","targetHints":{"allow":["GET"]}}],"collection":[{"href":"https:\/\/toolhouse.fi\/sv\/wp-json\/wp\/v2\/product"}],"about":[{"href":"https:\/\/toolhouse.fi\/sv\/wp-json\/wp\/v2\/types\/product"}],"version-history":[{"count":0,"href":"https:\/\/toolhouse.fi\/sv\/wp-json\/wp\/v2\/product\/26843\/revisions"}],"wp:featuredmedia":[{"embeddable":true,"href":"https:\/\/toolhouse.fi\/sv\/wp-json\/wp\/v2\/media\/26851"}],"wp:attachment":[{"href":"https:\/\/toolhouse.fi\/sv\/wp-json\/wp\/v2\/media?parent=26843"}],"wp:term":[{"taxonomy":"product_cat","embeddable":true,"href":"https:\/\/toolhouse.fi\/sv\/wp-json\/wp\/v2\/product_cat?post=26843"},{"taxonomy":"product_tag","embeddable":true,"href":"https:\/\/toolhouse.fi\/sv\/wp-json\/wp\/v2\/product_tag?post=26843"}],"curies":[{"name":"wp","href":"https:\/\/api.w.org\/{rel}","templated":true}]}}