{"id":26889,"date":"2025-06-25T14:14:30","date_gmt":"2025-06-25T11:14:30","guid":{"rendered":"https:\/\/toolhouse.fi\/?post_type=product&#038;p=26889"},"modified":"2025-12-14T13:34:55","modified_gmt":"2025-12-14T11:34:55","slug":"hjuldolly-2st-680kg","status":"publish","type":"product","link":"https:\/\/toolhouse.fi\/sv\/produkt\/hjuldolly-2st-680kg\/","title":{"rendered":"Hjuldolly 2st &#8211; 680kg"},"content":{"rendered":"","protected":false},"excerpt":{"rendered":"<p data-start=\"64\" data-end=\"154\"><strong data-start=\"64\" data-end=\"154\">Mycket stabila hjuldollys tillverkade i 5 mm tjock, lackerad st\u00e5lpl\u00e5t med halkfri yta.<\/strong><\/p>\n<p data-start=\"156\" data-end=\"335\">Med en kapacitet p\u00e5 680 kg per dolly \u00e4r de v\u00e4l l\u00e4mpade \u00e4ven f\u00f6r tyngre fordon. Dollysen flyttas smidigt tack vare rej\u00e4la nylonhjul som inte l\u00e4mnar n\u00e5gra m\u00e4rken p\u00e5 golvet.<\/p>\n<p data-start=\"337\" data-end=\"357\"><strong data-start=\"337\" data-end=\"357\">Specifikationer:<\/strong><\/p>\n<ul>\n<li data-start=\"378\" data-end=\"393\">L\u00e4ngd: 405 mm<\/li>\n<li data-start=\"396\" data-end=\"411\">Bredd: 300 mm<\/li>\n<li data-start=\"414\" data-end=\"428\">H\u00f6jd: 105 mm<\/li>\n<li>Vikt: 7 kg\/st<\/li>\n<li data-start=\"431\" data-end=\"456\">Hjulstorlek: 72 x 30 mm<\/li>\n<li data-start=\"459\" data-end=\"483\">Material: durkpl\u00e5t i st\u00e5l, 5 mm<\/li>\n<li data-start=\"486\" data-end=\"529\">Fyra 360\u00b0 sv\u00e4ngbara, lagrade nylonhjul<\/li>\n<li data-start=\"532\" data-end=\"552\">Tv\u00e5 hjul med broms<\/li>\n<li data-start=\"555\" data-end=\"577\">Praktiskt b\u00e4rhandtag<\/li>\n<li data-start=\"555\" data-end=\"577\">Tillverkare: Geko<\/li>\n<li data-start=\"555\" data-end=\"577\">Levereras i 2-pack<\/li>\n<li data-start=\"555\" data-end=\"577\">Obs. produktens f\u00e4rg \u00e4r bl\u00e5.<\/li>\n<\/ul>\n","protected":false},"featured_media":26893,"template":"","meta":{"_acf_changed":false,"_seopress_robots_primary_cat":"none","_seopress_titles_title":"","_seopress_titles_desc":"","_seopress_robots_index":""},"product_cat":[283,20,282],"product_tag":[],"class_list":{"0":"post-26889","1":"product","2":"type-product","3":"status-publish","4":"has-post-thumbnail","6":"product_cat-domkraft-pallbock","7":"product_cat-lyftteknik","8":"product_cat-tillbehor-reservdelar","10":"first","11":"outofstock","12":"taxable","13":"shipping-taxable","14":"purchasable","15":"product-type-simple","swatches":"rey-swatches","show_selected":""},"acf":[],"_links":{"self":[{"href":"https:\/\/toolhouse.fi\/sv\/wp-json\/wp\/v2\/product\/26889","targetHints":{"allow":["GET"]}}],"collection":[{"href":"https:\/\/toolhouse.fi\/sv\/wp-json\/wp\/v2\/product"}],"about":[{"href":"https:\/\/toolhouse.fi\/sv\/wp-json\/wp\/v2\/types\/product"}],"version-history":[{"count":0,"href":"https:\/\/toolhouse.fi\/sv\/wp-json\/wp\/v2\/product\/26889\/revisions"}],"wp:featuredmedia":[{"embeddable":true,"href":"https:\/\/toolhouse.fi\/sv\/wp-json\/wp\/v2\/media\/26893"}],"wp:attachment":[{"href":"https:\/\/toolhouse.fi\/sv\/wp-json\/wp\/v2\/media?parent=26889"}],"wp:term":[{"taxonomy":"product_cat","embeddable":true,"href":"https:\/\/toolhouse.fi\/sv\/wp-json\/wp\/v2\/product_cat?post=26889"},{"taxonomy":"product_tag","embeddable":true,"href":"https:\/\/toolhouse.fi\/sv\/wp-json\/wp\/v2\/product_tag?post=26889"}],"curies":[{"name":"wp","href":"https:\/\/api.w.org\/{rel}","templated":true}]}}