{"id":26904,"date":"2025-06-25T15:00:13","date_gmt":"2025-06-25T12:00:13","guid":{"rendered":"https:\/\/toolhouse.fi\/?post_type=product&#038;p=26904"},"modified":"2026-03-27T16:01:14","modified_gmt":"2026-03-27T14:01:14","slug":"luftpafyllare-180cm-slang","status":"publish","type":"product","link":"https:\/\/toolhouse.fi\/sv\/produkt\/luftpafyllare-180cm-slang\/","title":{"rendered":"Luftp\u00e5fyllare &#8211; 180cm slang"},"content":{"rendered":"","protected":false},"excerpt":{"rendered":"<p>D\u00e4ckp\u00e5fyllare med stor och tydlig manometer samt l\u00e5ng slang p\u00e5 180cm. M\u00e4tomr\u00e5de p\u00e5 0\u201312 bar samt knapp f\u00f6r luftt\u00f6mning g\u00f6r d\u00e4ckp\u00e5fyllaren l\u00e4mplig f\u00f6r de flesta d\u00e4cken.<\/p>\n<ul>\n<li>Funktioner: luftp\u00e5fyllning, luftt\u00f6mning och tryckm\u00e4tning<\/li>\n<li>Manometen har st\u00f6tskydd av gummi<\/li>\n<li>M\u00e4tenheter: bar och psi<\/li>\n<li>M\u00e4tomr\u00e5de: 0 \u2013 12 bar (noggrannhet +\/- 1 %)<\/li>\n<li>Slangl\u00e4ngd 180 cm<\/li>\n<li>Luftkoppling 1\/4&#8243;<\/li>\n<li>Tillverkare: Geko<\/li>\n<\/ul>\n<p>&nbsp;<\/p>\n","protected":false},"featured_media":26912,"template":"","meta":{"_acf_changed":false,"_seopress_robots_primary_cat":"none","_seopress_titles_title":"","_seopress_titles_desc":"","_seopress_robots_index":""},"product_cat":[319,216],"product_tag":[],"class_list":{"0":"post-26904","1":"product","2":"type-product","3":"status-publish","4":"has-post-thumbnail","6":"product_cat-luftpafyllare","7":"product_cat-tryckluft-och-kompressor","9":"first","10":"instock","11":"taxable","12":"shipping-taxable","13":"purchasable","14":"product-type-simple","swatches":"rey-swatches","show_selected":""},"acf":[],"_links":{"self":[{"href":"https:\/\/toolhouse.fi\/sv\/wp-json\/wp\/v2\/product\/26904","targetHints":{"allow":["GET"]}}],"collection":[{"href":"https:\/\/toolhouse.fi\/sv\/wp-json\/wp\/v2\/product"}],"about":[{"href":"https:\/\/toolhouse.fi\/sv\/wp-json\/wp\/v2\/types\/product"}],"version-history":[{"count":2,"href":"https:\/\/toolhouse.fi\/sv\/wp-json\/wp\/v2\/product\/26904\/revisions"}],"predecessor-version":[{"id":26924,"href":"https:\/\/toolhouse.fi\/sv\/wp-json\/wp\/v2\/product\/26904\/revisions\/26924"}],"wp:featuredmedia":[{"embeddable":true,"href":"https:\/\/toolhouse.fi\/sv\/wp-json\/wp\/v2\/media\/26912"}],"wp:attachment":[{"href":"https:\/\/toolhouse.fi\/sv\/wp-json\/wp\/v2\/media?parent=26904"}],"wp:term":[{"taxonomy":"product_cat","embeddable":true,"href":"https:\/\/toolhouse.fi\/sv\/wp-json\/wp\/v2\/product_cat?post=26904"},{"taxonomy":"product_tag","embeddable":true,"href":"https:\/\/toolhouse.fi\/sv\/wp-json\/wp\/v2\/product_tag?post=26904"}],"curies":[{"name":"wp","href":"https:\/\/api.w.org\/{rel}","templated":true}]}}