{"id":26927,"date":"2025-06-26T18:19:08","date_gmt":"2025-06-26T15:19:08","guid":{"rendered":"https:\/\/toolhouse.fi\/?post_type=product&#038;p=26927"},"modified":"2025-07-02T12:31:35","modified_gmt":"2025-07-02T09:31:35","slug":"pafyllningsnippel-till-luftpafyllare-dubbelsidig","status":"publish","type":"product","link":"https:\/\/toolhouse.fi\/sv\/produkt\/pafyllningsnippel-till-luftpafyllare-dubbelsidig\/","title":{"rendered":"P\u00e5fyllningsnippel till luftp\u00e5fyllare, dubbelsidig"},"content":{"rendered":"","protected":false},"excerpt":{"rendered":"<p>P\u00e5fyllningsnippel dubbelsidig<\/p>\n<p>&nbsp;<\/p>\n<ul>\n<li>Passar till alla luftp\u00e5fyllare med 1\/4\u2033\u00a0 g\u00e4nga<\/li>\n<li>L\u00e4ngd: 145 mm<\/li>\n<li>1\/4\u2033 inv\u00e4ndig g\u00e4nga.<\/li>\n<li>Tillverkare: Geko<\/li>\n<\/ul>\n","protected":false},"featured_media":26930,"template":"","meta":{"_acf_changed":false,"_seopress_robots_primary_cat":"none","_seopress_titles_title":"","_seopress_titles_desc":"","_seopress_robots_index":""},"product_cat":[319,216],"product_tag":[],"class_list":{"0":"post-26927","1":"product","2":"type-product","3":"status-publish","4":"has-post-thumbnail","6":"product_cat-luftpafyllare","7":"product_cat-tryckluft-och-kompressor","9":"first","10":"instock","11":"taxable","12":"shipping-taxable","13":"purchasable","14":"product-type-simple","swatches":"rey-swatches","show_selected":""},"acf":[],"_links":{"self":[{"href":"https:\/\/toolhouse.fi\/sv\/wp-json\/wp\/v2\/product\/26927","targetHints":{"allow":["GET"]}}],"collection":[{"href":"https:\/\/toolhouse.fi\/sv\/wp-json\/wp\/v2\/product"}],"about":[{"href":"https:\/\/toolhouse.fi\/sv\/wp-json\/wp\/v2\/types\/product"}],"version-history":[{"count":1,"href":"https:\/\/toolhouse.fi\/sv\/wp-json\/wp\/v2\/product\/26927\/revisions"}],"predecessor-version":[{"id":26936,"href":"https:\/\/toolhouse.fi\/sv\/wp-json\/wp\/v2\/product\/26927\/revisions\/26936"}],"wp:featuredmedia":[{"embeddable":true,"href":"https:\/\/toolhouse.fi\/sv\/wp-json\/wp\/v2\/media\/26930"}],"wp:attachment":[{"href":"https:\/\/toolhouse.fi\/sv\/wp-json\/wp\/v2\/media?parent=26927"}],"wp:term":[{"taxonomy":"product_cat","embeddable":true,"href":"https:\/\/toolhouse.fi\/sv\/wp-json\/wp\/v2\/product_cat?post=26927"},{"taxonomy":"product_tag","embeddable":true,"href":"https:\/\/toolhouse.fi\/sv\/wp-json\/wp\/v2\/product_tag?post=26927"}],"curies":[{"name":"wp","href":"https:\/\/api.w.org\/{rel}","templated":true}]}}