{"id":26988,"date":"2025-07-03T11:46:58","date_gmt":"2025-07-03T08:46:58","guid":{"rendered":"https:\/\/toolhouse.fi\/?post_type=product&#038;p=26988"},"modified":"2025-07-11T00:18:10","modified_gmt":"2025-07-10T21:18:10","slug":"pafyllningsnippel-till-luftpafyllare-8mm","status":"publish","type":"product","link":"https:\/\/toolhouse.fi\/sv\/produkt\/pafyllningsnippel-till-luftpafyllare-8mm\/","title":{"rendered":"P\u00e5fyllningsnippel till luftp\u00e5fyllare 8mm"},"content":{"rendered":"","protected":false},"excerpt":{"rendered":"<p>P\u00e5fyllningsnippel av m\u00e4ssing.<\/p>\n<p>Slanganslutning: 8 mm.<\/p>\n<p>Tillverkare: Geko<\/p>\n","protected":false},"featured_media":26991,"template":"","meta":{"_acf_changed":false,"_seopress_robots_primary_cat":"none","_seopress_titles_title":"","_seopress_titles_desc":"","_seopress_robots_index":""},"product_cat":[319,216],"product_tag":[],"class_list":{"0":"post-26988","1":"product","2":"type-product","3":"status-publish","4":"has-post-thumbnail","6":"product_cat-luftpafyllare","7":"product_cat-tryckluft-och-kompressor","9":"first","10":"instock","11":"taxable","12":"shipping-taxable","13":"purchasable","14":"product-type-simple","swatches":"rey-swatches","show_selected":""},"acf":[],"_links":{"self":[{"href":"https:\/\/toolhouse.fi\/sv\/wp-json\/wp\/v2\/product\/26988","targetHints":{"allow":["GET"]}}],"collection":[{"href":"https:\/\/toolhouse.fi\/sv\/wp-json\/wp\/v2\/product"}],"about":[{"href":"https:\/\/toolhouse.fi\/sv\/wp-json\/wp\/v2\/types\/product"}],"version-history":[{"count":1,"href":"https:\/\/toolhouse.fi\/sv\/wp-json\/wp\/v2\/product\/26988\/revisions"}],"predecessor-version":[{"id":26997,"href":"https:\/\/toolhouse.fi\/sv\/wp-json\/wp\/v2\/product\/26988\/revisions\/26997"}],"wp:featuredmedia":[{"embeddable":true,"href":"https:\/\/toolhouse.fi\/sv\/wp-json\/wp\/v2\/media\/26991"}],"wp:attachment":[{"href":"https:\/\/toolhouse.fi\/sv\/wp-json\/wp\/v2\/media?parent=26988"}],"wp:term":[{"taxonomy":"product_cat","embeddable":true,"href":"https:\/\/toolhouse.fi\/sv\/wp-json\/wp\/v2\/product_cat?post=26988"},{"taxonomy":"product_tag","embeddable":true,"href":"https:\/\/toolhouse.fi\/sv\/wp-json\/wp\/v2\/product_tag?post=26988"}],"curies":[{"name":"wp","href":"https:\/\/api.w.org\/{rel}","templated":true}]}}