{"id":27014,"date":"2025-07-03T12:03:48","date_gmt":"2025-07-03T09:03:48","guid":{"rendered":"https:\/\/toolhouse.fi\/?post_type=product&#038;p=27014"},"modified":"2025-07-03T12:05:02","modified_gmt":"2025-07-03T09:05:02","slug":"sliprondell-150mm-p60-50-st","status":"publish","type":"product","link":"https:\/\/toolhouse.fi\/sv\/produkt\/sliprondell-150mm-p60-50-st\/","title":{"rendered":"Sliprondell 150mm, P60, 50 st"},"content":{"rendered":"","protected":false},"excerpt":{"rendered":"<p>Sliprondell med 8 h\u00e5l, 50 st<\/p>\n<p>L\u00e4mpliga f\u00f6r metall, tr\u00e4, plast, spackel mm.<\/p>\n<ul>\n<li>Diameter: 150 mm<\/li>\n<li>Korn: 60<\/li>\n<li>H\u00e5l: 8st<\/li>\n<li>F\u00e4ste: Kardborre<\/li>\n<li>Antal i paketet: 50 st<\/li>\n<\/ul>\n<p>Tillverkare: Geko<\/p>\n","protected":false},"featured_media":27005,"template":"","meta":{"_acf_changed":false,"_seopress_robots_primary_cat":"none","_seopress_titles_title":"","_seopress_titles_desc":"","_seopress_robots_index":""},"product_cat":[338,583,21],"product_tag":[],"class_list":{"0":"post-27014","1":"product","2":"type-product","3":"status-publish","4":"has-post-thumbnail","6":"product_cat-fordonsverktyg","7":"product_cat-karosseriverktyg","8":"product_cat-verkstadsutrustning","10":"first","11":"instock","12":"taxable","13":"shipping-taxable","14":"purchasable","15":"product-type-simple","swatches":"rey-swatches","show_selected":""},"acf":[],"_links":{"self":[{"href":"https:\/\/toolhouse.fi\/sv\/wp-json\/wp\/v2\/product\/27014","targetHints":{"allow":["GET"]}}],"collection":[{"href":"https:\/\/toolhouse.fi\/sv\/wp-json\/wp\/v2\/product"}],"about":[{"href":"https:\/\/toolhouse.fi\/sv\/wp-json\/wp\/v2\/types\/product"}],"version-history":[{"count":1,"href":"https:\/\/toolhouse.fi\/sv\/wp-json\/wp\/v2\/product\/27014\/revisions"}],"predecessor-version":[{"id":27016,"href":"https:\/\/toolhouse.fi\/sv\/wp-json\/wp\/v2\/product\/27014\/revisions\/27016"}],"wp:featuredmedia":[{"embeddable":true,"href":"https:\/\/toolhouse.fi\/sv\/wp-json\/wp\/v2\/media\/27005"}],"wp:attachment":[{"href":"https:\/\/toolhouse.fi\/sv\/wp-json\/wp\/v2\/media?parent=27014"}],"wp:term":[{"taxonomy":"product_cat","embeddable":true,"href":"https:\/\/toolhouse.fi\/sv\/wp-json\/wp\/v2\/product_cat?post=27014"},{"taxonomy":"product_tag","embeddable":true,"href":"https:\/\/toolhouse.fi\/sv\/wp-json\/wp\/v2\/product_tag?post=27014"}],"curies":[{"name":"wp","href":"https:\/\/api.w.org\/{rel}","templated":true}]}}