{"id":27027,"date":"2025-07-03T15:38:46","date_gmt":"2025-07-03T12:38:46","guid":{"rendered":"https:\/\/toolhouse.fi\/?post_type=product&#038;p=27027"},"modified":"2025-07-11T00:01:21","modified_gmt":"2025-07-10T21:01:21","slug":"dackjarn-400mm","status":"publish","type":"product","link":"https:\/\/toolhouse.fi\/sv\/produkt\/dackjarn-400mm\/","title":{"rendered":"D\u00e4ckj\u00e4rn 400mm"},"content":{"rendered":"","protected":false},"excerpt":{"rendered":"<p>D\u00e4ckj\u00e4rn med smidiga och slimmade \u00e4ndar, perfekt f\u00f6r arbete med b\u00e5de standard- och l\u00e5gprofild\u00e4ck.<\/p>\n<p>&nbsp;<\/p>\n<ul>\n<li>L\u00e4ngd: 400 mm<\/li>\n<li>Material: h\u00e4rdat,f\u00f6rkromat st\u00e5l<\/li>\n<li>Tillverkare: Geko<\/li>\n<\/ul>\n","protected":false},"featured_media":27029,"template":"","meta":{"_acf_changed":false,"_seopress_robots_primary_cat":"none","_seopress_titles_title":"","_seopress_titles_desc":"","_seopress_robots_index":""},"product_cat":[593,160],"product_tag":[],"class_list":{"0":"post-27027","1":"product","2":"type-product","3":"status-publish","4":"has-post-thumbnail","6":"product_cat-tillbehor-och-reservdelar","7":"product_cat-tillbehor-verktyg","8":"product_shipping_class-tillbehor-790","10":"first","11":"instock","12":"taxable","13":"shipping-taxable","14":"purchasable","15":"product-type-simple","swatches":"rey-swatches","show_selected":""},"acf":[],"_links":{"self":[{"href":"https:\/\/toolhouse.fi\/sv\/wp-json\/wp\/v2\/product\/27027","targetHints":{"allow":["GET"]}}],"collection":[{"href":"https:\/\/toolhouse.fi\/sv\/wp-json\/wp\/v2\/product"}],"about":[{"href":"https:\/\/toolhouse.fi\/sv\/wp-json\/wp\/v2\/types\/product"}],"version-history":[{"count":1,"href":"https:\/\/toolhouse.fi\/sv\/wp-json\/wp\/v2\/product\/27027\/revisions"}],"predecessor-version":[{"id":27033,"href":"https:\/\/toolhouse.fi\/sv\/wp-json\/wp\/v2\/product\/27027\/revisions\/27033"}],"wp:featuredmedia":[{"embeddable":true,"href":"https:\/\/toolhouse.fi\/sv\/wp-json\/wp\/v2\/media\/27029"}],"wp:attachment":[{"href":"https:\/\/toolhouse.fi\/sv\/wp-json\/wp\/v2\/media?parent=27027"}],"wp:term":[{"taxonomy":"product_cat","embeddable":true,"href":"https:\/\/toolhouse.fi\/sv\/wp-json\/wp\/v2\/product_cat?post=27027"},{"taxonomy":"product_tag","embeddable":true,"href":"https:\/\/toolhouse.fi\/sv\/wp-json\/wp\/v2\/product_tag?post=27027"}],"curies":[{"name":"wp","href":"https:\/\/api.w.org\/{rel}","templated":true}]}}