{"id":27036,"date":"2025-07-03T16:16:10","date_gmt":"2025-07-03T13:16:10","guid":{"rendered":"https:\/\/toolhouse.fi\/?post_type=product&#038;p=27036"},"modified":"2025-07-10T23:58:58","modified_gmt":"2025-07-10T20:58:58","slug":"tandningsprovare-10-40-kv","status":"publish","type":"product","link":"https:\/\/toolhouse.fi\/sv\/produkt\/tandningsprovare-10-40-kv\/","title":{"rendered":"T\u00e4ndningsprovare 10 &#8211; 40 kV"},"content":{"rendered":"","protected":false},"excerpt":{"rendered":"<p data-start=\"60\" data-end=\"98\"><strong data-start=\"60\" data-end=\"98\">Testare f\u00f6r kontroll av t\u00e4ndsystem<\/strong><\/p>\n<p data-start=\"100\" data-end=\"278\">Med denna testare kan du enkelt fels\u00f6ka t\u00e4ndsystemet, kontrollera om t\u00e4ndspolen \u00e4r skadad samt testa gnistans styrka och kvalitet. M\u00e4tningsomr\u00e5det \u00e4r 10 till 40 kV.<\/p>\n<p data-start=\"280\" data-end=\"380\">Testaren kopplas mellan t\u00e4ndhatten och jord. D\u00e4refter kontrolleras gnistan genom att dra runt motorn.<\/p>\n","protected":false},"featured_media":27043,"template":"","meta":{"_acf_changed":false,"_seopress_robots_primary_cat":"none","_seopress_titles_title":"","_seopress_titles_desc":"","_seopress_robots_index":""},"product_cat":[338,582,349,21],"product_tag":[],"class_list":{"0":"post-27036","1":"product","2":"type-product","3":"status-publish","4":"has-post-thumbnail","6":"product_cat-fordonsverktyg","7":"product_cat-motorverktyg","8":"product_cat-ovrigt","9":"product_cat-verkstadsutrustning","11":"first","12":"instock","13":"taxable","14":"shipping-taxable","15":"purchasable","16":"product-type-simple","swatches":"rey-swatches","show_selected":""},"acf":[],"_links":{"self":[{"href":"https:\/\/toolhouse.fi\/sv\/wp-json\/wp\/v2\/product\/27036","targetHints":{"allow":["GET"]}}],"collection":[{"href":"https:\/\/toolhouse.fi\/sv\/wp-json\/wp\/v2\/product"}],"about":[{"href":"https:\/\/toolhouse.fi\/sv\/wp-json\/wp\/v2\/types\/product"}],"version-history":[{"count":2,"href":"https:\/\/toolhouse.fi\/sv\/wp-json\/wp\/v2\/product\/27036\/revisions"}],"predecessor-version":[{"id":27054,"href":"https:\/\/toolhouse.fi\/sv\/wp-json\/wp\/v2\/product\/27036\/revisions\/27054"}],"wp:featuredmedia":[{"embeddable":true,"href":"https:\/\/toolhouse.fi\/sv\/wp-json\/wp\/v2\/media\/27043"}],"wp:attachment":[{"href":"https:\/\/toolhouse.fi\/sv\/wp-json\/wp\/v2\/media?parent=27036"}],"wp:term":[{"taxonomy":"product_cat","embeddable":true,"href":"https:\/\/toolhouse.fi\/sv\/wp-json\/wp\/v2\/product_cat?post=27036"},{"taxonomy":"product_tag","embeddable":true,"href":"https:\/\/toolhouse.fi\/sv\/wp-json\/wp\/v2\/product_tag?post=27036"}],"curies":[{"name":"wp","href":"https:\/\/api.w.org\/{rel}","templated":true}]}}