{"id":27084,"date":"2025-07-10T13:04:13","date_gmt":"2025-07-10T10:04:13","guid":{"rendered":"https:\/\/toolhouse.fi\/?post_type=product&#038;p=27084"},"modified":"2025-10-03T13:47:18","modified_gmt":"2025-10-03T10:47:18","slug":"magnetverktyg-bojbar-med-led-ljus","status":"publish","type":"product","link":"https:\/\/toolhouse.fi\/sv\/produkt\/magnetverktyg-bojbar-med-led-ljus\/","title":{"rendered":"Magnetverktyg b\u00f6jbar med Led ljus"},"content":{"rendered":"","protected":false},"excerpt":{"rendered":"<p data-start=\"75\" data-end=\"133\"><strong data-start=\"75\" data-end=\"133\">Smidig plockmagnet med LED-belysning och b\u00f6jbart skaft<\/strong><\/p>\n<p data-start=\"135\" data-end=\"369\">Praktisk verktygsmagnet med flexibelt metallskaft som g\u00f6r det enkelt att n\u00e5 tr\u00e5nga utrymmen. Utrustad med inbyggd LED-lampa f\u00f6r god sikt \u00e4ven i m\u00f6rka h\u00f6rn. Perfekt f\u00f6r att plocka upp tappade skruvar, muttrar eller andra metallf\u00f6rem\u00e5l.<\/p>\n<ul>\n<li data-start=\"373\" data-end=\"387\">L\u00e4ngd: 57 cm<\/li>\n<li data-start=\"390\" data-end=\"413\">Magnetdiameter: 17 mm<\/li>\n<li data-start=\"416\" data-end=\"451\">B\u00f6jbart skaft f\u00f6r optimal \u00e5tkomst<\/li>\n<li data-start=\"454\" data-end=\"473\">Inbyggd LED-lampa<\/li>\n<li data-start=\"476\" data-end=\"513\">Utbytbara batterier (3 st LR44 ing\u00e5r)<\/li>\n<\/ul>\n","protected":false},"featured_media":27089,"template":"","meta":{"_acf_changed":false,"_seopress_robots_primary_cat":"none","_seopress_titles_title":"","_seopress_titles_desc":"","_seopress_robots_index":""},"product_cat":[349,336,21],"product_tag":[],"class_list":{"0":"post-27084","1":"product","2":"type-product","3":"status-publish","4":"has-post-thumbnail","6":"product_cat-ovrigt","7":"product_cat-verktyg","8":"product_cat-verkstadsutrustning","10":"first","11":"instock","12":"taxable","13":"shipping-taxable","14":"purchasable","15":"product-type-simple","swatches":"rey-swatches","show_selected":""},"acf":[],"_links":{"self":[{"href":"https:\/\/toolhouse.fi\/sv\/wp-json\/wp\/v2\/product\/27084","targetHints":{"allow":["GET"]}}],"collection":[{"href":"https:\/\/toolhouse.fi\/sv\/wp-json\/wp\/v2\/product"}],"about":[{"href":"https:\/\/toolhouse.fi\/sv\/wp-json\/wp\/v2\/types\/product"}],"version-history":[{"count":1,"href":"https:\/\/toolhouse.fi\/sv\/wp-json\/wp\/v2\/product\/27084\/revisions"}],"predecessor-version":[{"id":27087,"href":"https:\/\/toolhouse.fi\/sv\/wp-json\/wp\/v2\/product\/27084\/revisions\/27087"}],"wp:featuredmedia":[{"embeddable":true,"href":"https:\/\/toolhouse.fi\/sv\/wp-json\/wp\/v2\/media\/27089"}],"wp:attachment":[{"href":"https:\/\/toolhouse.fi\/sv\/wp-json\/wp\/v2\/media?parent=27084"}],"wp:term":[{"taxonomy":"product_cat","embeddable":true,"href":"https:\/\/toolhouse.fi\/sv\/wp-json\/wp\/v2\/product_cat?post=27084"},{"taxonomy":"product_tag","embeddable":true,"href":"https:\/\/toolhouse.fi\/sv\/wp-json\/wp\/v2\/product_tag?post=27084"}],"curies":[{"name":"wp","href":"https:\/\/api.w.org\/{rel}","templated":true}]}}