{"id":27101,"date":"2025-07-10T14:52:59","date_gmt":"2025-07-10T11:52:59","guid":{"rendered":"https:\/\/toolhouse.fi\/?post_type=product&#038;p=27101"},"modified":"2026-02-25T12:18:55","modified_gmt":"2026-02-25T10:18:55","slug":"kylarcellsverktyg","status":"publish","type":"product","link":"https:\/\/toolhouse.fi\/sv\/produkt\/kylarcellsverktyg\/","title":{"rendered":"Kylarcellsverktyg"},"content":{"rendered":"","protected":false},"excerpt":{"rendered":"<p>Verktyg f\u00f6r att r\u00e4ta ut, rikta och reng\u00f6ra kylfl\u00e4nsarna p\u00e5 kylare. Kylarcellsverktyget har sex olika storlekar p\u00e5 kammarna och passar till de flesta kylare.<\/p>\n","protected":false},"featured_media":27108,"template":"","meta":{"_acf_changed":false,"_seopress_robots_primary_cat":"none","_seopress_titles_title":"","_seopress_titles_desc":"","_seopress_robots_index":""},"product_cat":[338,582,349,21],"product_tag":[],"class_list":{"0":"post-27101","1":"product","2":"type-product","3":"status-publish","4":"has-post-thumbnail","6":"product_cat-fordonsverktyg","7":"product_cat-motorverktyg","8":"product_cat-ovrigt","9":"product_cat-verkstadsutrustning","11":"first","12":"instock","13":"taxable","14":"shipping-taxable","15":"purchasable","16":"product-type-simple","swatches":"rey-swatches","show_selected":""},"acf":[],"_links":{"self":[{"href":"https:\/\/toolhouse.fi\/sv\/wp-json\/wp\/v2\/product\/27101","targetHints":{"allow":["GET"]}}],"collection":[{"href":"https:\/\/toolhouse.fi\/sv\/wp-json\/wp\/v2\/product"}],"about":[{"href":"https:\/\/toolhouse.fi\/sv\/wp-json\/wp\/v2\/types\/product"}],"version-history":[{"count":5,"href":"https:\/\/toolhouse.fi\/sv\/wp-json\/wp\/v2\/product\/27101\/revisions"}],"predecessor-version":[{"id":27121,"href":"https:\/\/toolhouse.fi\/sv\/wp-json\/wp\/v2\/product\/27101\/revisions\/27121"}],"wp:featuredmedia":[{"embeddable":true,"href":"https:\/\/toolhouse.fi\/sv\/wp-json\/wp\/v2\/media\/27108"}],"wp:attachment":[{"href":"https:\/\/toolhouse.fi\/sv\/wp-json\/wp\/v2\/media?parent=27101"}],"wp:term":[{"taxonomy":"product_cat","embeddable":true,"href":"https:\/\/toolhouse.fi\/sv\/wp-json\/wp\/v2\/product_cat?post=27101"},{"taxonomy":"product_tag","embeddable":true,"href":"https:\/\/toolhouse.fi\/sv\/wp-json\/wp\/v2\/product_tag?post=27101"}],"curies":[{"name":"wp","href":"https:\/\/api.w.org\/{rel}","templated":true}]}}