{"id":27122,"date":"2025-07-10T15:20:16","date_gmt":"2025-07-10T12:20:16","guid":{"rendered":"https:\/\/toolhouse.fi\/?post_type=product&#038;p=27122"},"modified":"2025-07-11T00:06:10","modified_gmt":"2025-07-10T21:06:10","slug":"borrgangtapp-m3-m10","status":"publish","type":"product","link":"https:\/\/toolhouse.fi\/sv\/produkt\/borrgangtapp-m3-m10\/","title":{"rendered":"Borrg\u00e4ngtapp M3 &#8211; M10"},"content":{"rendered":"","protected":false},"excerpt":{"rendered":"<div class=\"flex basis-auto flex-col -mb-(--composer-overlap-px) [--composer-overlap-px:55px] grow overflow-hidden\">\n<div class=\"relative h-full\">\n<div class=\"flex h-full flex-col overflow-y-auto [scrollbar-gutter:stable_both-edges] @[84rem]\/thread:pt-(--header-height)\">\n<div class=\"@thread-xl\/thread:pt-header-height flex flex-col text-sm pb-25\">\n<article class=\"text-token-text-primary w-full\" dir=\"auto\" data-testid=\"conversation-turn-124\" data-scroll-anchor=\"true\">\n<div class=\"text-base my-auto mx-auto py-5 [--thread-content-margin:--spacing(4)] @[37rem]:[--thread-content-margin:--spacing(6)] @[72rem]:[--thread-content-margin:--spacing(16)] px-(--thread-content-margin)\">\n<div class=\"[--thread-content-max-width:32rem] @[34rem]:[--thread-content-max-width:40rem] @[64rem]:[--thread-content-max-width:48rem] mx-auto flex max-w-(--thread-content-max-width) flex-1 text-base gap-4 md:gap-5 lg:gap-6 group\/turn-messages focus-visible:outline-hidden\" tabindex=\"-1\">\n<div class=\"group\/conversation-turn relative flex w-full min-w-0 flex-col agent-turn\">\n<div class=\"relative flex-col gap-1 md:gap-3\">\n<div class=\"flex max-w-full flex-col grow\">\n<div class=\"min-h-8 text-message relative flex w-full flex-col items-end gap-2 text-start break-words whitespace-normal [.text-message+&amp;]:mt-5\" dir=\"auto\" data-message-author-role=\"assistant\" data-message-id=\"d74e980f-0e2c-42f3-9433-7d03c25c8fcf\" data-message-model-slug=\"gpt-4o\">\n<div class=\"flex w-full flex-col gap-1 empty:hidden first:pt-[3px]\">\n<div class=\"markdown prose dark:prose-invert w-full break-words light\">\n<p data-start=\"79\" data-end=\"148\"><strong data-start=\"79\" data-end=\"148\">Komplett g\u00e4ngborrsats i HSS-st\u00e5l med titaniumbel\u00e4ggning \u2013 6 delar<\/strong><\/p>\n<p data-start=\"150\" data-end=\"386\">Kompletta sats med g\u00e4ngborrar, den perfekta l\u00f6sningen f\u00f6r precision, h\u00e5llbarhet och enkel anv\u00e4ndning. Med sex olika storlekar kan du borra och g\u00e4nga h\u00e5l i ett enda arbetsmoment \u2013 utan att beh\u00f6va byta verktyg.<\/p>\n<p data-start=\"388\" data-end=\"413\"><strong data-start=\"388\" data-end=\"413\">Inneh\u00e5ll \u2013 storlekar:<\/strong><\/p>\n<ul>\n<li data-start=\"416\" data-end=\"429\">M3 x 0,5 mm<\/li>\n<li data-start=\"432\" data-end=\"445\">M4 x 0,7 mm<\/li>\n<li data-start=\"448\" data-end=\"461\">M5 x 0,8 mm<\/li>\n<li data-start=\"464\" data-end=\"477\">M6 x 1,0 mm<\/li>\n<li data-start=\"480\" data-end=\"494\">M8 x 1,25 mm<\/li>\n<li data-start=\"497\" data-end=\"511\">M10 x 1,5 mm<\/li>\n<\/ul>\n<p>&nbsp;<\/p>\n<ul>\n<li data-start=\"592\" data-end=\"638\">Material: HSS-TiN<\/li>\n<li data-start=\"641\" data-end=\"710\">Bel\u00e4ggning: Titan (TiN) \u2013 f\u00f6r \u00f6kad slitstyrka och v\u00e4rmet\u00e5lighet<\/li>\n<li data-start=\"713\" data-end=\"798\">Inf\u00e4stning: HEX 1\/4\u201d passar de flesta skruvdragare och snabbchuckar<\/li>\n<li data-start=\"801\" data-end=\"871\">Anv\u00e4ndning: F\u00f6r metall, aluminium, plast och syntetiska material<\/li>\n<li>Tillverkare: Geko<\/li>\n<\/ul>\n<hr data-start=\"1327\" data-end=\"1331\" \/>\n<\/div>\n<\/div>\n<\/div>\n<\/div>\n<\/div>\n<\/div>\n<\/div>\n<\/div>\n<\/article>\n<\/div>\n<\/div>\n<\/div>\n<\/div>\n<div id=\"thread-bottom-container\" class=\"content-fade relative isolate z-10 w-full basis-auto has-data-has-thread-error:pt-2 has-data-has-thread-error:[box-shadow:var(--sharp-edge-bottom-shadow)] md:border-transparent md:pt-0 dark:border-white\/20 md:dark:border-transparent flex flex-col\">\n<div id=\"thread-bottom\">\n<div class=\"text-base mx-auto [--thread-content-margin:--spacing(4)] @[37rem]:[--thread-content-margin:--spacing(6)] @[72rem]:[--thread-content-margin:--spacing(16)] px-(--thread-content-margin)\">\n<div class=\"[--thread-content-max-width:32rem] @[34rem]:[--thread-content-max-width:40rem] @[64rem]:[--thread-content-max-width:48rem] mx-auto flex max-w-(--thread-content-max-width) flex-1 text-base gap-4 md:gap-5 lg:gap-6\">\n<div class=\"max-xs:[--force-hide-label:none] relative z-1 flex h-full max-w-full flex-1 flex-col\" role=\"button\" aria-haspopup=\"dialog\" aria-expanded=\"false\" aria-controls=\"radix-\u00abRp4lij59jm595j5\u00bb\" data-state=\"closed\">\n<div class=\"absolute start-0 end-0 bottom-full z-20\"><\/div>\n<form class=\"w-full [view-transition-name:var(--vt-composer)]\" role=\"region\" aria-label=\"Meddelandeskapare\" data-type=\"unified-composer\">\n<div class=\"bg-token-bg-primary flex w-full cursor-text flex-col items-center justify-center overflow-clip bg-clip-padding contain-inline-size dark:bg-[#303030] shadow-short rounded-[28px]\">\n<div class=\"relative flex w-full items-end px-2.5 py-2.5\">\n<div class=\"relative flex w-full flex-auto flex-col\">\n<div class=\"relative mx-2.5 grid grid-cols-[auto_minmax(0,1fr)]\">\n<div class=\"items-top flex justify-center\">\n<div><\/div>\n<\/div>\n<\/div>\n<\/div>\n<\/div>\n<\/div>\n<\/form>\n<\/div>\n<\/div>\n<\/div>\n<\/div>\n<\/div>\n","protected":false},"featured_media":27127,"template":"","meta":{"_acf_changed":false,"_seopress_robots_primary_cat":"none","_seopress_titles_title":"","_seopress_titles_desc":"","_seopress_robots_index":""},"product_cat":[580,598,55,599,336,21],"product_tag":[],"class_list":{"0":"post-27122","1":"product","2":"type-product","3":"status-publish","4":"has-post-thumbnail","6":"product_cat-gangverktyg","7":"product_cat-metallbearbetning","8":"product_cat-svets-metallarbete","9":"product_cat-tillbehor-metallbearbetning","10":"product_cat-verktyg","11":"product_cat-verkstadsutrustning","13":"first","14":"instock","15":"taxable","16":"shipping-taxable","17":"purchasable","18":"product-type-simple","swatches":"rey-swatches","show_selected":""},"acf":[],"_links":{"self":[{"href":"https:\/\/toolhouse.fi\/sv\/wp-json\/wp\/v2\/product\/27122","targetHints":{"allow":["GET"]}}],"collection":[{"href":"https:\/\/toolhouse.fi\/sv\/wp-json\/wp\/v2\/product"}],"about":[{"href":"https:\/\/toolhouse.fi\/sv\/wp-json\/wp\/v2\/types\/product"}],"version-history":[{"count":3,"href":"https:\/\/toolhouse.fi\/sv\/wp-json\/wp\/v2\/product\/27122\/revisions"}],"predecessor-version":[{"id":27135,"href":"https:\/\/toolhouse.fi\/sv\/wp-json\/wp\/v2\/product\/27122\/revisions\/27135"}],"wp:featuredmedia":[{"embeddable":true,"href":"https:\/\/toolhouse.fi\/sv\/wp-json\/wp\/v2\/media\/27127"}],"wp:attachment":[{"href":"https:\/\/toolhouse.fi\/sv\/wp-json\/wp\/v2\/media?parent=27122"}],"wp:term":[{"taxonomy":"product_cat","embeddable":true,"href":"https:\/\/toolhouse.fi\/sv\/wp-json\/wp\/v2\/product_cat?post=27122"},{"taxonomy":"product_tag","embeddable":true,"href":"https:\/\/toolhouse.fi\/sv\/wp-json\/wp\/v2\/product_tag?post=27122"}],"curies":[{"name":"wp","href":"https:\/\/api.w.org\/{rel}","templated":true}]}}