{"id":27161,"date":"2025-07-11T09:05:15","date_gmt":"2025-07-11T06:05:15","guid":{"rendered":"https:\/\/toolhouse.fi\/?post_type=product&#038;p=27161"},"modified":"2025-12-02T12:08:52","modified_gmt":"2025-12-02T10:08:52","slug":"chockluftare-18l-invento","status":"publish","type":"product","link":"https:\/\/toolhouse.fi\/sv\/produkt\/chockluftare-18l-invento\/","title":{"rendered":"Chockluftare 18L Invento"},"content":{"rendered":"<table class=\"n54117_dictionary\">\n<tbody>\n<tr>\n<td class=\"n54117_item_a1\">Tillverkare\u00a0<span class=\"n67256colon\">:<\/span><\/td>\n<td class=\"n54117_item_b1\">\n<div class=\"n54117_item_b_sub\"><span class=\"n54117_name_sub\">Invento<\/span><\/div>\n<\/td>\n<\/tr>\n<tr>\n<td class=\"n54117_item_a2\">Tankvolym\u00a0<span class=\"n67256colon\">:<\/span><\/td>\n<td class=\"n54117_item_b2\">\n<div class=\"n54117_item_b_sub\">18 L.<\/div>\n<\/td>\n<\/tr>\n<tr>\n<td class=\"n54117_item_a1\">Max tryck\u00a0<span class=\"n67256colon\">:<\/span><\/td>\n<td class=\"n54117_item_b1\">\n<div class=\"n54117_item_b_sub\">10 Bar<\/div>\n<\/td>\n<\/tr>\n<tr>\n<td class=\"n54117_item_a2\">Skala p\u00e5 m\u00e4tare\u00a0<span class=\"n67256colon\">:<\/span><\/td>\n<td class=\"n54117_item_b2\">\n<div class=\"n54117_item_b_sub\">Bar<\/div>\n<\/td>\n<\/tr>\n<tr>\n<td class=\"n54117_item_a1\">Arbetstryck\u00a0<span class=\"n67256colon\">:<\/span><\/td>\n<td class=\"n54117_item_b1\">\n<div class=\"n54117_item_b_sub\">8 Bar<\/div>\n<\/td>\n<\/tr>\n<tr>\n<td class=\"n54117_item_a2\">S\u00e4kerhetsventil\u00a0<span class=\"n67256colon\">:<\/span><\/p>\n<p>Vikt:<\/td>\n<td class=\"n54117_item_b2\">\n<div class=\"n54117_item_b_sub\">ja<\/div>\n<div>11,3 kg<\/div>\n<\/td>\n<\/tr>\n<tr>\n<td class=\"n54117_item_a1\">Garanti\u00a0<span class=\"n67256colon\">:<\/span><\/p>\n<p>Ce-m\u00e4rkt :<\/td>\n<td class=\"n54117_item_b1\">\n<div class=\"n54117_item_b_sub\">1 \u00e5r<\/div>\n<div><\/div>\n<div>Ja<\/div>\n<\/td>\n<\/tr>\n<\/tbody>\n<\/table>\n","protected":false},"excerpt":{"rendered":"<p>&nbsp;<\/p>\n<p><span style=\"background-color: var(--body-bg-color); color: var(--body-color); font-family: var(--body-font-family),sans-serif; font-size: 1.125rem; font-weight: var(--body-font-weight,400);\">Kompakt och kraftfull chockluftare p\u00e5 18 liter, perfekt f\u00f6r personbilar, paketbilar och l\u00e4tta lastbilar.<\/span><\/p>\n<div class=\"group\/conversation-turn relative flex w-full min-w-0 flex-col agent-turn\">\n<div class=\"flex-col gap-1 md:gap-3\">\n<div class=\"flex max-w-full flex-col flex-grow\">\n<div class=\"min-h-8 text-message flex w-full flex-col items-end gap-2 whitespace-normal break-words text-start [.text-message+&amp;]:mt-5\" dir=\"auto\" data-message-author-role=\"assistant\" data-message-id=\"3d33cb3c-85a5-400a-a4a0-c850ee9c2892\" data-message-model-slug=\"gpt-4o\">\n<div class=\"flex w-full flex-col gap-1 empty:hidden first:pt-[3px]\">\n<div class=\"markdown prose w-full break-words dark:prose-invert light\">\n<ul>\n<li>Rej\u00e4la handtag g\u00f6r den bekv\u00e4m och enkel att anv\u00e4nda<\/li>\n<li>Utrustad med \u00f6vertrycksventil f\u00f6r s\u00e4ker anv\u00e4ndning<\/li>\n<li>Tydlig tryckm\u00e4tare ger exakt kontroll \u00f6ver lufttrycket<\/li>\n<\/ul>\n<\/div>\n<\/div>\n<\/div>\n<\/div>\n<\/div>\n<\/div>\n","protected":false},"featured_media":27166,"template":"","meta":{"_acf_changed":false,"_seopress_robots_primary_cat":"none","_seopress_titles_title":"","_seopress_titles_desc":"","_seopress_robots_index":""},"product_cat":[308,18],"product_tag":[],"class_list":{"0":"post-27161","1":"product","2":"type-product","3":"status-publish","4":"has-post-thumbnail","6":"product_cat-chockluftare","7":"product_cat-dackarbete","9":"first","10":"outofstock","11":"taxable","12":"shipping-taxable","13":"purchasable","14":"product-type-simple","swatches":"rey-swatches","show_selected":""},"acf":[],"_links":{"self":[{"href":"https:\/\/toolhouse.fi\/sv\/wp-json\/wp\/v2\/product\/27161","targetHints":{"allow":["GET"]}}],"collection":[{"href":"https:\/\/toolhouse.fi\/sv\/wp-json\/wp\/v2\/product"}],"about":[{"href":"https:\/\/toolhouse.fi\/sv\/wp-json\/wp\/v2\/types\/product"}],"version-history":[{"count":2,"href":"https:\/\/toolhouse.fi\/sv\/wp-json\/wp\/v2\/product\/27161\/revisions"}],"predecessor-version":[{"id":27164,"href":"https:\/\/toolhouse.fi\/sv\/wp-json\/wp\/v2\/product\/27161\/revisions\/27164"}],"wp:featuredmedia":[{"embeddable":true,"href":"https:\/\/toolhouse.fi\/sv\/wp-json\/wp\/v2\/media\/27166"}],"wp:attachment":[{"href":"https:\/\/toolhouse.fi\/sv\/wp-json\/wp\/v2\/media?parent=27161"}],"wp:term":[{"taxonomy":"product_cat","embeddable":true,"href":"https:\/\/toolhouse.fi\/sv\/wp-json\/wp\/v2\/product_cat?post=27161"},{"taxonomy":"product_tag","embeddable":true,"href":"https:\/\/toolhouse.fi\/sv\/wp-json\/wp\/v2\/product_tag?post=27161"}],"curies":[{"name":"wp","href":"https:\/\/api.w.org\/{rel}","templated":true}]}}