{"id":27202,"date":"2025-07-14T13:08:55","date_gmt":"2025-07-14T10:08:55","guid":{"rendered":"https:\/\/toolhouse.fi\/?post_type=product&#038;p=27202"},"modified":"2025-08-13T12:45:33","modified_gmt":"2025-08-13T09:45:33","slug":"servicesvagn-invento","status":"publish","type":"product","link":"https:\/\/toolhouse.fi\/sv\/produkt\/servicesvagn-invento\/","title":{"rendered":"Servicesvagn Invento"},"content":{"rendered":"","protected":false},"excerpt":{"rendered":"<p>Beh\u00e4ndig verktygsagn med tre hyllor, skruvmejselh\u00e5llare samt sidopaneler med flyttbara upph\u00e4ngningskrokar.<\/p>\n<p>Fyra nylonhjul varav 2 \u00e4r sv\u00e4ngbara.<\/p>\n<ul>\n<li>H\u00f6jd: 76 cm<\/li>\n<li>L\u00e4ngd: 80 cm<\/li>\n<li>Bredd: 36 cm<\/li>\n<li>Maximal last: 140 kg<\/li>\n<li>Vikt: 12 kg<\/li>\n<li>12 st krokar medf\u00f6ljer<\/li>\n<\/ul>\n","protected":false},"featured_media":27218,"template":"","meta":{"_acf_changed":false,"_seopress_robots_primary_cat":"none","_seopress_titles_title":"","_seopress_titles_desc":"","_seopress_robots_index":""},"product_cat":[349,336,21,587],"product_tag":[],"class_list":{"0":"post-27202","1":"product","2":"type-product","3":"status-publish","4":"has-post-thumbnail","6":"product_cat-ovrigt","7":"product_cat-verktyg","8":"product_cat-verkstadsutrustning","9":"product_cat-verktygsvagnar-forvaring","10":"product_shipping_class-k-160","12":"first","13":"instock","14":"taxable","15":"shipping-taxable","16":"purchasable","17":"product-type-simple","swatches":"rey-swatches","show_selected":""},"acf":[],"_links":{"self":[{"href":"https:\/\/toolhouse.fi\/sv\/wp-json\/wp\/v2\/product\/27202","targetHints":{"allow":["GET"]}}],"collection":[{"href":"https:\/\/toolhouse.fi\/sv\/wp-json\/wp\/v2\/product"}],"about":[{"href":"https:\/\/toolhouse.fi\/sv\/wp-json\/wp\/v2\/types\/product"}],"version-history":[{"count":4,"href":"https:\/\/toolhouse.fi\/sv\/wp-json\/wp\/v2\/product\/27202\/revisions"}],"predecessor-version":[{"id":27224,"href":"https:\/\/toolhouse.fi\/sv\/wp-json\/wp\/v2\/product\/27202\/revisions\/27224"}],"wp:featuredmedia":[{"embeddable":true,"href":"https:\/\/toolhouse.fi\/sv\/wp-json\/wp\/v2\/media\/27218"}],"wp:attachment":[{"href":"https:\/\/toolhouse.fi\/sv\/wp-json\/wp\/v2\/media?parent=27202"}],"wp:term":[{"taxonomy":"product_cat","embeddable":true,"href":"https:\/\/toolhouse.fi\/sv\/wp-json\/wp\/v2\/product_cat?post=27202"},{"taxonomy":"product_tag","embeddable":true,"href":"https:\/\/toolhouse.fi\/sv\/wp-json\/wp\/v2\/product_tag?post=27202"}],"curies":[{"name":"wp","href":"https:\/\/api.w.org\/{rel}","templated":true}]}}