{"id":27249,"date":"2025-07-16T10:24:36","date_gmt":"2025-07-16T07:24:36","guid":{"rendered":"https:\/\/toolhouse.fi\/?post_type=product&#038;p=27249"},"modified":"2026-04-01T12:52:14","modified_gmt":"2026-04-01T09:52:14","slug":"rullplatta-for-dackmaskiner","status":"publish","type":"product","link":"https:\/\/toolhouse.fi\/sv\/produkt\/rullplatta-for-dackmaskiner\/","title":{"rendered":"Rullplatta f\u00f6r d\u00e4ckmaskiner"},"content":{"rendered":"","protected":false},"excerpt":{"rendered":"<p data-start=\"26\" data-end=\"83\"><strong data-start=\"26\" data-end=\"83\">Rullplatta f\u00f6r spaltbrytare p\u00e5 d\u00e4ckmaskiner \u2013 Invento<\/strong><\/p>\n<p data-start=\"85\" data-end=\"315\">Ett smart och effektivt tillbeh\u00f6r som underl\u00e4ttar arbetet n\u00e4r d\u00e4cket ska tryckas loss fr\u00e5n f\u00e4lgen. Rullplattan placeras under hjulet och g\u00f6r att du enkelt kan vrida det i r\u00e4tt l\u00e4ge, utan att beh\u00f6va lyfta eller flytta det manuellt.<\/p>\n<article class=\"text-token-text-primary w-full\" dir=\"auto\" data-testid=\"conversation-turn-186\" data-scroll-anchor=\"true\">\n<div class=\"text-base my-auto mx-auto py-5 [--thread-content-margin:--spacing(4)] @[37rem]:[--thread-content-margin:--spacing(6)] @[72rem]:[--thread-content-margin:--spacing(16)] px-(--thread-content-margin)\">\n<div class=\"[--thread-content-max-width:32rem] @[34rem]:[--thread-content-max-width:40rem] @[64rem]:[--thread-content-max-width:48rem] mx-auto flex max-w-(--thread-content-max-width) flex-1 text-base gap-4 md:gap-5 lg:gap-6 group\/turn-messages focus-visible:outline-hidden\" tabindex=\"-1\">\n<div class=\"group\/conversation-turn relative flex w-full min-w-0 flex-col agent-turn\">\n<div class=\"relative flex-col gap-1 md:gap-3\">\n<div class=\"flex max-w-full flex-col grow\">\n<div class=\"min-h-8 text-message relative flex w-full flex-col items-end gap-2 text-start break-words whitespace-normal [.text-message+&amp;]:mt-5\" dir=\"auto\" data-message-author-role=\"assistant\" data-message-id=\"efc268c5-913a-498d-8eb3-97b3cce27fd7\" data-message-model-slug=\"gpt-4o\">\n<div class=\"flex w-full flex-col gap-1 empty:hidden first:pt-[3px]\">\n<div class=\"markdown prose dark:prose-invert w-full break-words light\">\n<p data-start=\"0\" data-end=\"86\" data-is-last-node=\"\" data-is-only-node=\"\">Stabil konstruktion i 3 mm tjock st\u00e5lpl\u00e5t med slitstarka st\u00e5lrullar, 24 mm i diameter.<\/p>\n<\/div>\n<\/div>\n<\/div>\n<\/div>\n<\/div>\n<\/div>\n<\/div>\n<\/div>\n<\/article>\n<ul>\n<li data-start=\"319\" data-end=\"349\">Passar alla d\u00e4ckmaskiner<\/li>\n<li data-start=\"352\" data-end=\"407\">Stabil helmetallkonstruktion<\/li>\n<li data-start=\"410\" data-end=\"470\">Halkskyddsmatta ing\u00e5r<\/li>\n<li data-start=\"502\" data-end=\"518\">Vikt: 8 kg<\/li>\n<li data-start=\"521\" data-end=\"538\">L\u00e4ngd: 450 mm<\/li>\n<li data-start=\"541\" data-end=\"558\">Bredd: 290 mm<\/li>\n<li data-start=\"541\" data-end=\"558\">H\u00f6jd: 30 mm<\/li>\n<li>Tillverkare: Invento<\/li>\n<\/ul>\n","protected":false},"featured_media":27253,"template":"","meta":{"_acf_changed":false,"_seopress_robots_primary_cat":"none","_seopress_titles_title":"","_seopress_titles_desc":"","_seopress_robots_index":""},"product_cat":[18,186,593],"product_tag":[],"class_list":{"0":"post-27249","1":"product","2":"type-product","3":"status-publish","4":"has-post-thumbnail","6":"product_cat-dackarbete","7":"product_cat-dackmaskiner","8":"product_cat-tillbehor-och-reservdelar","10":"first","11":"outofstock","12":"taxable","13":"shipping-taxable","14":"purchasable","15":"product-type-simple","swatches":"rey-swatches","show_selected":""},"acf":[],"_links":{"self":[{"href":"https:\/\/toolhouse.fi\/sv\/wp-json\/wp\/v2\/product\/27249","targetHints":{"allow":["GET"]}}],"collection":[{"href":"https:\/\/toolhouse.fi\/sv\/wp-json\/wp\/v2\/product"}],"about":[{"href":"https:\/\/toolhouse.fi\/sv\/wp-json\/wp\/v2\/types\/product"}],"version-history":[{"count":2,"href":"https:\/\/toolhouse.fi\/sv\/wp-json\/wp\/v2\/product\/27249\/revisions"}],"predecessor-version":[{"id":27257,"href":"https:\/\/toolhouse.fi\/sv\/wp-json\/wp\/v2\/product\/27249\/revisions\/27257"}],"wp:featuredmedia":[{"embeddable":true,"href":"https:\/\/toolhouse.fi\/sv\/wp-json\/wp\/v2\/media\/27253"}],"wp:attachment":[{"href":"https:\/\/toolhouse.fi\/sv\/wp-json\/wp\/v2\/media?parent=27249"}],"wp:term":[{"taxonomy":"product_cat","embeddable":true,"href":"https:\/\/toolhouse.fi\/sv\/wp-json\/wp\/v2\/product_cat?post=27249"},{"taxonomy":"product_tag","embeddable":true,"href":"https:\/\/toolhouse.fi\/sv\/wp-json\/wp\/v2\/product_tag?post=27249"}],"curies":[{"name":"wp","href":"https:\/\/api.w.org\/{rel}","templated":true}]}}