{"id":27266,"date":"2025-07-17T15:32:28","date_gmt":"2025-07-17T12:32:28","guid":{"rendered":"https:\/\/toolhouse.fi\/?post_type=product&#038;p=27266"},"modified":"2025-08-13T12:04:57","modified_gmt":"2025-08-13T09:04:57","slug":"montorsvagn-150kg","status":"publish","type":"product","link":"https:\/\/toolhouse.fi\/sv\/produkt\/montorsvagn-150kg\/","title":{"rendered":"Mont\u00f6rsvagn 150kg"},"content":{"rendered":"","protected":false},"excerpt":{"rendered":"<p data-start=\"350\" data-end=\"370\">Liggbr\u00e4da med bekv\u00e4mt huvudst\u00f6d fr\u00e5n Invento. Robust konstruktion i formgjuten plast med inbyggda f\u00f6rvaringsfack samt l\u00e4ttrullande 360\u00b0 sv\u00e4ngbara nylonhjul<\/p>\n<ul>\n<li data-start=\"374\" data-end=\"392\">Bekv\u00e4mt nackst\u00f6d<\/li>\n<li data-start=\"395\" data-end=\"452\">Sv\u00e4ngbara kullagrade nylonhjul<\/li>\n<li data-start=\"455\" data-end=\"490\">Ergonomiskt formad f\u00f6r anv\u00e4ndaren<\/li>\n<li data-start=\"493\" data-end=\"525\">Utrymme f\u00f6r verktyg p\u00e5 sidorna<\/li>\n<li data-start=\"528\" data-end=\"553\">Utrustad med b\u00e4rhandtag<\/li>\n<\/ul>\n<p data-start=\"555\" data-end=\"572\"><strong data-start=\"555\" data-end=\"572\">Teknisk data:<\/strong><\/p>\n<ul>\n<li data-start=\"576\" data-end=\"590\">H\u00f6jd: 115 mm<\/li>\n<li data-start=\"593\" data-end=\"608\">L\u00e4ngd: 920 mm<\/li>\n<li data-start=\"611\" data-end=\"626\">Bredd: 430 mm<\/li>\n<li data-start=\"629\" data-end=\"652\">Maxbelastning: 150 kg<\/li>\n<li data-start=\"655\" data-end=\"676\">Hjuldiameter: 70 mm<\/li>\n<li data-start=\"679\" data-end=\"691\">Vikt: 4,8 kg<\/li>\n<li data-start=\"679\" data-end=\"691\">Tillverkare: Invento<\/li>\n<\/ul>\n","protected":false},"featured_media":27270,"template":"","meta":{"_acf_changed":false,"_seopress_robots_primary_cat":"none","_seopress_titles_title":"","_seopress_titles_desc":"","_seopress_robots_index":""},"product_cat":[283,338,349,21],"product_tag":[],"class_list":{"0":"post-27266","1":"product","2":"type-product","3":"status-publish","4":"has-post-thumbnail","6":"product_cat-domkraft-pallbock","7":"product_cat-fordonsverktyg","8":"product_cat-ovrigt","9":"product_cat-verkstadsutrustning","11":"first","12":"instock","13":"taxable","14":"shipping-taxable","15":"purchasable","16":"product-type-simple","swatches":"rey-swatches","show_selected":""},"acf":[],"_links":{"self":[{"href":"https:\/\/toolhouse.fi\/sv\/wp-json\/wp\/v2\/product\/27266","targetHints":{"allow":["GET"]}}],"collection":[{"href":"https:\/\/toolhouse.fi\/sv\/wp-json\/wp\/v2\/product"}],"about":[{"href":"https:\/\/toolhouse.fi\/sv\/wp-json\/wp\/v2\/types\/product"}],"version-history":[{"count":1,"href":"https:\/\/toolhouse.fi\/sv\/wp-json\/wp\/v2\/product\/27266\/revisions"}],"predecessor-version":[{"id":27269,"href":"https:\/\/toolhouse.fi\/sv\/wp-json\/wp\/v2\/product\/27266\/revisions\/27269"}],"wp:featuredmedia":[{"embeddable":true,"href":"https:\/\/toolhouse.fi\/sv\/wp-json\/wp\/v2\/media\/27270"}],"wp:attachment":[{"href":"https:\/\/toolhouse.fi\/sv\/wp-json\/wp\/v2\/media?parent=27266"}],"wp:term":[{"taxonomy":"product_cat","embeddable":true,"href":"https:\/\/toolhouse.fi\/sv\/wp-json\/wp\/v2\/product_cat?post=27266"},{"taxonomy":"product_tag","embeddable":true,"href":"https:\/\/toolhouse.fi\/sv\/wp-json\/wp\/v2\/product_tag?post=27266"}],"curies":[{"name":"wp","href":"https:\/\/api.w.org\/{rel}","templated":true}]}}