{"id":27326,"date":"2025-07-24T11:27:40","date_gmt":"2025-07-24T08:27:40","guid":{"rendered":"https:\/\/toolhouse.fi\/?post_type=product&#038;p=27326"},"modified":"2026-05-07T14:12:41","modified_gmt":"2026-05-07T11:12:41","slug":"montorspall","status":"publish","type":"product","link":"https:\/\/toolhouse.fi\/sv\/produkt\/montorspall\/","title":{"rendered":"Mont\u00f6rspall"},"content":{"rendered":"","protected":false},"excerpt":{"rendered":"<p data-start=\"59\" data-end=\"305\"><strong data-start=\"59\" data-end=\"93\">Stabil verkstadspall \u2013 Invento<\/strong><br data-start=\"93\" data-end=\"96\" \/>Bekv\u00e4m och praktisk pall f\u00f6r verkstadsarbeten. Den gasfj\u00e4derbaserade h\u00f6jdjusteringen, stabila metallkonstruktionen och de l\u00e4ttrullande nylonhjulen g\u00f6r den idealisk f\u00f6r dagligt bruk i garage och verkst\u00e4der.<\/p>\n<ul>\n<li data-start=\"309\" data-end=\"333\">Max. kapacitet: 135 kg<\/li>\n<li data-start=\"336\" data-end=\"362\">Justerbar h\u00f6jd: 40\u201354 cm<\/li>\n<li data-start=\"365\" data-end=\"406\">360\u00b0 roterbar, vadderad sits (\u00d8 300 mm)<\/li>\n<li data-start=\"409\" data-end=\"432\">5 sv\u00e4ngbara nylonhjul<\/li>\n<li data-start=\"435\" data-end=\"471\">Metallhylla f\u00f6r verktyg (\u00d8 385 mm)<\/li>\n<li data-start=\"474\" data-end=\"496\">Tillverkare: Invento<\/li>\n<\/ul>\n","protected":false},"featured_media":27335,"template":"","meta":{"_acf_changed":false,"_seopress_robots_primary_cat":"none","_seopress_titles_title":"","_seopress_titles_desc":"","_seopress_robots_index":""},"product_cat":[338,20,349,282,21],"product_tag":[],"class_list":{"0":"post-27326","1":"product","2":"type-product","3":"status-publish","4":"has-post-thumbnail","6":"product_cat-fordonsverktyg","7":"product_cat-lyftteknik","8":"product_cat-ovrigt","9":"product_cat-tillbehor-reservdelar","10":"product_cat-verkstadsutrustning","12":"first","13":"instock","14":"taxable","15":"shipping-taxable","16":"purchasable","17":"product-type-simple","swatches":"rey-swatches","show_selected":""},"acf":[],"_links":{"self":[{"href":"https:\/\/toolhouse.fi\/sv\/wp-json\/wp\/v2\/product\/27326","targetHints":{"allow":["GET"]}}],"collection":[{"href":"https:\/\/toolhouse.fi\/sv\/wp-json\/wp\/v2\/product"}],"about":[{"href":"https:\/\/toolhouse.fi\/sv\/wp-json\/wp\/v2\/types\/product"}],"version-history":[{"count":1,"href":"https:\/\/toolhouse.fi\/sv\/wp-json\/wp\/v2\/product\/27326\/revisions"}],"predecessor-version":[{"id":32852,"href":"https:\/\/toolhouse.fi\/sv\/wp-json\/wp\/v2\/product\/27326\/revisions\/32852"}],"wp:featuredmedia":[{"embeddable":true,"href":"https:\/\/toolhouse.fi\/sv\/wp-json\/wp\/v2\/media\/27335"}],"wp:attachment":[{"href":"https:\/\/toolhouse.fi\/sv\/wp-json\/wp\/v2\/media?parent=27326"}],"wp:term":[{"taxonomy":"product_cat","embeddable":true,"href":"https:\/\/toolhouse.fi\/sv\/wp-json\/wp\/v2\/product_cat?post=27326"},{"taxonomy":"product_tag","embeddable":true,"href":"https:\/\/toolhouse.fi\/sv\/wp-json\/wp\/v2\/product_tag?post=27326"}],"curies":[{"name":"wp","href":"https:\/\/api.w.org\/{rel}","templated":true}]}}