{"id":27372,"date":"2025-07-24T14:59:02","date_gmt":"2025-07-24T11:59:02","guid":{"rendered":"https:\/\/toolhouse.fi\/?post_type=product&#038;p=27372"},"modified":"2025-11-07T16:44:42","modified_gmt":"2025-11-07T14:44:42","slug":"blockeringsverktyg-vag-1-4-1-6-2-0-tdi-cr","status":"publish","type":"product","link":"https:\/\/toolhouse.fi\/sv\/produkt\/blockeringsverktyg-vag-1-4-1-6-2-0-tdi-cr\/","title":{"rendered":"Blockeringsverktyg- VAG 1.4 \/ 1.6 \/ 2.0 TDI CR"},"content":{"rendered":"","protected":false},"excerpt":{"rendered":"<p>VAG-blockeringsverktyg f\u00f6r 1,4 , 1,6 och 2,0 TDI CR (common rail) dieselmotorer, fr\u00e5n \u00e5rsmodell 2012 och fram\u00e5t.<\/p>\n<p><strong>Passar till:<\/strong><\/p>\n<ul>\n<li>Audi: A1, A3, A4, A5, A6, A7, Q2, Q3, Q5, TT<\/li>\n<li>Seat: Alhambra, Arona, Ateca, Ibiza, Leon, Leon ST, Tarraco, Toledo<\/li>\n<li>Skoda: Fabia, Kamiq, Karoq, Kodiaq, Octavia, Rapid, Scala, Superb, Yeti<\/li>\n<li>Volkswagen (VW): Amarok, Arteon, Beetle, Caddy, CC, Crafter, Golf (Cabrio, SV, VII, Estate), Jetta, Passat, Polo, Scirocco, Sharan, T-Cross, Tiguan, Touran, Transporter T6, T-Roc<\/li>\n<\/ul>\n<p><strong>Motorkoder:<\/strong><\/p>\n<p>1.4 TDI CR: CUSA, CUSB, CUTA<\/p>\n<p>1.6 TDI CR: CLHA, CLHB, CLHC, CRKA, CRKB, CXMA, CXXA, CXXB, DBKA, DDYA, DDYB, DGTA, DGTC, DGTD, DGTE, DCXA, DCZA, DGDA, DGDB<\/p>\n<p>2.0 TDI CR: CDBA, CDCA, CKFB, CKFC, CNHA, CNHC, CRBC, CRBD, CRFA, CRFC, CRLB, CRLD, CRLC, CRUA, CRMB, CRVA, CRVC, CSUA, CSUB, CSUD, CSUE, CUNA, CUPA, CUVA, CUVB, CUVC, CUVD, CUWA, CZJA, DBGA, DCYA, DDCA, DFFA, DDCB, DDDA, DEJA, DESA, DETA, DETB, DEUA, DEUB, DEUC, DEZB, DEZD, DEZE, DEZF, DFBA, DFGA, DFHA, DFLA, DFLD, DFMA, DLTA, DLTC, DFTA, DFTB, DLUB, DFTC, DFUA, DGCA, DJGA, CUAA, CUUA, CUUB, CYKA, DBGC, DDAA, DFCA, DFEA, DFGC, DFSA, DFSB, CNEA, CNFA, CNFB, CSHA, CUUC, CUUD, CUUE, CUUF, CUVE, CXEB, CXEC, CXFA, CXGA, CXGB, CXHA, CXHB, CYKB, CYKC, DASA, DASB, DAUA, DAUB, DAVA, DAWA, DAWB, DBGB, DCYB, DEJB, DFEB, DFGB, DFSC, DFSD, DFSE, DFSF, DTRD, DTTA, DTTC<\/p>\n<p><strong>OEM:<\/strong><\/p>\n<p style=\"font-weight: 400;\">T10490, T10051, T10060A, T10264<\/p>\n<p>&nbsp;<\/p>\n<p>Tillverkare: Invento<\/p>\n","protected":false},"featured_media":27381,"template":"","meta":{"_acf_changed":false,"_seopress_robots_primary_cat":"none","_seopress_titles_title":"","_seopress_titles_desc":"","_seopress_robots_index":""},"product_cat":[338,582,21],"product_tag":[],"class_list":{"0":"post-27372","1":"product","2":"type-product","3":"status-publish","4":"has-post-thumbnail","6":"product_cat-fordonsverktyg","7":"product_cat-motorverktyg","8":"product_cat-verkstadsutrustning","10":"first","11":"outofstock","12":"taxable","13":"shipping-taxable","14":"purchasable","15":"product-type-simple","swatches":"rey-swatches","show_selected":""},"acf":[],"_links":{"self":[{"href":"https:\/\/toolhouse.fi\/sv\/wp-json\/wp\/v2\/product\/27372","targetHints":{"allow":["GET"]}}],"collection":[{"href":"https:\/\/toolhouse.fi\/sv\/wp-json\/wp\/v2\/product"}],"about":[{"href":"https:\/\/toolhouse.fi\/sv\/wp-json\/wp\/v2\/types\/product"}],"version-history":[{"count":0,"href":"https:\/\/toolhouse.fi\/sv\/wp-json\/wp\/v2\/product\/27372\/revisions"}],"wp:featuredmedia":[{"embeddable":true,"href":"https:\/\/toolhouse.fi\/sv\/wp-json\/wp\/v2\/media\/27381"}],"wp:attachment":[{"href":"https:\/\/toolhouse.fi\/sv\/wp-json\/wp\/v2\/media?parent=27372"}],"wp:term":[{"taxonomy":"product_cat","embeddable":true,"href":"https:\/\/toolhouse.fi\/sv\/wp-json\/wp\/v2\/product_cat?post=27372"},{"taxonomy":"product_tag","embeddable":true,"href":"https:\/\/toolhouse.fi\/sv\/wp-json\/wp\/v2\/product_tag?post=27372"}],"curies":[{"name":"wp","href":"https:\/\/api.w.org\/{rel}","templated":true}]}}