{"id":27408,"date":"2025-07-25T10:25:03","date_gmt":"2025-07-25T07:25:03","guid":{"rendered":"https:\/\/toolhouse.fi\/?post_type=product&#038;p=27408"},"modified":"2025-08-13T13:19:24","modified_gmt":"2025-08-13T10:19:24","slug":"monteringshuvud-for-mc-atv-dack-28-mm","status":"publish","type":"product","link":"https:\/\/toolhouse.fi\/sv\/produkt\/monteringshuvud-for-mc-atv-dack-28-mm\/","title":{"rendered":"Monteringshuvud f\u00f6r mc\/atv d\u00e4ck.  28 mm"},"content":{"rendered":"","protected":false},"excerpt":{"rendered":"<p>Monteringshuvud med slimmad design som \u00e4r anpassad f\u00f6r mc, atv, mopedd\u00e4ck och liknande.<\/p>\n<ul>\n<li>Monteringsh\u00e5l: 28 mm.<\/li>\n<li>L\u00e4ngd: 137 mm<\/li>\n<\/ul>\n<p>Passar till:<\/p>\n<ul>\n<li>Invento TCS 521 SA<\/li>\n<li>Invento TCS 524 2V HA<\/li>\n<li>Maskiner med 28mm monteringsh\u00e5l<\/li>\n<\/ul>\n","protected":false},"featured_media":27411,"template":"","meta":{"_acf_changed":false,"_seopress_robots_primary_cat":"none","_seopress_titles_title":"","_seopress_titles_desc":"","_seopress_robots_index":""},"product_cat":[18,186,593],"product_tag":[],"class_list":{"0":"post-27408","1":"product","2":"type-product","3":"status-publish","4":"has-post-thumbnail","6":"product_cat-dackarbete","7":"product_cat-dackmaskiner","8":"product_cat-tillbehor-och-reservdelar","10":"first","11":"instock","12":"taxable","13":"shipping-taxable","14":"purchasable","15":"product-type-simple","swatches":"rey-swatches","show_selected":""},"acf":[],"_links":{"self":[{"href":"https:\/\/toolhouse.fi\/sv\/wp-json\/wp\/v2\/product\/27408","targetHints":{"allow":["GET"]}}],"collection":[{"href":"https:\/\/toolhouse.fi\/sv\/wp-json\/wp\/v2\/product"}],"about":[{"href":"https:\/\/toolhouse.fi\/sv\/wp-json\/wp\/v2\/types\/product"}],"version-history":[{"count":0,"href":"https:\/\/toolhouse.fi\/sv\/wp-json\/wp\/v2\/product\/27408\/revisions"}],"wp:featuredmedia":[{"embeddable":true,"href":"https:\/\/toolhouse.fi\/sv\/wp-json\/wp\/v2\/media\/27411"}],"wp:attachment":[{"href":"https:\/\/toolhouse.fi\/sv\/wp-json\/wp\/v2\/media?parent=27408"}],"wp:term":[{"taxonomy":"product_cat","embeddable":true,"href":"https:\/\/toolhouse.fi\/sv\/wp-json\/wp\/v2\/product_cat?post=27408"},{"taxonomy":"product_tag","embeddable":true,"href":"https:\/\/toolhouse.fi\/sv\/wp-json\/wp\/v2\/product_tag?post=27408"}],"curies":[{"name":"wp","href":"https:\/\/api.w.org\/{rel}","templated":true}]}}