{"id":27423,"date":"2025-07-25T11:07:07","date_gmt":"2025-07-25T08:07:07","guid":{"rendered":"https:\/\/toolhouse.fi\/?post_type=product&#038;p=27423"},"modified":"2026-04-12T20:33:32","modified_gmt":"2026-04-12T17:33:32","slug":"dackmonteringspasta-invento-universal-1kg","status":"publish","type":"product","link":"https:\/\/toolhouse.fi\/sv\/produkt\/dackmonteringspasta-invento-universal-1kg\/","title":{"rendered":"D\u00e4ckmonteringspasta Invento universal 1kg"},"content":{"rendered":"","protected":false},"excerpt":{"rendered":"<h3>Invento Universal D\u00e4ckmonteringspasta<\/h3>\n<p>Invento Universal \u00e4r en h\u00f6gkvalitativ d\u00e4ckmonteringspasta som \u00e4r l\u00e4mplig f\u00f6r alla typer av d\u00e4ck. Produkten blir helt f\u00e4rgl\u00f6s n\u00e4r den torkar och l\u00e4mnar inga sp\u00e5r p\u00e5 vare sig d\u00e4ck eller f\u00e4lg.<\/p>\n<p>&nbsp;<\/p>\n<ul>\n<li>Medelh\u00e5rd konsistens \u2013 utm\u00e4rkt vidh\u00e4ftning p\u00e5 gummi och metall<\/li>\n<li>Passar alla d\u00e4cktyper<\/li>\n<li>F\u00e4rgl\u00f6s vid torkning \u2013 l\u00e4mnar inga sp\u00e5r p\u00e5 d\u00e4ck eller f\u00e4lg<\/li>\n<li>F\u00f6rpackning: 1 kg<\/li>\n<li>F\u00f6rvaringstemperatur: 0 \u00b0C till +22 \u00b0C<\/li>\n<\/ul>\n","protected":false},"featured_media":27426,"template":"","meta":{"_acf_changed":false,"_seopress_robots_primary_cat":"none","_seopress_titles_title":"","_seopress_titles_desc":"","_seopress_robots_index":""},"product_cat":[18,593,160],"product_tag":[],"class_list":{"0":"post-27423","1":"product","2":"type-product","3":"status-publish","4":"has-post-thumbnail","6":"product_cat-dackarbete","7":"product_cat-tillbehor-och-reservdelar","8":"product_cat-tillbehor-verktyg","10":"first","11":"instock","12":"taxable","13":"shipping-taxable","14":"purchasable","15":"product-type-simple","swatches":"rey-swatches","show_selected":""},"acf":[],"_links":{"self":[{"href":"https:\/\/toolhouse.fi\/sv\/wp-json\/wp\/v2\/product\/27423","targetHints":{"allow":["GET"]}}],"collection":[{"href":"https:\/\/toolhouse.fi\/sv\/wp-json\/wp\/v2\/product"}],"about":[{"href":"https:\/\/toolhouse.fi\/sv\/wp-json\/wp\/v2\/types\/product"}],"version-history":[{"count":0,"href":"https:\/\/toolhouse.fi\/sv\/wp-json\/wp\/v2\/product\/27423\/revisions"}],"wp:featuredmedia":[{"embeddable":true,"href":"https:\/\/toolhouse.fi\/sv\/wp-json\/wp\/v2\/media\/27426"}],"wp:attachment":[{"href":"https:\/\/toolhouse.fi\/sv\/wp-json\/wp\/v2\/media?parent=27423"}],"wp:term":[{"taxonomy":"product_cat","embeddable":true,"href":"https:\/\/toolhouse.fi\/sv\/wp-json\/wp\/v2\/product_cat?post=27423"},{"taxonomy":"product_tag","embeddable":true,"href":"https:\/\/toolhouse.fi\/sv\/wp-json\/wp\/v2\/product_tag?post=27423"}],"curies":[{"name":"wp","href":"https:\/\/api.w.org\/{rel}","templated":true}]}}