{"id":27433,"date":"2025-07-25T11:20:46","date_gmt":"2025-07-25T08:20:46","guid":{"rendered":"https:\/\/toolhouse.fi\/?post_type=product&#038;p=27433"},"modified":"2025-08-04T17:30:11","modified_gmt":"2025-08-04T14:30:11","slug":"mc-atv-kit-for-dackmaskin-invento-tcs-524","status":"publish","type":"product","link":"https:\/\/toolhouse.fi\/sv\/produkt\/mc-atv-kit-for-dackmaskin-invento-tcs-524\/","title":{"rendered":"MC\/ATV Kit f\u00f6r d\u00e4ckmaskin Invento TCS 524"},"content":{"rendered":"","protected":false},"excerpt":{"rendered":"<p>Denna sats \u00e4r speciellt utformad f\u00f6r MC- och ATV-hjul, klorna \u00e4r utformade specifikt till l\u00e4tta fordon t.ex mc och atv f\u00e4lgar.<\/p>\n<p>Flyttbara och v\u00e4ndbara klor f\u00f6r att enkelt \u00e4ndra greppdiameter.<\/p>\n<p>Satsen b\u00e5de \u00f6kar och minskar monteringsbordets greppdimensioner med ca 3 \u2013 5 \u201c beroende p\u00e5 modell p\u00e5 d\u00e4ckmaskin.<\/p>\n<p>Detta inneb\u00e4r att d\u00e4ckmaskinen med detta kit kan komma ca 3 -5\u201d l\u00e4ngre ner och l\u00e4ngre upp p\u00e5 f\u00e4lgdiameter beroende p\u00e5 hur klorna justeras.<\/p>\n<p>Satsen inneh\u00e5ller 4st klor.<\/p>\n<p>Passar till:<\/p>\n<ul>\n<li>Invento TCS 524<\/li>\n<\/ul>\n","protected":false},"featured_media":27438,"template":"","meta":{"_acf_changed":false,"_seopress_robots_primary_cat":"none","_seopress_titles_title":"","_seopress_titles_desc":"","_seopress_robots_index":""},"product_cat":[18,593],"product_tag":[],"class_list":{"0":"post-27433","1":"product","2":"type-product","3":"status-publish","4":"has-post-thumbnail","6":"product_cat-dackarbete","7":"product_cat-tillbehor-och-reservdelar","9":"first","10":"instock","11":"taxable","12":"shipping-taxable","13":"purchasable","14":"product-type-simple","swatches":"rey-swatches","show_selected":""},"acf":[],"_links":{"self":[{"href":"https:\/\/toolhouse.fi\/sv\/wp-json\/wp\/v2\/product\/27433","targetHints":{"allow":["GET"]}}],"collection":[{"href":"https:\/\/toolhouse.fi\/sv\/wp-json\/wp\/v2\/product"}],"about":[{"href":"https:\/\/toolhouse.fi\/sv\/wp-json\/wp\/v2\/types\/product"}],"version-history":[{"count":0,"href":"https:\/\/toolhouse.fi\/sv\/wp-json\/wp\/v2\/product\/27433\/revisions"}],"wp:featuredmedia":[{"embeddable":true,"href":"https:\/\/toolhouse.fi\/sv\/wp-json\/wp\/v2\/media\/27438"}],"wp:attachment":[{"href":"https:\/\/toolhouse.fi\/sv\/wp-json\/wp\/v2\/media?parent=27433"}],"wp:term":[{"taxonomy":"product_cat","embeddable":true,"href":"https:\/\/toolhouse.fi\/sv\/wp-json\/wp\/v2\/product_cat?post=27433"},{"taxonomy":"product_tag","embeddable":true,"href":"https:\/\/toolhouse.fi\/sv\/wp-json\/wp\/v2\/product_tag?post=27433"}],"curies":[{"name":"wp","href":"https:\/\/api.w.org\/{rel}","templated":true}]}}