{"id":27592,"date":"2025-08-05T14:13:23","date_gmt":"2025-08-05T11:13:23","guid":{"rendered":"https:\/\/toolhouse.fi\/?post_type=product&#038;p=27592"},"modified":"2026-03-03T15:15:55","modified_gmt":"2026-03-03T13:15:55","slug":"lyftvinsch-150-300kg","status":"publish","type":"product","link":"https:\/\/toolhouse.fi\/sv\/produkt\/lyftvinsch-150-300kg\/","title":{"rendered":"Lyftvinsch 150\/300kg"},"content":{"rendered":"","protected":false},"excerpt":{"rendered":"<p data-start=\"76\" data-end=\"147\"><strong data-start=\"76\" data-end=\"147\">Kraftfull och p\u00e5litlig elektrisk vajervinsch \u2013 600W\/230V, lyfter upp till 300kg<\/strong><\/p>\n<p data-start=\"266\" data-end=\"288\"><strong data-start=\"266\" data-end=\"288\">Produktegenskaper:<\/strong><\/p>\n<ul>\n<li data-start=\"291\" data-end=\"306\">Effekt: 600 W<\/li>\n<li data-start=\"291\" data-end=\"306\">Sp\u00e4nning: 230 V<\/li>\n<li data-start=\"309\" data-end=\"327\">Vajerl\u00e4ngd: 12 meter<\/li>\n<li data-start=\"309\" data-end=\"327\">Vajerdiameter: 4 mm<\/li>\n<li data-start=\"354\" data-end=\"381\">M\u00e5tt: 350 x 135 x 155 mm (LxBxH)<\/li>\n<li data-start=\"354\" data-end=\"381\">Vikt: 11 kg<\/li>\n<li data-start=\"354\" data-end=\"381\">Avst\u00e5nd mellan monteringsh\u00e5l: 90x190mm<\/li>\n<li data-start=\"384\" data-end=\"419\">Lyftkapacitet med enkel krok: 150 kg<\/li>\n<li data-start=\"422\" data-end=\"460\">Lyftkapacitet med dubbla krokar: 300 kg<\/li>\n<li data-start=\"463\" data-end=\"495\">Lyfthastighet med enkel krok: 10 m\/min<\/li>\n<li data-start=\"498\" data-end=\"532\">Lyfthastighet med dubbla krokar: 5 m\/min<\/li>\n<li data-start=\"535\" data-end=\"564\">Lyfth\u00f6jd med en krok: 12 m<\/li>\n<li data-start=\"567\" data-end=\"598\">Lyfth\u00f6jd med dubbla krokar: 6 m<\/li>\n<li data-start=\"601\" data-end=\"630\">Automatisk s\u00e4kerhetsbrytare<\/li>\n<li data-start=\"633\" data-end=\"706\">Kopparlindad motor f\u00f6r l\u00e5ng livsl\u00e4ngd<\/li>\n<li data-start=\"709\" data-end=\"792\">Kraftigt motorhus i aluminium<\/li>\n<li data-start=\"848\" data-end=\"891\">Ergonomisk fj\u00e4rrkontroll med n\u00f6dstopp<\/li>\n<li data-start=\"894\" data-end=\"910\">CE-godk\u00e4nd<\/li>\n<li data-start=\"894\" data-end=\"910\">Tillverkare: Geko<\/li>\n<\/ul>\n<p data-start=\"912\" data-end=\"935\"><strong data-start=\"912\" data-end=\"935\">Paketet inneh\u00e5ller:<\/strong><\/p>\n<ul>\n<li data-start=\"938\" data-end=\"961\">Elektrisk vajervinsch<\/li>\n<li data-start=\"964\" data-end=\"984\">2 monteringsf\u00e4sten<\/li>\n<li data-start=\"987\" data-end=\"1019\">4 monteringsbultar (m8) med brickor<\/li>\n<li data-start=\"1022\" data-end=\"1043\">Extra krok med trissa<\/li>\n<\/ul>\n","protected":false},"featured_media":27606,"template":"","meta":{"_acf_changed":false,"_seopress_robots_primary_cat":"none","_seopress_titles_title":"","_seopress_titles_desc":"","_seopress_robots_index":""},"product_cat":[21,750],"product_tag":[],"class_list":{"0":"post-27592","1":"product","2":"type-product","3":"status-publish","4":"has-post-thumbnail","6":"product_cat-verkstadsutrustning","7":"product_cat-vinschar","9":"first","10":"instock","11":"taxable","12":"shipping-taxable","13":"purchasable","14":"product-type-simple","swatches":"rey-swatches","show_selected":""},"acf":[],"_links":{"self":[{"href":"https:\/\/toolhouse.fi\/sv\/wp-json\/wp\/v2\/product\/27592","targetHints":{"allow":["GET"]}}],"collection":[{"href":"https:\/\/toolhouse.fi\/sv\/wp-json\/wp\/v2\/product"}],"about":[{"href":"https:\/\/toolhouse.fi\/sv\/wp-json\/wp\/v2\/types\/product"}],"version-history":[{"count":3,"href":"https:\/\/toolhouse.fi\/sv\/wp-json\/wp\/v2\/product\/27592\/revisions"}],"predecessor-version":[{"id":27617,"href":"https:\/\/toolhouse.fi\/sv\/wp-json\/wp\/v2\/product\/27592\/revisions\/27617"}],"wp:featuredmedia":[{"embeddable":true,"href":"https:\/\/toolhouse.fi\/sv\/wp-json\/wp\/v2\/media\/27606"}],"wp:attachment":[{"href":"https:\/\/toolhouse.fi\/sv\/wp-json\/wp\/v2\/media?parent=27592"}],"wp:term":[{"taxonomy":"product_cat","embeddable":true,"href":"https:\/\/toolhouse.fi\/sv\/wp-json\/wp\/v2\/product_cat?post=27592"},{"taxonomy":"product_tag","embeddable":true,"href":"https:\/\/toolhouse.fi\/sv\/wp-json\/wp\/v2\/product_tag?post=27592"}],"curies":[{"name":"wp","href":"https:\/\/api.w.org\/{rel}","templated":true}]}}