{"id":27698,"date":"2025-08-07T13:56:36","date_gmt":"2025-08-07T10:56:36","guid":{"rendered":"https:\/\/toolhouse.fi\/?post_type=product&#038;p=27698"},"modified":"2026-03-19T16:23:18","modified_gmt":"2026-03-19T14:23:18","slug":"bromskolvsverktyg-35-delar-geko","status":"publish","type":"product","link":"https:\/\/toolhouse.fi\/sv\/produkt\/bromskolvsverktyg-35-delar-geko\/","title":{"rendered":"Bromskolvsverktyg, 35 delar Geko"},"content":{"rendered":"","protected":false},"excerpt":{"rendered":"<p>Bromskolvsverktyg h\u00f6ger\/v\u00e4nster i 35 delar som passar de flesta bilmodeller.<\/p>\n<p>Returnerar bromskolvar utan att skada kolven eller gummidamasken.<\/p>\n<p>Avsedd f\u00f6r \u00e5terst\u00e4llning av bromskolvar som m\u00e5ste vridas och tryckas samtidigt<\/p>\n<p>&nbsp;<\/p>\n<p data-start=\"0\" data-end=\"17\">Satsens inneh\u00e5ll:<\/p>\n<ul>\n<li>Adapter #0<\/li>\n<li>Adapter #1<\/li>\n<li>Adapter #2<\/li>\n<li>Adapter #3<\/li>\n<li>Adapter #4<\/li>\n<li>Adapter #5<\/li>\n<li>Adapter #6<\/li>\n<li>Adapter #7<\/li>\n<li>Adapter #8<\/li>\n<li>Adapter #9<\/li>\n<li>Adapter #11<\/li>\n<li>Adapter #12<\/li>\n<li>Adapter #A<\/li>\n<li>Adapter #B<\/li>\n<li>Adapter #C<\/li>\n<li>Adapter #D<\/li>\n<li>Adapter #E<\/li>\n<li>Adapter #F<\/li>\n<li>Adapter #G<\/li>\n<li>Adapter #J<\/li>\n<li>Adapter #K<\/li>\n<li>Adapter #K1<\/li>\n<li>Adapter #K2<\/li>\n<li>Adapter #M<\/li>\n<li>Adapter #N<\/li>\n<li>Adapter #O<\/li>\n<li>Adapter #P<\/li>\n<li>Adapter #Z<\/li>\n<li>Grundverktyg h\u00f6ger med magnetisk spets<\/li>\n<li>Grundverktyg v\u00e4nster med magnetisk spets<\/li>\n<li data-start=\"19\" data-end=\"1189\">Fettbeh\u00e5llare<\/li>\n<li data-start=\"19\" data-end=\"1189\">Insexnyckel 6 och 8 mm<\/li>\n<li data-start=\"19\" data-end=\"1189\">Dorn 2 st<\/li>\n<\/ul>\n<p>Tillverkare: Geko<\/p>\n<p>&nbsp;<\/p>\n<p>Passar till:\u00a0 Alfa Romeo, Audi, BMW, Citroen, Fiat, Ford (Australia, Europe, USA), General Motors (GM), Honda, Isuzu, Jaguar, Lancia, Mazda, Mercedes-Benz, MINI, Mitsubishi, Nissan, Opel, Peugeot, Proton, Renault, Rover, Saab, Seat, Subaru, Toyota, Volkswagen, Volvo.<\/p>\n","protected":false},"featured_media":27711,"template":"","meta":{"_acf_changed":false,"_seopress_robots_primary_cat":"none","_seopress_titles_title":"","_seopress_titles_desc":"","_seopress_robots_index":""},"product_cat":[584,338,21],"product_tag":[],"class_list":{"0":"post-27698","1":"product","2":"type-product","3":"status-publish","4":"has-post-thumbnail","6":"product_cat-bromsverktyg","7":"product_cat-fordonsverktyg","8":"product_cat-verkstadsutrustning","10":"first","11":"instock","12":"taxable","13":"shipping-taxable","14":"purchasable","15":"product-type-simple","swatches":"rey-swatches","show_selected":""},"acf":[],"_links":{"self":[{"href":"https:\/\/toolhouse.fi\/sv\/wp-json\/wp\/v2\/product\/27698","targetHints":{"allow":["GET"]}}],"collection":[{"href":"https:\/\/toolhouse.fi\/sv\/wp-json\/wp\/v2\/product"}],"about":[{"href":"https:\/\/toolhouse.fi\/sv\/wp-json\/wp\/v2\/types\/product"}],"version-history":[{"count":0,"href":"https:\/\/toolhouse.fi\/sv\/wp-json\/wp\/v2\/product\/27698\/revisions"}],"wp:featuredmedia":[{"embeddable":true,"href":"https:\/\/toolhouse.fi\/sv\/wp-json\/wp\/v2\/media\/27711"}],"wp:attachment":[{"href":"https:\/\/toolhouse.fi\/sv\/wp-json\/wp\/v2\/media?parent=27698"}],"wp:term":[{"taxonomy":"product_cat","embeddable":true,"href":"https:\/\/toolhouse.fi\/sv\/wp-json\/wp\/v2\/product_cat?post=27698"},{"taxonomy":"product_tag","embeddable":true,"href":"https:\/\/toolhouse.fi\/sv\/wp-json\/wp\/v2\/product_tag?post=27698"}],"curies":[{"name":"wp","href":"https:\/\/api.w.org\/{rel}","templated":true}]}}