{"id":27721,"date":"2025-08-07T15:39:51","date_gmt":"2025-08-07T12:39:51","guid":{"rendered":"https:\/\/toolhouse.fi\/?post_type=product&#038;p=27721"},"modified":"2026-05-13T15:35:00","modified_gmt":"2026-05-13T12:35:00","slug":"kabelskotang-med-bytbara-kaftar","status":"publish","type":"product","link":"https:\/\/toolhouse.fi\/sv\/produkt\/kabelskotang-med-bytbara-kaftar\/","title":{"rendered":"Kabelskot\u00e5ng med bytbara k\u00e4ftar"},"content":{"rendered":"","protected":false},"excerpt":{"rendered":"<h3 data-start=\"61\" data-end=\"126\"><\/h3>\n<p data-start=\"127\" data-end=\"406\">Pressverktyg f\u00f6r kabelskor \u00e4r ett oumb\u00e4rligt verktyg f\u00f6r elektriker, mekaniker och hemmafixare som kr\u00e4ver perfekta pressningar oavsett typ av kabelsko. Med fem utbytbara pressbackar klarar du de flesta typer av kabelskor och kontakter med ett enda verktyg.<\/p>\n<p data-start=\"127\" data-end=\"406\">Pressbackarna byts enkelt p\u00e5 n\u00e5gra sekunder, utan behov av extra verktyg.<\/p>\n<h3 data-start=\"413\" data-end=\"434\">Setet inneh\u00e5ller:<\/h3>\n<ul>\n<li data-start=\"437\" data-end=\"480\">Professionellt pressverktyg, 220 mm l\u00e5ngt<\/li>\n<li data-start=\"483\" data-end=\"565\">5 utbytbara pressbackar (A, B, C, D, F) f\u00f6r olika typer av kabelskor, inklusive: o<span style=\"color: #484f56; font-size: 1.125rem;\">isolerade, kabelskor, <\/span><span style=\"color: #484f56; font-size: 1.125rem;\">Isolerade, kabelskor, \u00e4<\/span><span style=\"color: #484f56; font-size: 1.125rem;\">ndhylsor .m.m<\/span><\/li>\n<\/ul>\n<hr data-start=\"713\" data-end=\"716\" \/>\n<h3 data-start=\"718\" data-end=\"740\">Produktfunktioner:<\/h3>\n<ul>\n<li data-start=\"743\" data-end=\"854\">Verktygsl\u00e4ngd: 220 mm<\/li>\n<li data-start=\"857\" data-end=\"937\">Snabbt byte av pressbackar<\/li>\n<li data-start=\"940\" data-end=\"1045\">Ergonomiska, halkfria handtag<\/li>\n<li data-start=\"1048\" data-end=\"1118\">Justerbar presskraft<\/li>\n<li data-start=\"1121\" data-end=\"1252\">H\u00f6g precision<\/li>\n<li data-start=\"1255\" data-end=\"1337\">Robust f\u00f6rvaringsl\u00e5da<\/li>\n<li data-start=\"1255\" data-end=\"1337\">Tillverkare: Geko<\/li>\n<\/ul>\n<hr data-start=\"1339\" data-end=\"1342\" \/>\n<h3 data-start=\"1344\" data-end=\"1367\">Anv\u00e4ndningsomr\u00e5den:<\/h3>\n<ul>\n<li data-start=\"1370\" data-end=\"1400\">Installationsarbete i fordon<\/li>\n<li data-start=\"1403\" data-end=\"1431\">El- och teleinstallationer<\/li>\n<li data-start=\"1434\" data-end=\"1483\">Servicearbeten inom automation och energisystem<\/li>\n<li data-start=\"1486\" data-end=\"1554\">Reparationer av hush\u00e5llsapparater, elektronik, solpaneler, m.m.<\/li>\n<\/ul>\n","protected":false},"featured_media":27740,"template":"","meta":{"_acf_changed":false,"_seopress_robots_primary_cat":"none","_seopress_titles_title":"","_seopress_titles_desc":"","_seopress_robots_index":""},"product_cat":[338,578,349,336,21],"product_tag":[],"class_list":{"0":"post-27721","1":"product","2":"type-product","3":"status-publish","4":"has-post-thumbnail","6":"product_cat-fordonsverktyg","7":"product_cat-handverktyg","8":"product_cat-ovrigt","9":"product_cat-verktyg","10":"product_cat-verkstadsutrustning","12":"first","13":"instock","14":"taxable","15":"shipping-taxable","16":"purchasable","17":"product-type-simple","swatches":"rey-swatches","show_selected":""},"acf":[],"_links":{"self":[{"href":"https:\/\/toolhouse.fi\/sv\/wp-json\/wp\/v2\/product\/27721","targetHints":{"allow":["GET"]}}],"collection":[{"href":"https:\/\/toolhouse.fi\/sv\/wp-json\/wp\/v2\/product"}],"about":[{"href":"https:\/\/toolhouse.fi\/sv\/wp-json\/wp\/v2\/types\/product"}],"version-history":[{"count":0,"href":"https:\/\/toolhouse.fi\/sv\/wp-json\/wp\/v2\/product\/27721\/revisions"}],"wp:featuredmedia":[{"embeddable":true,"href":"https:\/\/toolhouse.fi\/sv\/wp-json\/wp\/v2\/media\/27740"}],"wp:attachment":[{"href":"https:\/\/toolhouse.fi\/sv\/wp-json\/wp\/v2\/media?parent=27721"}],"wp:term":[{"taxonomy":"product_cat","embeddable":true,"href":"https:\/\/toolhouse.fi\/sv\/wp-json\/wp\/v2\/product_cat?post=27721"},{"taxonomy":"product_tag","embeddable":true,"href":"https:\/\/toolhouse.fi\/sv\/wp-json\/wp\/v2\/product_tag?post=27721"}],"curies":[{"name":"wp","href":"https:\/\/api.w.org\/{rel}","templated":true}]}}