{"id":27749,"date":"2025-08-07T17:26:53","date_gmt":"2025-08-07T14:26:53","guid":{"rendered":"https:\/\/toolhouse.fi\/?post_type=product&#038;p=27749"},"modified":"2026-03-03T14:59:03","modified_gmt":"2026-03-03T12:59:03","slug":"plastsvets-1080w","status":"publish","type":"product","link":"https:\/\/toolhouse.fi\/sv\/produkt\/plastsvets-1080w\/","title":{"rendered":"Plastsvets 1080w"},"content":{"rendered":"","protected":false},"excerpt":{"rendered":"<article class=\"text-token-text-primary w-full focus:outline-none scroll-mt-[calc(var(--header-height)+min(200px,max(70px,20svh)))]\" dir=\"auto\" tabindex=\"-1\" data-turn-id=\"d0aeabec-f7c3-4f54-87e6-5fcfe989726e\" data-testid=\"conversation-turn-406\" data-scroll-anchor=\"true\" data-turn=\"assistant\">\n<div class=\"text-base my-auto mx-auto pb-10 [--thread-content-margin:--spacing(4)] @[37rem]:[--thread-content-margin:--spacing(6)] @[72rem]:[--thread-content-margin:--spacing(16)] px-(--thread-content-margin)\">\n<div class=\"[--thread-content-max-width:32rem] @[34rem]:[--thread-content-max-width:40rem] @[64rem]:[--thread-content-max-width:48rem] mx-auto max-w-(--thread-content-max-width) flex-1 group\/turn-messages focus-visible:outline-hidden relative flex w-full min-w-0 flex-col agent-turn\" tabindex=\"-1\">\n<div class=\"flex max-w-full flex-col grow\">\n<div class=\"min-h-8 text-message relative flex w-full flex-col items-end gap-2 text-start break-words whitespace-normal [.text-message+&amp;]:mt-5\" dir=\"auto\" data-message-author-role=\"assistant\" data-message-id=\"eb4670cc-a8a2-47b2-960f-fc4b078646eb\" data-message-model-slug=\"gpt-4o\">\n<div class=\"flex w-full flex-col gap-1 empty:hidden first:pt-[3px]\">\n<div class=\"markdown prose dark:prose-invert w-full break-words light markdown-new-styling\">\n<p data-start=\"0\" data-end=\"68\"><strong data-start=\"0\" data-end=\"68\">1080W plastsvets f\u00f6r plast och syntetmaterial<\/strong><\/p>\n<p data-start=\"70\" data-end=\"429\">Effektiv svets f\u00f6r arbeten som kr\u00e4ver varmluft. GEKO:s plastsvets \u00e4r perfekt f\u00f6r svetsning av olika typer av plast och syntetmaterial, som st\u00f6tf\u00e5ngare, spruckna motorcykelk\u00e5por, med mera. Kan \u00e4ven anv\u00e4ndas f\u00f6r borttagning av lim, folier, f\u00e4rg och lack, samt f\u00f6r att sammanfoga r\u00f6r och plastprofiler.<\/p>\n<p data-start=\"431\" data-end=\"446\"><strong data-start=\"431\" data-end=\"446\">Egenskaper:<\/strong><\/p>\n<ul>\n<li data-start=\"449\" data-end=\"464\">Effekt: 1080W<\/li>\n<li data-start=\"467\" data-end=\"510\">9-stegs temperaturreglering: 20\u00b0C \u2013 550\u00b0C<\/li>\n<li data-start=\"513\" data-end=\"560\">Perfekt f\u00f6r bilplast, k\u00e5por, r\u00f6r och profiler<\/li>\n<li data-start=\"563\" data-end=\"602\">H\u00f6gt luftfl\u00f6de och h\u00f6g effekt<\/li>\n<li data-start=\"563\" data-end=\"602\">2 olika munstycken inkluderat<\/li>\n<\/ul>\n<p data-start=\"604\" data-end=\"630\"><strong data-start=\"604\" data-end=\"630\">Teknisk specifikation:<\/strong><\/p>\n<ul>\n<li data-start=\"633\" data-end=\"664\">Driftsp\u00e4nning: 230V ~ 50\/60Hz<\/li>\n<li data-start=\"667\" data-end=\"682\">Effekt: 1080W<\/li>\n<li data-start=\"685\" data-end=\"720\">Temperaturintervall: 20\u00b0C &#8211; 550\u00b0C<\/li>\n<li data-start=\"723\" data-end=\"743\">Luftfl\u00f6de: 10 m\u00b3\/h<\/li>\n<li data-start=\"746\" data-end=\"763\">Ljudniv\u00e5: 65 dB<\/li>\n<li data-start=\"766\" data-end=\"786\">M\u00e5tt: 130 \u00d7 350 mm<\/li>\n<li data-start=\"789\" data-end=\"817\">Handtagets diameter: 65 mm<\/li>\n<li data-start=\"820\" data-end=\"838\">Kabell\u00e4ngd: 1,75 m<\/li>\n<\/ul>\n<\/div>\n<\/div>\n<\/div>\n<\/div>\n<div class=\"flex min-h-[46px] justify-start\"><\/div>\n<div class=\"aria-live=polite absolute select-none\">\n<div class=\"flex items-center justify-center\"><\/div>\n<\/div>\n<\/div>\n<\/div>\n<\/article>\n<div class=\"pointer-events-none h-px w-px\" aria-hidden=\"true\" data-edge=\"true\"><\/div>\n","protected":false},"featured_media":27785,"template":"","meta":{"_acf_changed":false,"_seopress_robots_primary_cat":"none","_seopress_titles_title":"","_seopress_titles_desc":"","_seopress_robots_index":""},"product_cat":[338,583,615,21],"product_tag":[],"class_list":{"0":"post-27749","1":"product","2":"type-product","3":"status-publish","4":"has-post-thumbnail","6":"product_cat-fordonsverktyg","7":"product_cat-karosseriverktyg","8":"product_cat-svetstillbehor","9":"product_cat-verkstadsutrustning","11":"first","12":"instock","13":"taxable","14":"shipping-taxable","15":"purchasable","16":"product-type-simple","swatches":"rey-swatches","show_selected":""},"acf":[],"_links":{"self":[{"href":"https:\/\/toolhouse.fi\/sv\/wp-json\/wp\/v2\/product\/27749","targetHints":{"allow":["GET"]}}],"collection":[{"href":"https:\/\/toolhouse.fi\/sv\/wp-json\/wp\/v2\/product"}],"about":[{"href":"https:\/\/toolhouse.fi\/sv\/wp-json\/wp\/v2\/types\/product"}],"version-history":[{"count":0,"href":"https:\/\/toolhouse.fi\/sv\/wp-json\/wp\/v2\/product\/27749\/revisions"}],"wp:featuredmedia":[{"embeddable":true,"href":"https:\/\/toolhouse.fi\/sv\/wp-json\/wp\/v2\/media\/27785"}],"wp:attachment":[{"href":"https:\/\/toolhouse.fi\/sv\/wp-json\/wp\/v2\/media?parent=27749"}],"wp:term":[{"taxonomy":"product_cat","embeddable":true,"href":"https:\/\/toolhouse.fi\/sv\/wp-json\/wp\/v2\/product_cat?post=27749"},{"taxonomy":"product_tag","embeddable":true,"href":"https:\/\/toolhouse.fi\/sv\/wp-json\/wp\/v2\/product_tag?post=27749"}],"curies":[{"name":"wp","href":"https:\/\/api.w.org\/{rel}","templated":true}]}}