{"id":27790,"date":"2025-08-08T10:07:04","date_gmt":"2025-08-08T07:07:04","guid":{"rendered":"https:\/\/toolhouse.fi\/?post_type=product&#038;p=27790"},"modified":"2026-03-26T08:04:17","modified_gmt":"2026-03-26T06:04:17","slug":"plastsvets-70w","status":"publish","type":"product","link":"https:\/\/toolhouse.fi\/sv\/produkt\/plastsvets-70w\/","title":{"rendered":"Plastsvets 70W"},"content":{"rendered":"","protected":false},"excerpt":{"rendered":"<p data-start=\"53\" data-end=\"117\"><strong data-start=\"53\" data-end=\"117\">Effektiv plastsvets f\u00f6r reparation av spruckna plastdetaljer<\/strong><\/p>\n<p data-start=\"119\" data-end=\"323\">Smidig och kraftfull stiftpistol som snabbt hettar upp stift som sm\u00e4lts in i plasten f\u00f6r starka och h\u00e5llbara reparationer. Perfekt f\u00f6r att laga sprickor i st\u00f6tf\u00e5ngare, k\u00e5por, paneler och andra plastdelar.<\/p>\n<p data-start=\"325\" data-end=\"624\">Plastsvetsen levereras med 200 stift i fyra olika modeller, s\u00e5 du kan alltid v\u00e4lja r\u00e4tt form f\u00f6r varje typ av skada. Med en effekt p\u00e5 70 W och en maximal temperatur p\u00e5 600\u202f\u00b0C l\u00e4mpar sig verktyget \u00e4ven f\u00f6r tjockare plastmaterial.<\/p>\n<p data-start=\"626\" data-end=\"641\"><strong data-start=\"626\" data-end=\"641\">Egenskaper:<\/strong><\/p>\n<ul>\n<li data-start=\"644\" data-end=\"658\">Effekt: 70 W<\/li>\n<li data-start=\"661\" data-end=\"678\">Sp\u00e4nning: 230 V<\/li>\n<li data-start=\"681\" data-end=\"705\">Max temperatur: 600\u202f\u00b0C<\/li>\n<li data-start=\"708\" data-end=\"740\">Uppv\u00e4rmningstid: ca 3 sekunder<\/li>\n<li data-start=\"743\" data-end=\"774\">LED-belysning<\/li>\n<li data-start=\"777\" data-end=\"797\">Kabell\u00e4ngd: 155 cm<\/li>\n<li data-start=\"800\" data-end=\"819\">Tillverkare: Geko<\/li>\n<li data-start=\"822\" data-end=\"863\">Inkluderar 200 stift i 4 olika modeller<\/li>\n<\/ul>\n","protected":false},"featured_media":27800,"template":"","meta":{"_acf_changed":false,"_seopress_robots_primary_cat":"none","_seopress_titles_title":"","_seopress_titles_desc":"","_seopress_robots_index":""},"product_cat":[583,349,615],"product_tag":[],"class_list":{"0":"post-27790","1":"product","2":"type-product","3":"status-publish","4":"has-post-thumbnail","6":"product_cat-karosseriverktyg","7":"product_cat-ovrigt","8":"product_cat-svetstillbehor","10":"first","11":"instock","12":"taxable","13":"shipping-taxable","14":"purchasable","15":"product-type-simple","swatches":"rey-swatches","show_selected":""},"acf":[],"_links":{"self":[{"href":"https:\/\/toolhouse.fi\/sv\/wp-json\/wp\/v2\/product\/27790","targetHints":{"allow":["GET"]}}],"collection":[{"href":"https:\/\/toolhouse.fi\/sv\/wp-json\/wp\/v2\/product"}],"about":[{"href":"https:\/\/toolhouse.fi\/sv\/wp-json\/wp\/v2\/types\/product"}],"version-history":[{"count":0,"href":"https:\/\/toolhouse.fi\/sv\/wp-json\/wp\/v2\/product\/27790\/revisions"}],"wp:featuredmedia":[{"embeddable":true,"href":"https:\/\/toolhouse.fi\/sv\/wp-json\/wp\/v2\/media\/27800"}],"wp:attachment":[{"href":"https:\/\/toolhouse.fi\/sv\/wp-json\/wp\/v2\/media?parent=27790"}],"wp:term":[{"taxonomy":"product_cat","embeddable":true,"href":"https:\/\/toolhouse.fi\/sv\/wp-json\/wp\/v2\/product_cat?post=27790"},{"taxonomy":"product_tag","embeddable":true,"href":"https:\/\/toolhouse.fi\/sv\/wp-json\/wp\/v2\/product_tag?post=27790"}],"curies":[{"name":"wp","href":"https:\/\/api.w.org\/{rel}","templated":true}]}}