{"id":27821,"date":"2025-08-08T12:05:21","date_gmt":"2025-08-08T09:05:21","guid":{"rendered":"https:\/\/toolhouse.fi\/?post_type=product&#038;p=27821"},"modified":"2025-08-13T11:33:02","modified_gmt":"2025-08-13T08:33:02","slug":"gangrensare","status":"publish","type":"product","link":"https:\/\/toolhouse.fi\/sv\/produkt\/gangrensare\/","title":{"rendered":"G\u00e4ngrensare"},"content":{"rendered":"","protected":false},"excerpt":{"rendered":"<p data-start=\"121\" data-end=\"486\">Effektivt verktyg f\u00f6r reng\u00f6ring av pinnbultar, det sj\u00e4lvklara valet f\u00f6r snabb och effektiv borttagning av rost, smuts och gammalt fett fr\u00e5n olika bultar och g\u00e4ngor.<\/p>\n<p data-start=\"555\" data-end=\"631\">Inneh\u00e5ller 6 utbytbara borstar i olika diametrar, h\u00e5llare med 1\/2&#8243; f\u00e4ste samt adaptrar f\u00f6r skruvdragare och f\u00f6r sds-plus.<\/p>\n<p data-start=\"808\" data-end=\"821\"><strong data-start=\"808\" data-end=\"821\">Inneh\u00e5ll:<\/strong><\/p>\n<ul>\n<li data-start=\"824\" data-end=\"854\">1\u00d7 borsth\u00e5llare med snabbf\u00e4ste samt 1\/2&#8243; f\u00e4ste<\/li>\n<li data-start=\"857\" data-end=\"880\">6\u00d7 reng\u00f6ringsborstar:\n<ul data-start=\"883\" data-end=\"998\">\n<li data-start=\"883\" data-end=\"900\">\n<p data-start=\"885\" data-end=\"900\">12 mm (7\/16&#8243;)<\/p>\n<\/li>\n<li data-start=\"903\" data-end=\"919\">\n<p data-start=\"905\" data-end=\"919\">13 mm (1\/2&#8243;)<\/p>\n<\/li>\n<li data-start=\"922\" data-end=\"939\">\n<p data-start=\"924\" data-end=\"939\">14 mm (9\/16&#8243;)<\/p>\n<\/li>\n<li data-start=\"942\" data-end=\"958\">\n<p data-start=\"944\" data-end=\"958\">16 mm (5\/8&#8243;)<\/p>\n<\/li>\n<li data-start=\"961\" data-end=\"977\">\n<p data-start=\"963\" data-end=\"977\">22 mm (7\/8&#8243;)<\/p>\n<\/li>\n<li data-start=\"980\" data-end=\"998\">\n<p data-start=\"982\" data-end=\"998\">28 mm (1-1\/8&#8243;)<\/p>\n<\/li>\n<\/ul>\n<\/li>\n<li data-start=\"1001\" data-end=\"1029\">1\u00d7 SDS-PLUS adapter (1\/2&#8243;)<\/li>\n<li data-start=\"1032\" data-end=\"1072\">1\u00d7 HEX-adapter f\u00f6r skruvdragare (1\/2&#8243;)<\/li>\n<li data-start=\"1075\" data-end=\"1102\">1\u00d7 f\u00f6rvaringsl\u00e5da<\/li>\n<\/ul>\n","protected":false},"featured_media":27855,"template":"","meta":{"_acf_changed":false,"_seopress_robots_primary_cat":"none","_seopress_titles_title":"","_seopress_titles_desc":"","_seopress_robots_index":""},"product_cat":[338,580,349,160],"product_tag":[],"class_list":{"0":"post-27821","1":"product","2":"type-product","3":"status-publish","4":"has-post-thumbnail","6":"product_cat-fordonsverktyg","7":"product_cat-gangverktyg","8":"product_cat-ovrigt","9":"product_cat-tillbehor-verktyg","11":"first","12":"instock","13":"taxable","14":"shipping-taxable","15":"purchasable","16":"product-type-simple","swatches":"rey-swatches","show_selected":""},"acf":[],"_links":{"self":[{"href":"https:\/\/toolhouse.fi\/sv\/wp-json\/wp\/v2\/product\/27821","targetHints":{"allow":["GET"]}}],"collection":[{"href":"https:\/\/toolhouse.fi\/sv\/wp-json\/wp\/v2\/product"}],"about":[{"href":"https:\/\/toolhouse.fi\/sv\/wp-json\/wp\/v2\/types\/product"}],"version-history":[{"count":0,"href":"https:\/\/toolhouse.fi\/sv\/wp-json\/wp\/v2\/product\/27821\/revisions"}],"wp:featuredmedia":[{"embeddable":true,"href":"https:\/\/toolhouse.fi\/sv\/wp-json\/wp\/v2\/media\/27855"}],"wp:attachment":[{"href":"https:\/\/toolhouse.fi\/sv\/wp-json\/wp\/v2\/media?parent=27821"}],"wp:term":[{"taxonomy":"product_cat","embeddable":true,"href":"https:\/\/toolhouse.fi\/sv\/wp-json\/wp\/v2\/product_cat?post=27821"},{"taxonomy":"product_tag","embeddable":true,"href":"https:\/\/toolhouse.fi\/sv\/wp-json\/wp\/v2\/product_tag?post=27821"}],"curies":[{"name":"wp","href":"https:\/\/api.w.org\/{rel}","templated":true}]}}