{"id":27877,"date":"2025-08-12T11:57:08","date_gmt":"2025-08-12T08:57:08","guid":{"rendered":"https:\/\/toolhouse.fi\/?post_type=product&#038;p=27877"},"modified":"2025-08-14T11:48:42","modified_gmt":"2025-08-14T08:48:42","slug":"kraftsidavbitare-tvardy-180mm","status":"publish","type":"product","link":"https:\/\/toolhouse.fi\/sv\/produkt\/kraftsidavbitare-tvardy-180mm\/","title":{"rendered":"Kraftsidavbitare Tvardy 180mm"},"content":{"rendered":"","protected":false},"excerpt":{"rendered":"<p data-start=\"179\" data-end=\"430\">Tvardy kraftsidavbitare \u00e4r ett professionellt verktyg utvecklat f\u00f6r b\u00e5de mjuka och h\u00e5rda material. Den f\u00f6rl\u00e4ngda konstruktionen ger h\u00f6gre kapkraft med mindre anstr\u00e4ngning, vilket g\u00f6r arbetet b\u00e5de snabbare och bekv\u00e4mare.<\/p>\n<p data-start=\"432\" data-end=\"628\">Tillverkad av h\u00f6gkvalitativt, h\u00e4rdat CrV-verktygsst\u00e5l, vilket garanterar l\u00e5ng livsl\u00e4ngd\u00a0 \u00e4ven vid tuff anv\u00e4ndning.<\/p>\n<p data-start=\"477\" data-end=\"501\"><strong>Produktegenskaper:<\/strong><\/p>\n<ul>\n<li data-start=\"650\" data-end=\"736\">H\u00f6gkvalitativt CrV-st\u00e5l \u2013 f\u00f6r maximal h\u00e5llbarhet och motst\u00e5ndskraft mot slitage.<\/li>\n<li data-start=\"739\" data-end=\"819\">F\u00f6rl\u00e4ngd design \u2013 ger h\u00f6gre kapkraft och minskar anv\u00e4ndarens anstr\u00e4ngning.<\/li>\n<li data-start=\"822\" data-end=\"884\">V\u00e4rmebehandlad \u2013 h\u00e5rdhet 62\u201364 HRC f\u00f6r l\u00e5ngvarig sk\u00e4rpa.<\/li>\n<li data-start=\"887\" data-end=\"946\">Skruvad led \u2013 ger exakt linjering och smidig r\u00f6relse.<\/li>\n<li data-start=\"949\" data-end=\"1031\">Ergonomiskt tv\u00e5komponentshandtag \u2013 halkfritt grepp f\u00f6r komfort och kontroll.<\/li>\n<li data-start=\"1095\" data-end=\"1151\">PTFE-bel\u00e4ggning \u2013 skyddar mot korrosion och smuts.<\/li>\n<li data-start=\"1154\" data-end=\"1214\">Precisionskapning \u2013 f\u00f6r b\u00e5de mjuka och h\u00e5rda material.<\/li>\n<li>Totall\u00e4ngd: 195 mm<\/li>\n<li>Sk\u00e4rl\u00e4ngd: 22 mm<\/li>\n<li>Vikt: 0,29 kg<\/li>\n<\/ul>\n","protected":false},"featured_media":27964,"template":"","meta":{"_acf_changed":false,"_seopress_robots_primary_cat":"none","_seopress_titles_title":"","_seopress_titles_desc":"","_seopress_robots_index":""},"product_cat":[578,21],"product_tag":[],"class_list":{"0":"post-27877","1":"product","2":"type-product","3":"status-publish","4":"has-post-thumbnail","6":"product_cat-handverktyg","7":"product_cat-verkstadsutrustning","9":"first","10":"instock","11":"taxable","12":"shipping-taxable","13":"purchasable","14":"product-type-simple","swatches":"rey-swatches","show_selected":""},"acf":[],"_links":{"self":[{"href":"https:\/\/toolhouse.fi\/sv\/wp-json\/wp\/v2\/product\/27877","targetHints":{"allow":["GET"]}}],"collection":[{"href":"https:\/\/toolhouse.fi\/sv\/wp-json\/wp\/v2\/product"}],"about":[{"href":"https:\/\/toolhouse.fi\/sv\/wp-json\/wp\/v2\/types\/product"}],"version-history":[{"count":5,"href":"https:\/\/toolhouse.fi\/sv\/wp-json\/wp\/v2\/product\/27877\/revisions"}],"predecessor-version":[{"id":27974,"href":"https:\/\/toolhouse.fi\/sv\/wp-json\/wp\/v2\/product\/27877\/revisions\/27974"}],"wp:featuredmedia":[{"embeddable":true,"href":"https:\/\/toolhouse.fi\/sv\/wp-json\/wp\/v2\/media\/27964"}],"wp:attachment":[{"href":"https:\/\/toolhouse.fi\/sv\/wp-json\/wp\/v2\/media?parent=27877"}],"wp:term":[{"taxonomy":"product_cat","embeddable":true,"href":"https:\/\/toolhouse.fi\/sv\/wp-json\/wp\/v2\/product_cat?post=27877"},{"taxonomy":"product_tag","embeddable":true,"href":"https:\/\/toolhouse.fi\/sv\/wp-json\/wp\/v2\/product_tag?post=27877"}],"curies":[{"name":"wp","href":"https:\/\/api.w.org\/{rel}","templated":true}]}}