{"id":27976,"date":"2025-08-14T13:39:46","date_gmt":"2025-08-14T10:39:46","guid":{"rendered":"https:\/\/toolhouse.fi\/?post_type=product&#038;p=27976"},"modified":"2025-10-15T20:53:55","modified_gmt":"2025-10-15T17:53:55","slug":"pk-4000ar-med-stort-golvfaste","status":"publish","type":"product","link":"https:\/\/toolhouse.fi\/sv\/produkt\/pk-4000ar-med-stort-golvfaste\/","title":{"rendered":"PK-4000AR med stort golvf\u00e4ste"},"content":{"rendered":"<table border=\"0\" width=\"436\" cellspacing=\"0\" cellpadding=\"2\">\n<tbody>\n<tr>\n<td width=\"322\"><b>Lyftkapacitet :<\/b><\/td>\n<td width=\"93\">4000 kg<\/td>\n<\/tr>\n<tr>\n<td bgcolor=\"#f1f1f1\" width=\"322\"><b>Lyfth\u00f6jd:<\/b><\/td>\n<td bgcolor=\"#f1f1f1\" width=\"93\">100 \u20131900mm<\/td>\n<\/tr>\n<tr>\n<td width=\"322\"><b>Automatiska s\u00e4kerhetsl\u00e5s :<\/b><\/td>\n<td width=\"93\">Ja<\/td>\n<\/tr>\n<tr>\n<td bgcolor=\"#f1f1f1\" width=\"322\"><b>Drift\u00a0:<\/b><\/td>\n<td bgcolor=\"#f1f1f1\" width=\"93\">Hydraulisk<\/td>\n<\/tr>\n<tr>\n<td width=\"322\"><b>Lyfttid\u00a0:<\/b><\/td>\n<td width=\"93\">30 sekunder<\/td>\n<\/tr>\n<tr>\n<td bgcolor=\"#f1f1f1\" width=\"322\"><b>230V elutag :<\/b><\/td>\n<td bgcolor=\"#f1f1f1\" width=\"93\">ja<\/td>\n<\/tr>\n<tr>\n<td width=\"322\"><b>Bredd mellan pelare:<\/b><\/p>\n<p><strong>Genomk\u00f6rningsbredd:<\/strong><\/td>\n<td width=\"93\">2800 mm<\/p>\n<p>2570 mm<\/td>\n<\/tr>\n<tr>\n<td bgcolor=\"#f1f1f1\" width=\"322\"><b>H\u00f6jd :<\/b><\/td>\n<td bgcolor=\"#f1f1f1\" width=\"93\">2800 mm<\/td>\n<\/tr>\n<tr>\n<td width=\"322\"><b>Bredd\u00a0:<\/b><\/p>\n<p><strong>Vikt:<\/strong><\/td>\n<td width=\"93\">3300 mm<\/p>\n<p>620kg<\/td>\n<\/tr>\n<tr>\n<td bgcolor=\"#f1f1f1\" width=\"322\"><b>Sp\u00e4nning\u00a0:<\/b><\/td>\n<td bgcolor=\"#f1f1f1\" width=\"93\">400V<\/td>\n<\/tr>\n<tr>\n<td width=\"322\"><b>Garanti\u00a0:<\/b><\/td>\n<td width=\"93\">12 m\u00e5nader<\/td>\n<\/tr>\n<tr>\n<td bgcolor=\"#f1f1f1\" width=\"322\"><strong>Stort golvf\u00e4ste + st\u00f6dram:<\/strong><\/td>\n<td bgcolor=\"#f1f1f1\" width=\"93\">Ja<\/td>\n<\/tr>\n<tr>\n<td width=\"322\"><strong>Ce m\u00e4rkt\u00a0:<\/strong><\/td>\n<td width=\"93\">Ja<\/td>\n<\/tr>\n<tr>\n<td bgcolor=\"#f1f1f1\" width=\"322\"><strong>Motoreffekt:<\/strong><\/td>\n<td bgcolor=\"#f1f1f1\" width=\"93\">2,2kw<\/td>\n<\/tr>\n<tr>\n<td width=\"322\"><strong>Man\u00f6versp\u00e4nning<\/strong><\/p>\n<p>&nbsp;<\/p>\n<p><strong>Modell<\/strong><\/td>\n<td width=\"93\">24 v<\/p>\n<p>&nbsp;<\/p>\n<p><strong>Pk-4000AR<\/strong><\/td>\n<\/tr>\n<\/tbody>\n<\/table>\n","protected":false},"excerpt":{"rendered":"<p>&nbsp;<\/p>\n<ul>\n<li>Hydraulisk tv\u00e5pelarlyft.<\/li>\n<li>Lyftkapacitet 4000kg.<\/li>\n<li>Lyfth\u00f6jd 100 \u2013 1900 mm.<\/li>\n<li>Automatiska 24 volts s\u00e4kerhetsl\u00e5s.<\/li>\n<li>400v<\/li>\n<li>Stort golvf\u00e4ste och st\u00f6dram mellan pelarna.<\/li>\n<li>230V eluttag<\/li>\n<\/ul>\n<p>&nbsp;<\/p>\n<p>PK-4000AR 2-pelarlyft med stort golvf\u00e4ste och st\u00f6dram som m\u00f6jligg\u00f6r montering p\u00e5 tunnare golv.<\/p>\n<p>Lyften har automatiska s\u00e4kerhetsl\u00e5s samt teleskopiska lyftarmar som underl\u00e4ttar n\u00e4r du lyfter l\u00e5nga fordon och bilar med lyftpunkt l\u00e5ngt in tex bilar med ram.<\/p>\n<p>Lyftdynorna \u00e4r\u00a0 tillverkade av oljebest\u00e4ndigt gummi, och som tillbeh\u00f6r finns f\u00f6rh\u00f6jningar i tv\u00e5 olika l\u00e4ngder.<\/p>\n<p>&nbsp;<\/p>\n<p><strong>Automatisk<\/strong><\/p>\n<p>F\u00f6rdelen med den automatiska lyften \u00e4r bekv\u00e4m kontroll av lyft och s\u00e4nkprocessen.<\/p>\n<p>Med knapparna p\u00e5 kontrollpanelen styrs allt, utan att beh\u00f6va sl\u00e4ppa l\u00e5set manuellt vid varje pelare.<\/p>\n<p>P\u00e5 den h\u00e4r modellen har b\u00e5da pelarna elektromagneter som automatiskt inaktiverar l\u00e5sen n\u00e4r s\u00e4nkningsknappen p\u00e5 kontrollpanelen trycks in.<\/p>\n<p><strong>Justeringm\u00f6jligheter<\/strong><\/p>\n<p>Lyftarmarna \u00e4r asymmetriska (fr\u00e4mre \u00e4r kortare, bakre l\u00e4ngre).Dessutom \u00e4r armarna teleskopisk justerbara, s\u00e5 att du bekv\u00e4mt kan st\u00e4lla in dem p\u00e5 r\u00e4tt plats f\u00f6r att lyfta fordonet.<\/p>\n<p><strong>H\u00f6g s\u00e4kerhet<\/strong><\/p>\n<p>P\u00e5 PK-4000AR aktiveras s\u00e4kerhetssp\u00e4rrsystemet automatiskt n\u00e4r bilen lyfts, dessutom stoppas lyftprocessen n\u00e4r bilen n\u00e5r maximal lyfth\u00f6jd, detta garanterar h\u00f6gsta s\u00e4kerhet vid anv\u00e4ndning.<\/p>\n<p>Standardutrustad med gummiskydd som skyddar bild\u00f6rren vid \u00f6ppning.<\/p>\n<p>Lyften \u00e4r utrustad med n\u00f6dstopp och kl\u00e4mskydd.<\/p>\n","protected":false},"featured_media":28000,"template":"","meta":{"_acf_changed":false,"_seopress_robots_primary_cat":"none","_seopress_titles_title":"","_seopress_titles_desc":"","_seopress_robots_index":""},"product_cat":[278,458,20],"product_tag":[],"class_list":{"0":"post-27976","1":"product","2":"type-product","3":"status-publish","4":"has-post-thumbnail","6":"product_cat-2-pelarlyft","7":"product_cat-fordonslyftar","8":"product_cat-lyftteknik","9":"product_shipping_class-l-220-l-220r","11":"first","12":"outofstock","13":"sale","14":"taxable","15":"shipping-taxable","16":"purchasable","17":"product-type-simple","swatches":"rey-swatches","show_selected":""},"acf":[],"_links":{"self":[{"href":"https:\/\/toolhouse.fi\/sv\/wp-json\/wp\/v2\/product\/27976","targetHints":{"allow":["GET"]}}],"collection":[{"href":"https:\/\/toolhouse.fi\/sv\/wp-json\/wp\/v2\/product"}],"about":[{"href":"https:\/\/toolhouse.fi\/sv\/wp-json\/wp\/v2\/types\/product"}],"version-history":[{"count":0,"href":"https:\/\/toolhouse.fi\/sv\/wp-json\/wp\/v2\/product\/27976\/revisions"}],"wp:featuredmedia":[{"embeddable":true,"href":"https:\/\/toolhouse.fi\/sv\/wp-json\/wp\/v2\/media\/28000"}],"wp:attachment":[{"href":"https:\/\/toolhouse.fi\/sv\/wp-json\/wp\/v2\/media?parent=27976"}],"wp:term":[{"taxonomy":"product_cat","embeddable":true,"href":"https:\/\/toolhouse.fi\/sv\/wp-json\/wp\/v2\/product_cat?post=27976"},{"taxonomy":"product_tag","embeddable":true,"href":"https:\/\/toolhouse.fi\/sv\/wp-json\/wp\/v2\/product_tag?post=27976"}],"curies":[{"name":"wp","href":"https:\/\/api.w.org\/{rel}","templated":true}]}}