{"id":28141,"date":"2025-08-21T16:03:43","date_gmt":"2025-08-21T13:03:43","guid":{"rendered":"https:\/\/toolhouse.fi\/?post_type=product&#038;p=28141"},"modified":"2025-08-21T17:03:16","modified_gmt":"2025-08-21T14:03:16","slug":"linjetang-tvardy-200mm","status":"publish","type":"product","link":"https:\/\/toolhouse.fi\/sv\/produkt\/linjetang-tvardy-200mm\/","title":{"rendered":"Kombinationst\u00e5ng Tvardy 200mm"},"content":{"rendered":"","protected":false},"excerpt":{"rendered":"<p data-start=\"179\" data-end=\"430\">Tvardy linjet\u00e5ng \u00e4r ett professionellt verktyg. Tillverkad av h\u00f6gkvalitativt, h\u00e4rdat CrV-verktygsst\u00e5l, vilket garanterar l\u00e5ng livsl\u00e4ngd\u00a0 \u00e4ven vid tuff anv\u00e4ndning. Ergonomiska tv\u00e5komponentshandtag ger s\u00e4kert grepp och h\u00f6g arbetskomfort.<\/p>\n<p data-start=\"477\" data-end=\"501\"><strong>Produktegenskaper:<\/strong><\/p>\n<ul>\n<li data-start=\"650\" data-end=\"736\">H\u00f6gkvalitativt CrV-st\u00e5l \u2013 f\u00f6r maximal h\u00e5llbarhet och motst\u00e5ndskraft mot slitage.<\/li>\n<li data-start=\"822\" data-end=\"884\">V\u00e4rmebehandlad \u2013 h\u00e5rdhet 62\u201364 HRC f\u00f6r l\u00e5ngvarig sk\u00e4rpa.<\/li>\n<li data-start=\"887\" data-end=\"946\">Skruvad led \u2013 ger exakt linjering och smidig r\u00f6relse.<\/li>\n<li data-start=\"949\" data-end=\"1031\">Ergonomiskt tv\u00e5komponentshandtag \u2013 halkfritt grepp f\u00f6r komfort och kontroll.<\/li>\n<li data-start=\"1095\" data-end=\"1151\">PTFE-bel\u00e4ggning \u2013 skyddar mot korrosion och smuts.<\/li>\n<li data-start=\"1154\" data-end=\"1214\">Tv\u00e5 greppzoner och avbitare<\/li>\n<li>Totall\u00e4ngd: 206 mm<\/li>\n<li>Spetsl\u00e4ngd: 42 mm<\/li>\n<li>Vikt: 0,35 kg<\/li>\n<\/ul>\n","protected":false},"featured_media":28146,"template":"","meta":{"_acf_changed":false,"_seopress_robots_primary_cat":"none","_seopress_titles_title":"","_seopress_titles_desc":"","_seopress_robots_index":""},"product_cat":[578,21],"product_tag":[],"class_list":{"0":"post-28141","1":"product","2":"type-product","3":"status-publish","4":"has-post-thumbnail","6":"product_cat-handverktyg","7":"product_cat-verkstadsutrustning","9":"first","10":"instock","11":"taxable","12":"shipping-taxable","13":"purchasable","14":"product-type-simple","swatches":"rey-swatches","show_selected":""},"acf":[],"_links":{"self":[{"href":"https:\/\/toolhouse.fi\/sv\/wp-json\/wp\/v2\/product\/28141","targetHints":{"allow":["GET"]}}],"collection":[{"href":"https:\/\/toolhouse.fi\/sv\/wp-json\/wp\/v2\/product"}],"about":[{"href":"https:\/\/toolhouse.fi\/sv\/wp-json\/wp\/v2\/types\/product"}],"version-history":[{"count":3,"href":"https:\/\/toolhouse.fi\/sv\/wp-json\/wp\/v2\/product\/28141\/revisions"}],"predecessor-version":[{"id":28154,"href":"https:\/\/toolhouse.fi\/sv\/wp-json\/wp\/v2\/product\/28141\/revisions\/28154"}],"wp:featuredmedia":[{"embeddable":true,"href":"https:\/\/toolhouse.fi\/sv\/wp-json\/wp\/v2\/media\/28146"}],"wp:attachment":[{"href":"https:\/\/toolhouse.fi\/sv\/wp-json\/wp\/v2\/media?parent=28141"}],"wp:term":[{"taxonomy":"product_cat","embeddable":true,"href":"https:\/\/toolhouse.fi\/sv\/wp-json\/wp\/v2\/product_cat?post=28141"},{"taxonomy":"product_tag","embeddable":true,"href":"https:\/\/toolhouse.fi\/sv\/wp-json\/wp\/v2\/product_tag?post=28141"}],"curies":[{"name":"wp","href":"https:\/\/api.w.org\/{rel}","templated":true}]}}