{"id":28412,"date":"2025-09-11T15:44:38","date_gmt":"2025-09-11T12:44:38","guid":{"rendered":"https:\/\/toolhouse.fi\/?post_type=product&#038;p=28412"},"modified":"2026-01-15T13:18:48","modified_gmt":"2026-01-15T11:18:48","slug":"blocknyckelsats-geko-34-50mm","status":"publish","type":"product","link":"https:\/\/toolhouse.fi\/sv\/produkt\/blocknyckelsats-geko-34-50mm\/","title":{"rendered":"Blocknyckelsats Geko 34-50mm"},"content":{"rendered":"","protected":false},"excerpt":{"rendered":"<h6 class=\"sr-only\"><span style=\"color: #484f56; font-size: 1.125rem; font-weight: 400;\">Sats med 6 blocknycklar i storlekarna 34\u201350 mm. Tillverkade i slitstarkt CrV-st\u00e5l.<\/span><\/h6>\n<ul>\n<li>F\u00f6rvaringsfodral med upph\u00e4ngningsh\u00e5l.<\/li>\n<li>Storlekar: <strong>34, 36, 38, 41, 46, 50 mm<\/strong><\/li>\n<li>Material: CrV-st\u00e5l<\/li>\n<li>L\u00e4ngd: 357 &#8211; 575 mm<\/li>\n<li>Vikt: 9kg<\/li>\n<li>Tillverkare: Geko<\/li>\n<\/ul>\n","protected":false},"featured_media":28416,"template":"","meta":{"_acf_changed":false,"_seopress_robots_primary_cat":"none","_seopress_titles_title":"","_seopress_titles_desc":"","_seopress_robots_index":""},"product_cat":[581,336,21],"product_tag":[],"class_list":{"0":"post-28412","1":"product","2":"type-product","3":"status-publish","4":"has-post-thumbnail","6":"product_cat-hylsverktyg-och-vridverktyg","7":"product_cat-verktyg","8":"product_cat-verkstadsutrustning","10":"first","11":"instock","12":"taxable","13":"shipping-taxable","14":"purchasable","15":"product-type-simple","swatches":"rey-swatches","show_selected":""},"acf":[],"_links":{"self":[{"href":"https:\/\/toolhouse.fi\/sv\/wp-json\/wp\/v2\/product\/28412","targetHints":{"allow":["GET"]}}],"collection":[{"href":"https:\/\/toolhouse.fi\/sv\/wp-json\/wp\/v2\/product"}],"about":[{"href":"https:\/\/toolhouse.fi\/sv\/wp-json\/wp\/v2\/types\/product"}],"version-history":[{"count":0,"href":"https:\/\/toolhouse.fi\/sv\/wp-json\/wp\/v2\/product\/28412\/revisions"}],"wp:featuredmedia":[{"embeddable":true,"href":"https:\/\/toolhouse.fi\/sv\/wp-json\/wp\/v2\/media\/28416"}],"wp:attachment":[{"href":"https:\/\/toolhouse.fi\/sv\/wp-json\/wp\/v2\/media?parent=28412"}],"wp:term":[{"taxonomy":"product_cat","embeddable":true,"href":"https:\/\/toolhouse.fi\/sv\/wp-json\/wp\/v2\/product_cat?post=28412"},{"taxonomy":"product_tag","embeddable":true,"href":"https:\/\/toolhouse.fi\/sv\/wp-json\/wp\/v2\/product_tag?post=28412"}],"curies":[{"name":"wp","href":"https:\/\/api.w.org\/{rel}","templated":true}]}}