{"id":28428,"date":"2025-09-11T16:37:35","date_gmt":"2025-09-11T13:37:35","guid":{"rendered":"https:\/\/toolhouse.fi\/?post_type=product&#038;p=28428"},"modified":"2025-09-23T10:33:16","modified_gmt":"2025-09-23T07:33:16","slug":"skruvutdragarsats-tvardy","status":"publish","type":"product","link":"https:\/\/toolhouse.fi\/sv\/produkt\/skruvutdragarsats-tvardy\/","title":{"rendered":"Skruvutdragarsats Tvardy 15-delar"},"content":{"rendered":"","protected":false},"excerpt":{"rendered":"<p>Tvardy skruvutdragarset &#8211; mycket effektivt f\u00f6r avbrutna skruvar.<\/p>\n<article class=\"text-token-text-primary w-full focus:outline-none scroll-mt-[calc(var(--header-height)+min(200px,max(70px,20svh)))]\" dir=\"auto\" tabindex=\"-1\" data-turn-id=\"request-68a6f29c-0708-8321-b1a5-23d16144c2bd-48\" data-testid=\"conversation-turn-244\" data-scroll-anchor=\"true\" data-turn=\"assistant\">\n<div class=\"text-base my-auto mx-auto pb-10 [--thread-content-margin:--spacing(4)] thread-sm:[--thread-content-margin:--spacing(6)] thread-lg:[--thread-content-margin:--spacing(16)] px-(--thread-content-margin)\">\n<div class=\"[--thread-content-max-width:40rem] thread-sm:[--thread-content-max-width:40rem] thread-lg:[--thread-content-max-width:48rem] mx-auto max-w-(--thread-content-max-width) flex-1 group\/turn-messages focus-visible:outline-hidden relative flex w-full min-w-0 flex-col agent-turn\" tabindex=\"-1\">\n<div class=\"flex max-w-full flex-col grow\">\n<div class=\"min-h-8 text-message relative flex w-full flex-col items-end gap-2 text-start break-words whitespace-normal [.text-message+&amp;]:mt-5\" dir=\"auto\" data-message-author-role=\"assistant\" data-message-id=\"ba8f0745-5d24-4d4f-a7b8-c7a64defc56d\" data-message-model-slug=\"gpt-5\">\n<div class=\"flex w-full flex-col gap-1 empty:hidden first:pt-[3px]\">\n<div class=\"markdown prose dark:prose-invert w-full break-words light markdown-new-styling\">\n<p data-start=\"0\" data-end=\"113\" data-is-last-node=\"\" data-is-only-node=\"\">Setet best\u00e5r av 15 utdragare i storlekar fr\u00e5n 3 till 14 mm, tillverkade i slitstarkt krom-molybdenst\u00e5l (Cr-Mo).<\/p>\n<\/div>\n<\/div>\n<\/div>\n<\/div>\n<div class=\"flex min-h-[46px] justify-start\"><\/div>\n<\/div>\n<\/div>\n<\/article>\n<ul>\n<li data-start=\"896\" data-end=\"972\">Material: Cr-Mo-st\u00e5l \u2013 h\u00f6g slitstyrka och t\u00e5lighet vid h\u00e5rd belastning<\/li>\n<li data-start=\"975\" data-end=\"996\">Skruvutdragare:\n<ul data-start=\"999\" data-end=\"1129\">\n<li data-start=\"999\" data-end=\"1067\">\n<ul data-start=\"425\" data-end=\"537\">\n<li data-start=\"425\" data-end=\"487\">\n<p data-start=\"427\" data-end=\"487\">12 mm HEX: 1\/8&#8243;, 3mm, 4mm, 3\/16&#8243;, 5mm, 5.5mm, 1\/4&#8243;, 6mm, 8mm, 3\/8&#8243;, 10mm<\/p>\n<\/li>\n<li data-start=\"490\" data-end=\"511\">\n<p data-start=\"492\" data-end=\"511\">16 mm HEX: 11mm, 12mm<\/p>\n<\/li>\n<li data-start=\"514\" data-end=\"537\">\n<p data-start=\"516\" data-end=\"537\">20 mm HEX: 1\/2&#8243;, 14mm<\/p>\n<\/li>\n<\/ul>\n<\/li>\n<\/ul>\n<\/li>\n<li data-start=\"1191\" data-end=\"1241\">Inneh\u00e5ll: 15 skruvutdragare + f\u00f6rvaringsl\u00e5da<\/li>\n<li>Tillverkare: Tvardy<\/li>\n<\/ul>\n","protected":false},"featured_media":28448,"template":"","meta":{"_acf_changed":false,"_seopress_robots_primary_cat":"none","_seopress_titles_title":"","_seopress_titles_desc":"","_seopress_robots_index":""},"product_cat":[588,581,336,21],"product_tag":[],"class_list":{"0":"post-28428","1":"product","2":"type-product","3":"status-publish","4":"has-post-thumbnail","6":"product_cat-avdragare","7":"product_cat-hylsverktyg-och-vridverktyg","8":"product_cat-verktyg","9":"product_cat-verkstadsutrustning","11":"first","12":"instock","13":"taxable","14":"shipping-taxable","15":"purchasable","16":"product-type-simple","swatches":"rey-swatches","show_selected":""},"acf":[],"_links":{"self":[{"href":"https:\/\/toolhouse.fi\/sv\/wp-json\/wp\/v2\/product\/28428","targetHints":{"allow":["GET"]}}],"collection":[{"href":"https:\/\/toolhouse.fi\/sv\/wp-json\/wp\/v2\/product"}],"about":[{"href":"https:\/\/toolhouse.fi\/sv\/wp-json\/wp\/v2\/types\/product"}],"version-history":[{"count":0,"href":"https:\/\/toolhouse.fi\/sv\/wp-json\/wp\/v2\/product\/28428\/revisions"}],"wp:featuredmedia":[{"embeddable":true,"href":"https:\/\/toolhouse.fi\/sv\/wp-json\/wp\/v2\/media\/28448"}],"wp:attachment":[{"href":"https:\/\/toolhouse.fi\/sv\/wp-json\/wp\/v2\/media?parent=28428"}],"wp:term":[{"taxonomy":"product_cat","embeddable":true,"href":"https:\/\/toolhouse.fi\/sv\/wp-json\/wp\/v2\/product_cat?post=28428"},{"taxonomy":"product_tag","embeddable":true,"href":"https:\/\/toolhouse.fi\/sv\/wp-json\/wp\/v2\/product_tag?post=28428"}],"curies":[{"name":"wp","href":"https:\/\/api.w.org\/{rel}","templated":true}]}}