{"id":28499,"date":"2025-09-15T15:21:38","date_gmt":"2025-09-15T12:21:38","guid":{"rendered":"https:\/\/toolhouse.fi\/?post_type=product&#038;p=28499"},"modified":"2026-02-05T14:06:47","modified_gmt":"2026-02-05T12:06:47","slug":"geko-premium-oljesug-80l","status":"publish","type":"product","link":"https:\/\/toolhouse.fi\/sv\/produkt\/geko-premium-oljesug-80l\/","title":{"rendered":"Geko premium oljesug 80L"},"content":{"rendered":"<table class=\"n54117_dictionary\">\n<tbody>\n<tr>\n<td class=\"n54117_item_a1\">Temperaturomr\u00e5de p\u00e5 olja<span class=\"n67256colon\">:<\/span><\/td>\n<td class=\"n54117_item_b1\">\n<div class=\"n54117_item_b_sub\">40-60 \u00b0 C<\/div>\n<\/td>\n<\/tr>\n<tr>\n<td class=\"n54117_item_a2\">Kontroltank<span class=\"n67256colon\">:<\/span><\/td>\n<td class=\"n54117_item_b2\">\n<div class=\"n54117_item_b_sub\">9 l<\/div>\n<\/td>\n<\/tr>\n<tr>\n<td class=\"n54117_item_a1\">Luftanslutning<span class=\"n67256colon\">:<\/span><\/td>\n<td class=\"n54117_item_b1\">\n<div class=\"n54117_item_b_sub\">1\/4 \u201c<\/div>\n<\/td>\n<\/tr>\n<tr>\n<td class=\"n54117_item_a2\">Uppsamlingsk\u00e4rl diameter<span class=\"n67256colon\">:<\/span><\/td>\n<td class=\"n54117_item_b2\">\n<div class=\"n54117_item_b_sub\">58 cm<\/div>\n<\/td>\n<\/tr>\n<tr>\n<td class=\"n54117_item_a1\">Tankrymd<span class=\"n67256colon\">:<\/span><\/td>\n<td class=\"n54117_item_b1\">\n<div class=\"n54117_item_b_sub\">80 l<\/div>\n<\/td>\n<\/tr>\n<tr>\n<td class=\"n54117_item_a2\">Uppsamlingsk\u00e4rl storlek<span class=\"n67256colon\">:<\/span><\/td>\n<td class=\"n54117_item_b2\">\n<div class=\"n54117_item_b_sub\">ca. 17 l<\/div>\n<\/td>\n<\/tr>\n<tr>\n<td class=\"n54117_item_a1\">Sugeffekt<span class=\"n67256colon\">:<\/span><\/td>\n<td class=\"n54117_item_b1\">\n<div class=\"n54117_item_b_sub\">1,5 till 6,5 l \/ min<\/div>\n<\/td>\n<\/tr>\n<tr>\n<td class=\"n54117_item_a2\">Lufttryck<span class=\"n67256colon\">:<\/span><\/td>\n<td class=\"n54117_item_b2\">\n<div class=\"n54117_item_b_sub\">6 \u2013 8 Bar<\/div>\n<\/td>\n<\/tr>\n<tr>\n<td class=\"n54117_item_a1\">Medf\u00f6ljande sugslangar\u00a0 (sonder)<span class=\"n67256colon\">:<\/span><\/td>\n<td class=\"n54117_item_b1\">\n<div class=\"n54117_item_b_sub\">2 st metal 6mm, 8mm<\/div>\n<p>,<\/p>\n<div class=\"n54117_item_b_sub\">4 st plast (flexibla)<\/div>\n<div>5mm, 5,8mm, 6,2mm, 8mm<\/div>\n<\/td>\n<\/tr>\n<tr>\n<td class=\"n54117_item_a2\"><\/td>\n<td class=\"n54117_item_b2\">\n<div class=\"n54117_item_b_sub\"><\/div>\n<\/td>\n<\/tr>\n<tr>\n<td class=\"n54117_item_a1\">H\u00f6jd<span class=\"n67256colon\">:<\/span><\/td>\n<td class=\"n54117_item_b1\">\n<div class=\"n54117_item_b_sub\">130 &#8211; 160 cm<\/div>\n<\/td>\n<\/tr>\n<tr>\n<td class=\"n54117_item_a2\">Garanti<span class=\"n67256colon\">:<\/span><\/td>\n<td class=\"n54117_item_b2\">\n<div class=\"n54117_item_b_sub\">1 \u00e5r<\/div>\n<\/td>\n<\/tr>\n<tr>\n<td class=\"n54117_item_a1\">CE-godk\u00e4nd:<\/td>\n<td class=\"n54117_item_b1\">\n<div class=\"n54117_item_b_sub\">ja<\/div>\n<\/td>\n<\/tr>\n<tr>\n<td class=\"n54117_item_a2\">Vikt<span class=\"n67256colon\">:<\/span><\/td>\n<td class=\"n54117_item_b2\">\n<div class=\"n54117_item_b_sub\">25 kg<\/div>\n<\/td>\n<\/tr>\n<\/tbody>\n<\/table>\n","protected":false},"excerpt":{"rendered":"<p>&nbsp;<\/p>\n<p>&nbsp;<\/p>\n<p><strong>Geko premium oljesug f\u00f6r snabba och effektiva oljebyten<\/strong><\/p>\n<p>Oljesugen fr\u00e5n Gekos premiumserie erbjuder en h\u00f6g sugkapacitet p\u00e5 upp till 6,5 l \/ min, vilket g\u00f6r oljebyten i motorer, v\u00e4xell\u00e5dor m.m. b\u00e5de enkla och tidseffektiva.<\/p>\n<ul>\n<li><strong>Stor uppsamlartank<\/strong>: Tanken rymmer 80 liter, vilket m\u00f6jligg\u00f6r m\u00e5nga oljebyten utan att beh\u00f6va t\u00f6mmas. T\u00f6mningen sker snabbt och smidigt med hj\u00e4lp av tryckluft.<\/li>\n<li><strong>Transparent kontrolltank<\/strong>: Kontrolltanken rymmer 9 liter och \u00e4r perfekt f\u00f6r inspektion och \u00f6vervakning av oljem\u00e4ngden.<\/li>\n<li><strong>Manuell avtappning<\/strong>: En extra stor tratt med inbyggd sil ger smidig och s\u00e4ker avtappning direkt fr\u00e5n oljepluggen och minimerar risken f\u00f6r spill.<\/li>\n<li><strong>Flexibel och m\u00e5ngsidig anv\u00e4ndning<\/strong>: Med 6 medf\u00f6ljande oljesonder i olika storlekar och en justerbar h\u00f6jd p\u00e5 130\u2013160 cm \u00e4r enheten perfekt f\u00f6r oljebyten i de flesta fordon.<\/li>\n<\/ul>\n<p>&nbsp;<\/p>\n<ul>\n<li><strong>Tankstorlek<\/strong>: 80 liter<\/li>\n<li><strong>Kontrolltank<\/strong>: 9 liter<\/li>\n<li><strong>Trattkapacitet<\/strong>: 16 liter<\/li>\n<li><strong>Sugslangar<\/strong>: 6 st i olika storlekar<\/li>\n<li><strong>Justerbar h\u00f6jd<\/strong>: 130\u2013160 cm<\/li>\n<\/ul>\n","protected":false},"featured_media":28738,"template":"","meta":{"_acf_changed":false,"_seopress_robots_primary_cat":"none","_seopress_titles_title":"","_seopress_titles_desc":"","_seopress_robots_index":""},"product_cat":[338,340,21],"product_tag":[],"class_list":{"0":"post-28499","1":"product","2":"type-product","3":"status-publish","4":"has-post-thumbnail","6":"product_cat-fordonsverktyg","7":"product_cat-oljeverktyg","8":"product_cat-verkstadsutrustning","10":"first","11":"instock","12":"taxable","13":"shipping-taxable","14":"purchasable","15":"product-type-simple","swatches":"rey-swatches","show_selected":""},"acf":[],"_links":{"self":[{"href":"https:\/\/toolhouse.fi\/sv\/wp-json\/wp\/v2\/product\/28499","targetHints":{"allow":["GET"]}}],"collection":[{"href":"https:\/\/toolhouse.fi\/sv\/wp-json\/wp\/v2\/product"}],"about":[{"href":"https:\/\/toolhouse.fi\/sv\/wp-json\/wp\/v2\/types\/product"}],"version-history":[{"count":0,"href":"https:\/\/toolhouse.fi\/sv\/wp-json\/wp\/v2\/product\/28499\/revisions"}],"wp:featuredmedia":[{"embeddable":true,"href":"https:\/\/toolhouse.fi\/sv\/wp-json\/wp\/v2\/media\/28738"}],"wp:attachment":[{"href":"https:\/\/toolhouse.fi\/sv\/wp-json\/wp\/v2\/media?parent=28499"}],"wp:term":[{"taxonomy":"product_cat","embeddable":true,"href":"https:\/\/toolhouse.fi\/sv\/wp-json\/wp\/v2\/product_cat?post=28499"},{"taxonomy":"product_tag","embeddable":true,"href":"https:\/\/toolhouse.fi\/sv\/wp-json\/wp\/v2\/product_tag?post=28499"}],"curies":[{"name":"wp","href":"https:\/\/api.w.org\/{rel}","templated":true}]}}