{"id":28507,"date":"2025-09-23T15:51:20","date_gmt":"2025-09-23T12:51:20","guid":{"rendered":"https:\/\/toolhouse.fi\/?post_type=product&#038;p=28507"},"modified":"2025-09-24T14:28:49","modified_gmt":"2025-09-24T11:28:49","slug":"oljetrycksmatare-0-35-bar","status":"publish","type":"product","link":"https:\/\/toolhouse.fi\/sv\/produkt\/oljetrycksmatare-0-35-bar\/","title":{"rendered":"Oljetrycksm\u00e4tare 0-35 bar"},"content":{"rendered":"","protected":false},"excerpt":{"rendered":"<p>Oljetrycksm\u00e4tare f\u00f6r personbil, lastbil mm.<\/p>\n<p><strong>Inneh\u00e5ll i kitet:<\/strong><\/p>\n<ul>\n<li>Manometer med m\u00e4tomr\u00e5del 0\u201335 bar \/ 0\u2013500 psi<\/li>\n<li>Flexibel slang 600 mm<\/li>\n<li>12 st m\u00e4tadaptrar<\/li>\n<li>M\u00e4tarens diameter: 80 mm<\/li>\n<\/ul>\n<p><strong>Adaptrar:<\/strong><\/p>\n<ul>\n<li>1\/4&#8243;-18 NPT x 1\/8&#8243;-27 NPT<\/li>\n<li>1\/8&#8243;-27 NPT x 1\/8&#8243;-27 NPT 90\u00b0 (2x)<\/li>\n<li>1\/8&#8243;-28 BSPT x 1\/8&#8243;-27 NPT<\/li>\n<li>1\/16&#8243;-27 NPT x 1\/8&#8243;-18 NPT<\/li>\n<li>M8x1.0 x 1\/8&#8243;-18 NPT<\/li>\n<li>M10x1.0 x 1\/8&#8243;-18 NPT<\/li>\n<li>1\/4&#8243;-18 NPT x 1\/8&#8243;-27 NPT<\/li>\n<li>1\/8&#8243;-27 NPT x 1\/8&#8243;-27 NPT<\/li>\n<li>1\/8&#8243;-27 NPT x 1\/8&#8243;-27 NPT<\/li>\n<li>3\/8&#8243;-18 NPT x 1\/8&#8243;-27 NPT<\/li>\n<\/ul>\n<p>Tillverkare: Geko<\/p>\n","protected":false},"featured_media":28514,"template":"","meta":{"_acf_changed":false,"_seopress_robots_primary_cat":"none","_seopress_titles_title":"","_seopress_titles_desc":"","_seopress_robots_index":""},"product_cat":[338,582,21],"product_tag":[],"class_list":{"0":"post-28507","1":"product","2":"type-product","3":"status-publish","4":"has-post-thumbnail","6":"product_cat-fordonsverktyg","7":"product_cat-motorverktyg","8":"product_cat-verkstadsutrustning","10":"first","11":"instock","12":"taxable","13":"shipping-taxable","14":"purchasable","15":"product-type-simple","swatches":"rey-swatches","show_selected":""},"acf":[],"_links":{"self":[{"href":"https:\/\/toolhouse.fi\/sv\/wp-json\/wp\/v2\/product\/28507","targetHints":{"allow":["GET"]}}],"collection":[{"href":"https:\/\/toolhouse.fi\/sv\/wp-json\/wp\/v2\/product"}],"about":[{"href":"https:\/\/toolhouse.fi\/sv\/wp-json\/wp\/v2\/types\/product"}],"version-history":[{"count":0,"href":"https:\/\/toolhouse.fi\/sv\/wp-json\/wp\/v2\/product\/28507\/revisions"}],"wp:featuredmedia":[{"embeddable":true,"href":"https:\/\/toolhouse.fi\/sv\/wp-json\/wp\/v2\/media\/28514"}],"wp:attachment":[{"href":"https:\/\/toolhouse.fi\/sv\/wp-json\/wp\/v2\/media?parent=28507"}],"wp:term":[{"taxonomy":"product_cat","embeddable":true,"href":"https:\/\/toolhouse.fi\/sv\/wp-json\/wp\/v2\/product_cat?post=28507"},{"taxonomy":"product_tag","embeddable":true,"href":"https:\/\/toolhouse.fi\/sv\/wp-json\/wp\/v2\/product_tag?post=28507"}],"curies":[{"name":"wp","href":"https:\/\/api.w.org\/{rel}","templated":true}]}}