{"id":28548,"date":"2025-09-16T15:49:06","date_gmt":"2025-09-16T12:49:06","guid":{"rendered":"https:\/\/toolhouse.fi\/?post_type=product&#038;p=28548"},"modified":"2026-04-17T14:08:44","modified_gmt":"2026-04-17T11:08:44","slug":"manuell-oljesug-9l","status":"publish","type":"product","link":"https:\/\/toolhouse.fi\/sv\/produkt\/manuell-oljesug-9l\/","title":{"rendered":"Manuell oljesug 9L"},"content":{"rendered":"","protected":false},"excerpt":{"rendered":"<p data-start=\"73\" data-end=\"136\"><strong data-start=\"73\" data-end=\"134\">Manuell oljesug 9L \u2013 f\u00f6r b\u00e5de bilar och b\u00e5tar<\/strong><\/p>\n<p data-start=\"73\" data-end=\"136\"><strong><span style=\"color: #484f56; font-size: 1.125rem;\">4 st olika sugsonder Ing\u00e5r.<\/span><\/strong><\/p>\n<article class=\"text-token-text-primary w-full focus:outline-none scroll-mt-[calc(var(--header-height)+min(200px,max(70px,20svh)))]\" dir=\"auto\" tabindex=\"-1\" data-turn-id=\"request-68a6f29c-0708-8321-b1a5-23d16144c2bd-31\" data-testid=\"conversation-turn-330\" data-scroll-anchor=\"true\" data-turn=\"assistant\">\n<div class=\"text-base my-auto mx-auto pb-10 [--thread-content-margin:--spacing(4)] thread-sm:[--thread-content-margin:--spacing(6)] thread-lg:[--thread-content-margin:--spacing(16)] px-(--thread-content-margin)\">\n<div class=\"[--thread-content-max-width:40rem] thread-sm:[--thread-content-max-width:40rem] thread-lg:[--thread-content-max-width:48rem] mx-auto max-w-(--thread-content-max-width) flex-1 group\/turn-messages focus-visible:outline-hidden relative flex w-full min-w-0 flex-col agent-turn\" tabindex=\"-1\">\n<div class=\"flex min-h-[46px] justify-start\"><\/div>\n<div class=\"mt-3 w-full empty:hidden\">\n<div class=\"text-center\"><span style=\"color: #484f56; font-size: 1.125rem;\">Effektiv oljesug f\u00f6r snabb uppsugning av motorolja och andra, icke-aggressiva v\u00e4tskor. Perfekt f\u00f6r te.x. bil och b\u00e5tmotorer.<\/span><\/div>\n<\/div>\n<\/div>\n<\/div>\n<\/article>\n<p data-start=\"344\" data-end=\"368\"><strong data-start=\"344\" data-end=\"366\">Produktegenskaper:<\/strong><\/p>\n<ul>\n<li data-start=\"371\" data-end=\"401\"><strong data-start=\"371\" data-end=\"385\">Kapacitet:<\/strong> 9 liters tank<\/li>\n<li data-start=\"404\" data-end=\"458\"><strong data-start=\"404\" data-end=\"425\">S\u00e4ker anv\u00e4ndning:<\/strong> Utrustad med \u00f6verfyllnadsskydd<\/li>\n<li data-start=\"461\" data-end=\"538\"><strong data-start=\"461\" data-end=\"493\">Flexibelt anv\u00e4ndningsomr\u00e5de:<\/strong> Levereras med 4 sugsonder<\/li>\n<li data-start=\"541\" data-end=\"618\"><strong data-start=\"541\" data-end=\"561\">Praktisk design:<\/strong> L\u00e4tt och portabel, enkel att anv\u00e4nda i tr\u00e5nga utrymmen<\/li>\n<\/ul>\n<p data-start=\"620\" data-end=\"651\"><strong data-start=\"620\" data-end=\"649\">Tekniska specifikationer:<\/strong><\/p>\n<ul>\n<li data-start=\"654\" data-end=\"674\">Tankvolym: 9 liter<\/li>\n<li data-start=\"677\" data-end=\"690\">H\u00f6jd: 62 cm<\/li>\n<li data-start=\"728\" data-end=\"742\">Plastsonder:\n<ul data-start=\"745\" data-end=\"817\">\n<li data-start=\"745\" data-end=\"767\">\n<p data-start=\"747\" data-end=\"767\">\u00d84 mm, l\u00e4ngd 90 cm<\/p>\n<\/li>\n<li data-start=\"770\" data-end=\"792\">\n<p data-start=\"772\" data-end=\"792\">\u00d86 mm, l\u00e4ngd 90 cm<\/p>\n<\/li>\n<li data-start=\"795\" data-end=\"817\">\n<p data-start=\"797\" data-end=\"817\">\u00d810 mm, l\u00e4ngd 90 cm (huvusond)<\/p>\n<\/li>\n<\/ul>\n<\/li>\n<li data-start=\"818\" data-end=\"852\">\n<p data-start=\"820\" data-end=\"852\">Kopparsond: \u00d84 mm, l\u00e4ngd 60 cm<\/p>\n<\/li>\n<li data-start=\"818\" data-end=\"852\">(huvudsonden g\u00e5r att koppla ihop med de \u00f6vriga, totall\u00e4ngd 150 &#8211; 180cm)<\/li>\n<\/ul>\n<p>Tillverkare: Geko<\/p>\n","protected":false},"featured_media":28560,"template":"","meta":{"_acf_changed":false,"_seopress_robots_primary_cat":"none","_seopress_titles_title":"","_seopress_titles_desc":"","_seopress_robots_index":""},"product_cat":[338,340,21],"product_tag":[],"class_list":{"0":"post-28548","1":"product","2":"type-product","3":"status-publish","4":"has-post-thumbnail","6":"product_cat-fordonsverktyg","7":"product_cat-oljeverktyg","8":"product_cat-verkstadsutrustning","10":"first","11":"instock","12":"sale","13":"taxable","14":"shipping-taxable","15":"purchasable","16":"product-type-simple","swatches":"rey-swatches","show_selected":""},"acf":[],"_links":{"self":[{"href":"https:\/\/toolhouse.fi\/sv\/wp-json\/wp\/v2\/product\/28548","targetHints":{"allow":["GET"]}}],"collection":[{"href":"https:\/\/toolhouse.fi\/sv\/wp-json\/wp\/v2\/product"}],"about":[{"href":"https:\/\/toolhouse.fi\/sv\/wp-json\/wp\/v2\/types\/product"}],"version-history":[{"count":0,"href":"https:\/\/toolhouse.fi\/sv\/wp-json\/wp\/v2\/product\/28548\/revisions"}],"wp:featuredmedia":[{"embeddable":true,"href":"https:\/\/toolhouse.fi\/sv\/wp-json\/wp\/v2\/media\/28560"}],"wp:attachment":[{"href":"https:\/\/toolhouse.fi\/sv\/wp-json\/wp\/v2\/media?parent=28548"}],"wp:term":[{"taxonomy":"product_cat","embeddable":true,"href":"https:\/\/toolhouse.fi\/sv\/wp-json\/wp\/v2\/product_cat?post=28548"},{"taxonomy":"product_tag","embeddable":true,"href":"https:\/\/toolhouse.fi\/sv\/wp-json\/wp\/v2\/product_tag?post=28548"}],"curies":[{"name":"wp","href":"https:\/\/api.w.org\/{rel}","templated":true}]}}