{"id":28567,"date":"2025-09-16T16:49:28","date_gmt":"2025-09-16T13:49:28","guid":{"rendered":"https:\/\/toolhouse.fi\/?post_type=product&#038;p=28567"},"modified":"2026-03-03T15:09:18","modified_gmt":"2026-03-03T13:09:18","slug":"luftdomkraft-kort-3500kg","status":"publish","type":"product","link":"https:\/\/toolhouse.fi\/sv\/produkt\/luftdomkraft-kort-3500kg\/","title":{"rendered":"Luftdomkraft kort 3500kg"},"content":{"rendered":"<table width=\"641\">\n<tbody>\n<tr>\n<td width=\"317\"><strong>Tillverkare:<\/strong><\/td>\n<td width=\"325\">Geko<\/td>\n<\/tr>\n<tr>\n<td width=\"317\"><strong>Lyfth\u00f6jd:<\/strong><\/td>\n<td width=\"325\">400mm<\/td>\n<\/tr>\n<tr>\n<td width=\"317\"><strong>L\u00e4gsta h\u00f6jd:<\/strong><\/td>\n<td width=\"325\">132mm<\/td>\n<\/tr>\n<tr>\n<td width=\"317\"><strong>Lyftkapacitet:<\/strong><\/td>\n<td width=\"325\">3500kg<\/td>\n<\/tr>\n<tr>\n<td width=\"317\"><strong>Luftb\u00e4lg diameter:<\/strong><\/td>\n<td width=\"325\">270mm<\/td>\n<\/tr>\n<tr>\n<td width=\"317\"><strong>Arbetstryck:<\/strong><\/td>\n<td width=\"325\">7-10 bar<\/td>\n<\/tr>\n<tr>\n<td width=\"317\"><strong>\u00d6vertrycksventil:<\/strong><\/td>\n<td width=\"325\">Ja<\/td>\n<\/tr>\n<tr>\n<td width=\"317\"><strong>L\u00e4ngd:<\/strong><\/td>\n<td width=\"325\">695 mm<\/td>\n<\/tr>\n<tr>\n<td width=\"317\"><b>Vikt:<\/b><\/td>\n<td width=\"325\">16kg<\/td>\n<\/tr>\n<tr>\n<td width=\"317\"><b>Ce-godk\u00e4nd:<\/b><\/td>\n<td width=\"325\">Ja<\/td>\n<\/tr>\n<tr>\n<td width=\"317\"><strong>Garanti:<\/strong><\/td>\n<td width=\"325\">12 m\u00e5nader<\/td>\n<\/tr>\n<tr>\n<td width=\"317\"><\/td>\n<\/tr>\n<\/tbody>\n<\/table>\n","protected":false},"excerpt":{"rendered":"<p data-start=\"0\" data-end=\"66\"><strong data-start=\"0\" data-end=\"64\">Geko Luftdomkraft 3,5T \u2013 kort och smidig modell<\/strong><\/p>\n<p data-start=\"68\" data-end=\"191\">Geko 3,5T luftdomkraft \u00e4r en kraftfull och smidig b\u00e4lgdomkraft som lyfter fordon snabbt och s\u00e4kert mellan 132\u2013400 mm.<\/p>\n<p>&nbsp;<\/p>\n<ul data-start=\"193\" data-end=\"690\">\n<li data-start=\"290\" data-end=\"421\">Stabil konstruktion med teleskopk\u00e4rna i st\u00e5l och stor bottenplatta g\u00f6r att domkraften st\u00e5r stadigt, b\u00e5de inom- och utomhus.<\/li>\n<li data-start=\"422\" data-end=\"550\">Smidig modell med kort handtag<\/li>\n<li data-start=\"422\" data-end=\"550\">L\u00e4t att flytta med nylonhjul.<\/li>\n<li data-start=\"633\" data-end=\"690\">Platsbesparande f\u00f6rvaring \u2013 kan f\u00f6rvaras st\u00e5ende.<\/li>\n<\/ul>\n<p data-start=\"692\" data-end=\"772\" data-is-last-node=\"\" data-is-only-node=\"\">\n","protected":false},"featured_media":28586,"template":"","meta":{"_acf_changed":false,"_seopress_robots_primary_cat":"none","_seopress_titles_title":"","_seopress_titles_desc":"","_seopress_robots_index":""},"product_cat":[283,20],"product_tag":[],"class_list":{"0":"post-28567","1":"product","2":"type-product","3":"status-publish","4":"has-post-thumbnail","6":"product_cat-domkraft-pallbock","7":"product_cat-lyftteknik","9":"first","10":"instock","11":"sale","12":"taxable","13":"shipping-taxable","14":"purchasable","15":"product-type-simple","swatches":"rey-swatches","show_selected":""},"acf":[],"_links":{"self":[{"href":"https:\/\/toolhouse.fi\/sv\/wp-json\/wp\/v2\/product\/28567","targetHints":{"allow":["GET"]}}],"collection":[{"href":"https:\/\/toolhouse.fi\/sv\/wp-json\/wp\/v2\/product"}],"about":[{"href":"https:\/\/toolhouse.fi\/sv\/wp-json\/wp\/v2\/types\/product"}],"version-history":[{"count":0,"href":"https:\/\/toolhouse.fi\/sv\/wp-json\/wp\/v2\/product\/28567\/revisions"}],"wp:featuredmedia":[{"embeddable":true,"href":"https:\/\/toolhouse.fi\/sv\/wp-json\/wp\/v2\/media\/28586"}],"wp:attachment":[{"href":"https:\/\/toolhouse.fi\/sv\/wp-json\/wp\/v2\/media?parent=28567"}],"wp:term":[{"taxonomy":"product_cat","embeddable":true,"href":"https:\/\/toolhouse.fi\/sv\/wp-json\/wp\/v2\/product_cat?post=28567"},{"taxonomy":"product_tag","embeddable":true,"href":"https:\/\/toolhouse.fi\/sv\/wp-json\/wp\/v2\/product_tag?post=28567"}],"curies":[{"name":"wp","href":"https:\/\/api.w.org\/{rel}","templated":true}]}}