{"id":28598,"date":"2025-09-17T11:39:13","date_gmt":"2025-09-17T08:39:13","guid":{"rendered":"https:\/\/toolhouse.fi\/?post_type=product&#038;p=28598"},"modified":"2025-11-14T14:42:41","modified_gmt":"2025-11-14T12:42:41","slug":"glidhammarset-for-nav-och-lager","status":"publish","type":"product","link":"https:\/\/toolhouse.fi\/sv\/produkt\/glidhammarset-for-nav-och-lager\/","title":{"rendered":"Glidhammarset f\u00f6r nav och lager"},"content":{"rendered":"<div class=\"page__grid--nospacing page__grid__product\">\n<div class=\"block__grid block__grid--product\">\n<div class=\"block\">\n<div class=\"block--inner block--no-margin\">\n<div class=\"accordion accordion--product\">\n<div class=\"accordion__item\">\n<div id=\"section_1\" class=\"accordion__item__content\" role=\"region\" aria-labelledby=\"sectionbutton_1\">\n<div class=\"rah-static rah-static--height-auto \" aria-hidden=\"false\">\n<div class=\"accordion__item__content__inner\" data-accordion-component=\"product_0\">\n<div id=\"productDescription\">\n<div class=\"margin__bottom--2\">\n<p>&nbsp;<\/p>\n<\/div>\n<p data-start=\"0\" data-end=\"113\">Avdragarsats \u2013 f\u00f6r nav, kugghjul, remskivor och lager (inre och yttre).<br data-start=\"60\" data-end=\"63\" \/>Hela satsen \u00e4r tillverkad i h\u00f6gkvalitativt st\u00e5l.<\/p>\n<p data-start=\"170\" data-end=\"225\">Mycket effektiv med slaghammare p\u00e5 2,2 kg monterad p\u00e5 en 58 cm l\u00e5ng st\u00e5ng.<\/p>\n<p data-start=\"227\" data-end=\"247\"><strong data-start=\"227\" data-end=\"245\">Tekniska data:<\/strong><\/p>\n<ul>\n<li data-start=\"250\" data-end=\"281\">Material: h\u00f6gkvalitativt st\u00e5l<\/li>\n<li data-start=\"313\" data-end=\"330\">Hammare: 2,2 kg<\/li>\n<li data-start=\"333\" data-end=\"351\">Slagst\u00e5ng: 58 cm<\/li>\n<\/ul>\n<p data-start=\"353\" data-end=\"368\"><strong data-start=\"353\" data-end=\"366\">Inneh\u00e5ll:<\/strong><\/p>\n<ul>\n<li data-start=\"371\" data-end=\"394\">St\u00e5ng med slaghammare<\/li>\n<li data-start=\"397\" data-end=\"419\">Axelavdragare \u2013 2 st<\/li>\n<li data-start=\"422\" data-end=\"431\">Adapter<\/li>\n<li data-start=\"434\" data-end=\"449\">Avdragararmar<\/li>\n<li data-start=\"452\" data-end=\"475\">Kopplingshuvud, 3-arm<\/li>\n<li data-start=\"478\" data-end=\"501\">Kopplingshuvud, 2-arm<\/li>\n<li data-start=\"504\" data-end=\"510\">Krok<\/li>\n<li data-start=\"513\" data-end=\"520\">Krage<\/li>\n<li data-start=\"523\" data-end=\"530\">Skruv<\/li>\n<li data-start=\"533\" data-end=\"549\">Skruvar \u2013 3 st<\/li>\n<\/ul>\n<p>Tillverkare: Geko<\/p>\n<\/div>\n<\/div>\n<\/div>\n<\/div>\n<\/div>\n<\/div>\n<\/div>\n<\/div>\n<\/div>\n<\/div>\n","protected":false},"excerpt":{"rendered":"<p>&nbsp; Avdragarsats \u2013 f\u00f6r nav, kugghjul, remskivor och lager (inre och yttre).Hela satsen \u00e4r tillverkad i h\u00f6gkvalitativt st\u00e5l. Mycket effektiv med slaghammare p\u00e5 2,2 kg monterad p\u00e5 en 58 cm l\u00e5ng st\u00e5ng. Tekniska data: Material: h\u00f6gkvalitativt st\u00e5l Hammare: 2,2 kg Slagst\u00e5ng: 58 cm Inneh\u00e5ll: St\u00e5ng med slaghammare Axelavdragare \u2013 2 st Adapter Avdragararmar Kopplingshuvud, 3-arm [&hellip;]<\/p>\n","protected":false},"featured_media":28608,"template":"","meta":{"_acf_changed":false,"_seopress_robots_primary_cat":"none","_seopress_titles_title":"","_seopress_titles_desc":"","_seopress_robots_index":""},"product_cat":[588,585,21],"product_tag":[],"class_list":{"0":"post-28598","1":"product","2":"type-product","3":"status-publish","4":"has-post-thumbnail","6":"product_cat-avdragare","7":"product_cat-verktyg-for-underrede-och-transmission","8":"product_cat-verkstadsutrustning","10":"first","11":"instock","12":"taxable","13":"shipping-taxable","14":"purchasable","15":"product-type-simple","swatches":"rey-swatches","show_selected":""},"acf":[],"_links":{"self":[{"href":"https:\/\/toolhouse.fi\/sv\/wp-json\/wp\/v2\/product\/28598","targetHints":{"allow":["GET"]}}],"collection":[{"href":"https:\/\/toolhouse.fi\/sv\/wp-json\/wp\/v2\/product"}],"about":[{"href":"https:\/\/toolhouse.fi\/sv\/wp-json\/wp\/v2\/types\/product"}],"version-history":[{"count":0,"href":"https:\/\/toolhouse.fi\/sv\/wp-json\/wp\/v2\/product\/28598\/revisions"}],"wp:featuredmedia":[{"embeddable":true,"href":"https:\/\/toolhouse.fi\/sv\/wp-json\/wp\/v2\/media\/28608"}],"wp:attachment":[{"href":"https:\/\/toolhouse.fi\/sv\/wp-json\/wp\/v2\/media?parent=28598"}],"wp:term":[{"taxonomy":"product_cat","embeddable":true,"href":"https:\/\/toolhouse.fi\/sv\/wp-json\/wp\/v2\/product_cat?post=28598"},{"taxonomy":"product_tag","embeddable":true,"href":"https:\/\/toolhouse.fi\/sv\/wp-json\/wp\/v2\/product_tag?post=28598"}],"curies":[{"name":"wp","href":"https:\/\/api.w.org\/{rel}","templated":true}]}}