{"id":28794,"date":"2025-09-24T16:08:07","date_gmt":"2025-09-24T13:08:07","guid":{"rendered":"https:\/\/toolhouse.fi\/?post_type=product&#038;p=28794"},"modified":"2026-01-22T18:34:55","modified_gmt":"2026-01-22T16:34:55","slug":"oljeuppsamlare-70l","status":"publish","type":"product","link":"https:\/\/toolhouse.fi\/sv\/produkt\/oljeuppsamlare-70l\/","title":{"rendered":"Oljeuppsamlare 70L"},"content":{"rendered":"<table class=\"n54117_dictionary\">\n<tbody>\n<tr>\n<td class=\"n54117_item_a1\">Temperaturomr\u00e5de p\u00e5 olja<span class=\"n67256colon\">:<\/span><\/td>\n<td class=\"n54117_item_b1\">\n<div class=\"n54117_item_b_sub\">40-80 \u00b0 C<\/div>\n<\/td>\n<\/tr>\n<tr>\n<td class=\"n54117_item_a2\"><\/td>\n<td class=\"n54117_item_b2\"><\/td>\n<\/tr>\n<tr>\n<td class=\"n54117_item_a1\">Luftanslutning<span class=\"n67256colon\">:<\/span><\/td>\n<td class=\"n54117_item_b1\">\n<div class=\"n54117_item_b_sub\">1\/4 \u201c<\/div>\n<\/td>\n<\/tr>\n<tr>\n<td class=\"n54117_item_a2\">Uppsamlingsk\u00e4rl diameter<span class=\"n67256colon\">:<\/span><\/td>\n<td class=\"n54117_item_b2\">\n<div class=\"n54117_item_b_sub\">38 cm<\/div>\n<\/td>\n<\/tr>\n<tr>\n<td class=\"n54117_item_a1\">Tankrymd<span class=\"n67256colon\">:<\/span><\/td>\n<td class=\"n54117_item_b1\">\n<div class=\"n54117_item_b_sub\">70 l<\/div>\n<\/td>\n<\/tr>\n<tr>\n<td class=\"n54117_item_a2\">Uppsamlingsk\u00e4rl storlek<span class=\"n67256colon\">:<\/span><\/td>\n<td class=\"n54117_item_b2\">\n<div class=\"n54117_item_b_sub\">ca. 14 l<\/div>\n<\/td>\n<\/tr>\n<tr>\n<td class=\"n54117_item_a1\"><\/td>\n<td class=\"n54117_item_b1\">\n<div class=\"n54117_item_b_sub\"><\/div>\n<\/td>\n<\/tr>\n<tr>\n<td class=\"n54117_item_a2\">Lufttryck<span class=\"n67256colon\">:<\/span><\/td>\n<td class=\"n54117_item_b2\">\n<div class=\"n54117_item_b_sub\">6 \u2013 8 Bar<\/div>\n<\/td>\n<\/tr>\n<tr>\n<td class=\"n54117_item_a1\"><\/td>\n<td class=\"n54117_item_b1\"><\/td>\n<\/tr>\n<tr>\n<td class=\"n54117_item_a2\"><\/td>\n<td class=\"n54117_item_b2\">\n<div class=\"n54117_item_b_sub\"><\/div>\n<\/td>\n<\/tr>\n<tr>\n<td class=\"n54117_item_a1\">H\u00f6jd<span class=\"n67256colon\">:<\/span><\/td>\n<td class=\"n54117_item_b1\">\n<div class=\"n54117_item_b_sub\">98 &#8211; 152 cm<\/div>\n<\/td>\n<\/tr>\n<tr>\n<td class=\"n54117_item_a2\">Garanti<span class=\"n67256colon\">:<\/span><\/td>\n<td class=\"n54117_item_b2\">\n<div class=\"n54117_item_b_sub\">1 \u00e5r<\/div>\n<\/td>\n<\/tr>\n<tr>\n<td class=\"n54117_item_a1\">CE-godk\u00e4nd:<\/td>\n<td class=\"n54117_item_b1\">\n<div class=\"n54117_item_b_sub\">ja<\/div>\n<\/td>\n<\/tr>\n<tr>\n<td class=\"n54117_item_a2\">Vikt<span class=\"n67256colon\">:<\/span><\/td>\n<td class=\"n54117_item_b2\">\n<div class=\"n54117_item_b_sub\">19 kg<\/div>\n<\/td>\n<\/tr>\n<\/tbody>\n<\/table>\n","protected":false},"excerpt":{"rendered":"<p>&nbsp;<\/p>\n<p>Geko oljuppsamlare g\u00f6r oljebyten i motorer, v\u00e4xell\u00e5dor m.m. b\u00e5de enkla och tidseffektiva. M\u00e5ngsidig anv\u00e4ndning med justerbar h\u00f6jd, l\u00e4gsta h\u00f6jd endast 98 cm.<\/p>\n<ul>\n<li><strong>Stor uppsamlartank<\/strong>: Tanken rymmer 70 liter, vilket m\u00f6jligg\u00f6r m\u00e5nga oljebyten utan att beh\u00f6va t\u00f6mmas. T\u00f6mningen sker snabbt och smidigt med hj\u00e4lp av tryckluft.<\/li>\n<li><strong>Flexibel <\/strong>med justerbar h\u00f6jd mellan 98 och 152 cm kan oljeuppsamlaren anpassas efter olika fordonstyper.<\/li>\n<li><strong>Manuell avtappning<\/strong>: En stor tratt med en diameter p\u00e5 38 cm, utrustad med sil, s\u00e4kerst\u00e4ller enkel och s\u00e4ker avtappning fr\u00e5n oljepluggen.<\/li>\n<\/ul>\n<p>&nbsp;<\/p>\n<ul>\n<li><strong>Tankstorlek<\/strong>: 70 liter<\/li>\n<li><strong>Trattkapacitet<\/strong>: 16 liter<\/li>\n<li><strong>Justerbar h\u00f6jd<\/strong>: 110\u2013140 cm<\/li>\n<\/ul>\n","protected":false},"featured_media":28816,"template":"","meta":{"_acf_changed":false,"_seopress_robots_primary_cat":"none","_seopress_titles_title":"","_seopress_titles_desc":"","_seopress_robots_index":""},"product_cat":[338,340,21],"product_tag":[],"class_list":{"0":"post-28794","1":"product","2":"type-product","3":"status-publish","4":"has-post-thumbnail","6":"product_cat-fordonsverktyg","7":"product_cat-oljeverktyg","8":"product_cat-verkstadsutrustning","10":"first","11":"outofstock","12":"taxable","13":"shipping-taxable","14":"purchasable","15":"product-type-simple","swatches":"rey-swatches","show_selected":""},"acf":[],"_links":{"self":[{"href":"https:\/\/toolhouse.fi\/sv\/wp-json\/wp\/v2\/product\/28794","targetHints":{"allow":["GET"]}}],"collection":[{"href":"https:\/\/toolhouse.fi\/sv\/wp-json\/wp\/v2\/product"}],"about":[{"href":"https:\/\/toolhouse.fi\/sv\/wp-json\/wp\/v2\/types\/product"}],"version-history":[{"count":0,"href":"https:\/\/toolhouse.fi\/sv\/wp-json\/wp\/v2\/product\/28794\/revisions"}],"wp:featuredmedia":[{"embeddable":true,"href":"https:\/\/toolhouse.fi\/sv\/wp-json\/wp\/v2\/media\/28816"}],"wp:attachment":[{"href":"https:\/\/toolhouse.fi\/sv\/wp-json\/wp\/v2\/media?parent=28794"}],"wp:term":[{"taxonomy":"product_cat","embeddable":true,"href":"https:\/\/toolhouse.fi\/sv\/wp-json\/wp\/v2\/product_cat?post=28794"},{"taxonomy":"product_tag","embeddable":true,"href":"https:\/\/toolhouse.fi\/sv\/wp-json\/wp\/v2\/product_tag?post=28794"}],"curies":[{"name":"wp","href":"https:\/\/api.w.org\/{rel}","templated":true}]}}