{"id":28927,"date":"2025-10-02T15:19:14","date_gmt":"2025-10-02T12:19:14","guid":{"rendered":"https:\/\/toolhouse.fi\/?post_type=product&#038;p=28927"},"modified":"2026-03-03T14:56:34","modified_gmt":"2026-03-03T12:56:34","slug":"injektortestare-diesel","status":"publish","type":"product","link":"https:\/\/toolhouse.fi\/sv\/produkt\/injektortestare-diesel\/","title":{"rendered":"Injektortestare diesel"},"content":{"rendered":"<p data-start=\"70\" data-end=\"221\"><strong data-start=\"70\" data-end=\"102\">Geko injektortestare 600 bar<\/strong> \u00e4r ett professionellt verktyg f\u00f6r att testa och justera \u00f6ppningstryck, sprutbild och t\u00e4thet.<\/p>\n<p data-start=\"223\" data-end=\"403\">De medf\u00f6ljande adaptrarna g\u00f6r att testaren passar de flesta spridare f\u00f6r bilar, lastbilar och traktorer. En stor och l\u00e4ttavl\u00e4st manometer (100 mm) underl\u00e4ttar noggrann avl\u00e4sning.<\/p>\n<p data-start=\"405\" data-end=\"425\"><strong data-start=\"405\" data-end=\"423\">Tekniska data:<\/strong><\/p>\n<ul>\n<li data-start=\"428\" data-end=\"474\">M\u00e4tomr\u00e5de: 0\u2013600 bar (0\u201360 MPa) \/ 0\u20138000 PSI<\/li>\n<li data-start=\"477\" data-end=\"515\">Spridaradaptrar: M12x1,5 och M14x1,5<\/li>\n<li data-start=\"518\" data-end=\"538\">Manometer: \u00d8100 mm<\/li>\n<li data-start=\"541\" data-end=\"576\">F\u00e4sth\u00e5l f\u00f6r bordsmontering: \u00d88 mm<\/li>\n<li data-start=\"579\" data-end=\"615\">Dieselbeh\u00e5llare med inbyggt filter<\/li>\n<li data-start=\"618\" data-end=\"641\">Vikt: 5,5 kg<\/li>\n<li data-start=\"618\" data-end=\"641\">H\u00f6jd: 370 mm<\/li>\n<li data-start=\"618\" data-end=\"641\">Tillverkare: Geko<\/li>\n<\/ul>\n<p>&nbsp;<\/p>\n<article class=\"text-token-text-primary w-full focus:outline-none scroll-mt-[calc(var(--header-height)+min(200px,max(70px,20svh)))]\" dir=\"auto\" tabindex=\"-1\" data-turn-id=\"request-68a6f29c-0708-8321-b1a5-23d16144c2bd-18\" data-testid=\"conversation-turn-540\" data-scroll-anchor=\"true\" data-turn=\"assistant\">\n<div class=\"text-base my-auto mx-auto pb-10 [--thread-content-margin:--spacing(4)] thread-sm:[--thread-content-margin:--spacing(6)] thread-lg:[--thread-content-margin:--spacing(16)] px-(--thread-content-margin)\">\n<div class=\"[--thread-content-max-width:40rem] thread-lg:[--thread-content-max-width:48rem] mx-auto max-w-(--thread-content-max-width) flex-1 group\/turn-messages focus-visible:outline-hidden relative flex w-full min-w-0 flex-col agent-turn\" tabindex=\"-1\">\n<div class=\"flex max-w-full flex-col grow\">\n<div class=\"min-h-8 text-message relative flex w-full flex-col items-end gap-2 text-start break-words whitespace-normal [.text-message+&amp;]:mt-5\" dir=\"auto\" data-message-author-role=\"assistant\" data-message-id=\"c7978b89-e10b-452d-b135-fbe2e1340769\" data-message-model-slug=\"gpt-5-mini\">\n<div class=\"flex w-full flex-col gap-1 empty:hidden first:pt-[3px]\">\n<div class=\"markdown prose dark:prose-invert w-full break-words light markdown-new-styling\">\n<p data-start=\"69\" data-end=\"98\"><strong data-start=\"69\" data-end=\"96\">S\u00e5 h\u00e4r anv\u00e4nds testaren<\/strong><\/p>\n<ol>\n<li data-start=\"103\" data-end=\"148\">Fyll f\u00f6rst beh\u00e5llaren med 0,2 L dieselolja.<\/li>\n<li data-start=\"152\" data-end=\"196\">Tryck p\u00e5 spaken f\u00f6r att avlufta testaren.<\/li>\n<li data-start=\"200\" data-end=\"285\">F\u00e4st h\u00f6gtrycksdieselr\u00f6ret n\u00e4r dieseloljan rinner j\u00e4mnt och all luft \u00e4r borttagen.<\/li>\n<li data-start=\"289\" data-end=\"345\">Tryck p\u00e5 spaken igen f\u00f6r att avlufta h\u00f6gtrycksr\u00f6ret.<\/li>\n<li data-start=\"349\" data-end=\"409\">F\u00e4st injektorn p\u00e5 r\u00f6ret och p\u00e5b\u00f6rja testet.<\/li>\n<\/ol>\n<\/div>\n<\/div>\n<\/div>\n<\/div>\n<div class=\"z-0 flex min-h-[46px] justify-start\"><\/div>\n<div class=\"mt-3 w-full empty:hidden\">\n<div class=\"text-center\"><\/div>\n<\/div>\n<\/div>\n<\/div>\n<\/article>\n<div class=\"pointer-events-none h-px w-px\" aria-hidden=\"true\" data-edge=\"true\"><\/div>\n","protected":false},"excerpt":{"rendered":"<p>Geko injektortestare 600 bar \u00e4r ett professionellt verktyg f\u00f6r att testa och justera \u00f6ppningstryck, sprutbild och t\u00e4thet. De medf\u00f6ljande adaptrarna g\u00f6r att testaren passar de flesta spridare f\u00f6r bilar, lastbilar och traktorer. En stor och l\u00e4ttavl\u00e4st manometer (100 mm) underl\u00e4ttar noggrann avl\u00e4sning. Tekniska data: M\u00e4tomr\u00e5de: 0\u2013600 bar (0\u201360 MPa) \/ 0\u20138000 PSI Spridaradaptrar: M12x1,5 och [&hellip;]<\/p>\n","protected":false},"featured_media":28941,"template":"","meta":{"_acf_changed":false,"_seopress_robots_primary_cat":"none","_seopress_titles_title":"","_seopress_titles_desc":"","_seopress_robots_index":""},"product_cat":[338,582,21],"product_tag":[],"class_list":{"0":"post-28927","1":"product","2":"type-product","3":"status-publish","4":"has-post-thumbnail","6":"product_cat-fordonsverktyg","7":"product_cat-motorverktyg","8":"product_cat-verkstadsutrustning","10":"first","11":"instock","12":"taxable","13":"shipping-taxable","14":"purchasable","15":"product-type-simple","swatches":"rey-swatches","show_selected":""},"acf":[],"_links":{"self":[{"href":"https:\/\/toolhouse.fi\/sv\/wp-json\/wp\/v2\/product\/28927","targetHints":{"allow":["GET"]}}],"collection":[{"href":"https:\/\/toolhouse.fi\/sv\/wp-json\/wp\/v2\/product"}],"about":[{"href":"https:\/\/toolhouse.fi\/sv\/wp-json\/wp\/v2\/types\/product"}],"version-history":[{"count":5,"href":"https:\/\/toolhouse.fi\/sv\/wp-json\/wp\/v2\/product\/28927\/revisions"}],"predecessor-version":[{"id":28950,"href":"https:\/\/toolhouse.fi\/sv\/wp-json\/wp\/v2\/product\/28927\/revisions\/28950"}],"wp:featuredmedia":[{"embeddable":true,"href":"https:\/\/toolhouse.fi\/sv\/wp-json\/wp\/v2\/media\/28941"}],"wp:attachment":[{"href":"https:\/\/toolhouse.fi\/sv\/wp-json\/wp\/v2\/media?parent=28927"}],"wp:term":[{"taxonomy":"product_cat","embeddable":true,"href":"https:\/\/toolhouse.fi\/sv\/wp-json\/wp\/v2\/product_cat?post=28927"},{"taxonomy":"product_tag","embeddable":true,"href":"https:\/\/toolhouse.fi\/sv\/wp-json\/wp\/v2\/product_tag?post=28927"}],"curies":[{"name":"wp","href":"https:\/\/api.w.org\/{rel}","templated":true}]}}