{"id":28993,"date":"2025-10-03T15:44:39","date_gmt":"2025-10-03T12:44:39","guid":{"rendered":"https:\/\/toolhouse.fi\/?post_type=product&#038;p=28993"},"modified":"2025-10-09T17:53:12","modified_gmt":"2025-10-09T14:53:12","slug":"tandstiftshylsa-tvardy-1-2-21-mm","status":"publish","type":"product","link":"https:\/\/toolhouse.fi\/sv\/produkt\/tandstiftshylsa-tvardy-1-2-21-mm\/","title":{"rendered":"T\u00e4ndstiftshylsa Tvardy 1\/2&#8243; &#8211; 21 mm"},"content":{"rendered":"","protected":false},"excerpt":{"rendered":"<p>T\u00e4ndstiftshylsa med tunnv\u00e4ggad design, utrustad med inv\u00e4ndig r\u00e4fflad gummiholk som greppar t\u00e4ndstiftet b\u00e5de vid mitten och upptill, vilket underl\u00e4ttar vid montering och demontering av t\u00e4ndstift.<\/p>\n<ul>\n<li>21 mm<\/li>\n<li>1\/2\u00a0 fyrkantsf\u00e4ste,<\/li>\n<li>6-kant<\/li>\n<li>Tillverkad av kromvanadiumst\u00e5l CRV 50BV30<\/li>\n<li>Tillverkare: Tvardy<\/li>\n<\/ul>\n","protected":false},"featured_media":28997,"template":"","meta":{"_acf_changed":false,"_seopress_robots_primary_cat":"none","_seopress_titles_title":"","_seopress_titles_desc":"","_seopress_robots_index":""},"product_cat":[581,21],"product_tag":[],"class_list":{"0":"post-28993","1":"product","2":"type-product","3":"status-publish","4":"has-post-thumbnail","6":"product_cat-hylsverktyg-och-vridverktyg","7":"product_cat-verkstadsutrustning","9":"first","10":"instock","11":"taxable","12":"shipping-taxable","13":"purchasable","14":"product-type-simple","swatches":"rey-swatches","show_selected":""},"acf":[],"_links":{"self":[{"href":"https:\/\/toolhouse.fi\/sv\/wp-json\/wp\/v2\/product\/28993","targetHints":{"allow":["GET"]}}],"collection":[{"href":"https:\/\/toolhouse.fi\/sv\/wp-json\/wp\/v2\/product"}],"about":[{"href":"https:\/\/toolhouse.fi\/sv\/wp-json\/wp\/v2\/types\/product"}],"version-history":[{"count":1,"href":"https:\/\/toolhouse.fi\/sv\/wp-json\/wp\/v2\/product\/28993\/revisions"}],"predecessor-version":[{"id":28995,"href":"https:\/\/toolhouse.fi\/sv\/wp-json\/wp\/v2\/product\/28993\/revisions\/28995"}],"wp:featuredmedia":[{"embeddable":true,"href":"https:\/\/toolhouse.fi\/sv\/wp-json\/wp\/v2\/media\/28997"}],"wp:attachment":[{"href":"https:\/\/toolhouse.fi\/sv\/wp-json\/wp\/v2\/media?parent=28993"}],"wp:term":[{"taxonomy":"product_cat","embeddable":true,"href":"https:\/\/toolhouse.fi\/sv\/wp-json\/wp\/v2\/product_cat?post=28993"},{"taxonomy":"product_tag","embeddable":true,"href":"https:\/\/toolhouse.fi\/sv\/wp-json\/wp\/v2\/product_tag?post=28993"}],"curies":[{"name":"wp","href":"https:\/\/api.w.org\/{rel}","templated":true}]}}